{"id":10777,"date":"2025-05-08T11:45:15","date_gmt":"2025-05-08T11:45:15","guid":{"rendered":"https:\/\/cms-euro.com\/?post_type=product&#038;p=10777"},"modified":"2025-05-08T11:50:11","modified_gmt":"2025-05-08T11:50:11","slug":"stahlworks-eco-6000-a-2024","status":"publish","type":"product","link":"https:\/\/cms-euro.com\/?product=stahlworks-eco-6000-a-2024","title":{"rendered":"Stahlworks Eco 6000 A 2024"},"content":{"rendered":"","protected":false},"excerpt":{"rendered":"<p>Caract\u00e9ristiques G\u00e9n\u00e9rales :<\/p>\n<p>Marque : Stahlworks<br \/>\nMod\u00e8le : Eco 6000 A<br \/>\nAnn\u00e9e de construction : 2024<br \/>\nPoids brut : 2 070 kg<br \/>\nDimensions totales :<br \/>\nLongueur : 5 950 mm<br \/>\nLargeur : 2 300 mm<br \/>\nHauteur : 2 550 mm<br \/>\nNombre de fen\u00eatres : 3 fen\u00eatres escamotables avec stores et moustiquaires<\/p>\n<p>Structure et Isolation :<\/p>\n<p>Parois et toit isol\u00e9s pour une meilleure performance thermique.<br \/>\nCh\u00e2ssis en aluminium avec double vitrage antisolaire.<br \/>\nFermeture par cl\u00e9 et cylindre \u00e0 bouton pour une s\u00e9curit\u00e9 accrue.<br \/>\nMat\u00e9riaux ext\u00e9rieurs :<br \/>\nPanneau composite en aluminium.<br \/>\nT\u00f4le d\u2019aluminium fluorocarbon\u00e9e blanche \u00e0 rev\u00eatement unique.<br \/>\nDouble couche l\u00e9g\u00e8re \u00e0 haute r\u00e9sistance \u00e0 la compression.<br \/>\nMat\u00e9riaux internes :<br \/>\nPlaque \u00e0 n\u0153uds plate en bois-plastique.<br \/>\nT\u00f4le \u00e9cologique de qualit\u00e9 EO.<\/p>\n<p>Dimensions et Transport :<\/p>\n<p>Dimensions de transport : 5 950 x 2 300 x 2 550 mm (L x l x h).<br \/>\n\u00c9quipements de transport :<br \/>\nAnneaux de levage pour un transport ais\u00e9.<br \/>\nDessous du ch\u00e2ssis \u00e9quip\u00e9 de trous pour les \u00e9copes.<br \/>\nPieds r\u00e9glables pour faciliter l\u2019installation.<\/p>\n<p>Am\u00e9nagement Int\u00e9rieur :<\/p>\n<p>Espace Sanitaire :<br \/>\nDouche au sol.<br \/>\nToilettes.<br \/>\nLavabo avec mitigeur, meuble bas et miroir.<br \/>\nVentilateur pour une ventilation efficace.<br \/>\nCoin Nuit :<br \/>\nCoffre de lit avec espace de rangement.<br \/>\nTable de chevet incluse.<br \/>\nArmoire avec espace de rangement suppl\u00e9mentaire.<br \/>\n\u00c9quipements \u00c9lectriques :<br \/>\nPrises 220 volts avec connexion USB.<br \/>\nPlafonniers LED.<br \/>\nInterrupteur de fuite \u00e0 la terre pour plus de s\u00e9curit\u00e9.<\/p>\n<p>Raccordements et Ext\u00e9rieur :<\/p>\n<p>\u00c9quipements ext\u00e9rieurs :<br \/>\nPoint de connexion 220 volts.<br \/>\nPoint de connexion pour eau chaude et froide.<br \/>\nConnexion pour \u00e9vacuation des eaux us\u00e9es.<\/p>\n<p>Utilisation :<\/p>\n<p>Parfait pour une utilisation en tant que petite maison, bureau ou atelier.<br \/>\nInt\u00e9rieur inutilis\u00e9, pr\u00eat \u00e0 \u00eatre am\u00e9nag\u00e9 selon vos besoins.<\/p>\n","protected":false},"featured_media":11148,"comment_status":"closed","ping_status":"closed","template":"","meta":{"inline_featured_image":false},"product_brand":[],"product_cat":[118,122],"product_tag":[],"class_list":{"0":"post-10777","1":"product","2":"type-product","3":"status-publish","4":"has-post-thumbnail","6":"product_cat-conteneur-amenage","7":"product_cat-mobil-homes","9":"first","10":"instock","11":"product-type-simple"},"_links":{"self":[{"href":"https:\/\/cms-euro.com\/index.php?rest_route=\/wp\/v2\/product\/10777","targetHints":{"allow":["GET"]}}],"collection":[{"href":"https:\/\/cms-euro.com\/index.php?rest_route=\/wp\/v2\/product"}],"about":[{"href":"https:\/\/cms-euro.com\/index.php?rest_route=\/wp\/v2\/types\/product"}],"replies":[{"embeddable":true,"href":"https:\/\/cms-euro.com\/index.php?rest_route=%2Fwp%2Fv2%2Fcomments&post=10777"}],"version-history":[{"count":0,"href":"https:\/\/cms-euro.com\/index.php?rest_route=\/wp\/v2\/product\/10777\/revisions"}],"wp:featuredmedia":[{"embeddable":true,"href":"https:\/\/cms-euro.com\/index.php?rest_route=\/wp\/v2\/media\/11148"}],"wp:attachment":[{"href":"https:\/\/cms-euro.com\/index.php?rest_route=%2Fwp%2Fv2%2Fmedia&parent=10777"}],"wp:term":[{"taxonomy":"product_brand","embeddable":true,"href":"https:\/\/cms-euro.com\/index.php?rest_route=%2Fwp%2Fv2%2Fproduct_brand&post=10777"},{"taxonomy":"product_cat","embeddable":true,"href":"https:\/\/cms-euro.com\/index.php?rest_route=%2Fwp%2Fv2%2Fproduct_cat&post=10777"},{"taxonomy":"product_tag","embeddable":true,"href":"https:\/\/cms-euro.com\/index.php?rest_route=%2Fwp%2Fv2%2Fproduct_tag&post=10777"}],"curies":[{"name":"wp","href":"https:\/\/api.w.org\/{rel}","templated":true}]}}