{"id":10778,"date":"2025-05-08T11:45:15","date_gmt":"2025-05-08T11:45:15","guid":{"rendered":"https:\/\/cms-euro.com\/?post_type=product&#038;p=10778"},"modified":"2025-05-20T08:42:30","modified_gmt":"2025-05-20T08:42:30","slug":"20-pied-hc-avec-vitrine","status":"publish","type":"product","link":"https:\/\/cms-euro.com\/?product=20-pied-hc-avec-vitrine","title":{"rendered":"20 Pied HC avec Vitrine"},"content":{"rendered":"<p>Sp\u00e9cifications du Conteneur<\/p>\n<p>Dimensions Ext\u00e9rieures :<br \/>\nLargeur : 2,44 m<br \/>\nLongueur : 6,06 m<br \/>\nHauteur : 2,90 m<br \/>\nSuperficie Int\u00e9rieure : 14,79 m\u00b2<\/p>\n<p>Caract\u00e9ristiques<\/p>\n<p>Vitrine : Le conteneur est \u00e9quip\u00e9 d\u2019une vitrine, offrant une visibilit\u00e9 accrue et une pr\u00e9sentation \u00e9l\u00e9gante, id\u00e9ale pour les applications commerciales ou d\u2019exposition.<br \/>\nStructure Autoportante : Con\u00e7u pour \u00eatre autonome, il repose uniquement sur des blocs porteurs, \u00e9liminant ainsi le besoin de fondations complexes et de permis de construire.<br \/>\nFinition Int\u00e9rieure : Le niveau de finition int\u00e9rieure et le prix sont \u00e0 d\u00e9terminer selon les sp\u00e9cifications du projet, permettant une personnalisation en fonction des besoins du client.<br \/>\nD\u00e9tails Techniques<\/p>\n<p>Conteneur Maritime : Variante HC (High Cube), offrant un espace int\u00e9rieur suppl\u00e9mentaire par rapport aux conteneurs standard pour plus de confort et de fonctionnalit\u00e9.<br \/>\nVersion : Modifi\u00e9e pour inclure une vitrine et r\u00e9pondre aux besoins sp\u00e9cifiques des utilisateurs.<br \/>\nType de Porte : Portes maritimes d\u2019origine, garantissant durabilit\u00e9 et s\u00e9curit\u00e9.<\/p>\n<p>Ce conteneur maritime est id\u00e9al pour ceux qui recherchent une solution flexible et esth\u00e9tique pour des applications commerciales ou r\u00e9cr\u00e9atives. Contactez-nous pour obtenir plus d\u2019informations sur les options de personnalisation et les tarifs.<\/p>\n","protected":false},"excerpt":{"rendered":"<p>D\u00e9couvrez notre conteneur maritime 20 HC avec vitrine, une solution polyvalente et moderne qui peut \u00eatre adapt\u00e9e pour une vari\u00e9t\u00e9 d\u2019utilisations, allant d\u2019une installation r\u00e9cr\u00e9ative \u00e0 un pavillon commercial ou de bureau. Gr\u00e2ce \u00e0 sa structure autoportante, ce conteneur ne n\u00e9cessite pas de permis de construire, offrant une grande flexibilit\u00e9 pour divers projets.<\/p>\n<p>&nbsp;<\/p>\n","protected":false},"featured_media":11163,"comment_status":"closed","ping_status":"closed","template":"","meta":{"inline_featured_image":false},"product_brand":[],"product_cat":[117,119],"product_tag":[],"class_list":{"0":"post-10778","1":"product","2":"type-product","3":"status-publish","4":"has-post-thumbnail","6":"product_cat-containers","7":"product_cat-conteneurs-neufs-et-occasions","9":"first","10":"instock","11":"product-type-simple"},"_links":{"self":[{"href":"https:\/\/cms-euro.com\/index.php?rest_route=\/wp\/v2\/product\/10778","targetHints":{"allow":["GET"]}}],"collection":[{"href":"https:\/\/cms-euro.com\/index.php?rest_route=\/wp\/v2\/product"}],"about":[{"href":"https:\/\/cms-euro.com\/index.php?rest_route=\/wp\/v2\/types\/product"}],"replies":[{"embeddable":true,"href":"https:\/\/cms-euro.com\/index.php?rest_route=%2Fwp%2Fv2%2Fcomments&post=10778"}],"version-history":[{"count":3,"href":"https:\/\/cms-euro.com\/index.php?rest_route=\/wp\/v2\/product\/10778\/revisions"}],"predecessor-version":[{"id":11941,"href":"https:\/\/cms-euro.com\/index.php?rest_route=\/wp\/v2\/product\/10778\/revisions\/11941"}],"wp:featuredmedia":[{"embeddable":true,"href":"https:\/\/cms-euro.com\/index.php?rest_route=\/wp\/v2\/media\/11163"}],"wp:attachment":[{"href":"https:\/\/cms-euro.com\/index.php?rest_route=%2Fwp%2Fv2%2Fmedia&parent=10778"}],"wp:term":[{"taxonomy":"product_brand","embeddable":true,"href":"https:\/\/cms-euro.com\/index.php?rest_route=%2Fwp%2Fv2%2Fproduct_brand&post=10778"},{"taxonomy":"product_cat","embeddable":true,"href":"https:\/\/cms-euro.com\/index.php?rest_route=%2Fwp%2Fv2%2Fproduct_cat&post=10778"},{"taxonomy":"product_tag","embeddable":true,"href":"https:\/\/cms-euro.com\/index.php?rest_route=%2Fwp%2Fv2%2Fproduct_tag&post=10778"}],"curies":[{"name":"wp","href":"https:\/\/api.w.org\/{rel}","templated":true}]}}