{"id":11007,"date":"2025-05-08T11:47:45","date_gmt":"2025-05-08T11:47:45","guid":{"rendered":"https:\/\/cms-euro.com\/?post_type=product&#038;p=11007"},"modified":"2025-05-08T11:51:24","modified_gmt":"2025-05-08T11:51:24","slug":"conteneur-35m2-salle-de-bain-cuisine-2-x-chambre-6-x-58m","status":"publish","type":"product","link":"https:\/\/cms-euro.com\/?product=conteneur-35m2-salle-de-bain-cuisine-2-x-chambre-6-x-58m","title":{"rendered":"Conteneur 35m2 salle de bain cuisine 2 x chambre 6 x 5,8m"},"content":{"rendered":"","protected":false},"excerpt":{"rendered":"<p>Description du module combin\u00e9 de 35 m\u00b2<\/p>\n<p>Ce complexe de 2 conteneurs combin\u00e9s de 35 m\u00b2 est con\u00e7u pour offrir un espace de vie pratique, durable, et facilement transportable. Il est adapt\u00e9 pour une utilisation tout au long de l\u2019ann\u00e9e, avec une isolation efficace et des \u00e9quipements modernes. Chaque module est construit \u00e0 partir de panneaux sandwich de haute qualit\u00e9, garantissant une excellente isolation thermique et un faible entretien. Il comprend une salle de bain avec WC, une cuisine, une salle \u00e0 manger, et deux chambres, le tout bien \u00e9quip\u00e9 pour r\u00e9pondre aux besoins quotidiens.<\/p>\n<p>Caract\u00e9ristiques principales<\/p>\n<p>Isolation toute l&rsquo;ann\u00e9e : Les modules sont constitu\u00e9s de panneaux sandwich qui assurent une isolation optimale, qu&rsquo;il s&rsquo;agisse de conditions hivernales ou estivales.<br \/>\nInstallations compl\u00e8tes : \u00c9quip\u00e9s de syst\u00e8mes de ventilation, d\u2019\u00e9lectricit\u00e9, d\u2019eau et d\u2019\u00e9gouts, ces conteneurs offrent toutes les commodit\u00e9s modernes.<br \/>\nDurabilit\u00e9 : Fabriqu\u00e9s \u00e0 partir de mat\u00e9riaux de haute qualit\u00e9, les panneaux sandwich sont robustes et ne n\u00e9cessitent pas d\u2019entretien.<br \/>\nMobilit\u00e9 : Le conteneur est con\u00e7u pour \u00eatre d\u00e9plac\u00e9 et transport\u00e9 facilement, id\u00e9al pour des projets \u00e9volutifs ou temporaires.<\/p>\n<p>Dimensions<\/p>\n<p>Superficie totale : 35 m\u00b2<br \/>\nDimensions de chaque module :<br \/>\nLongueur ext\u00e9rieure : 6,0 m<br \/>\nLargeur ext\u00e9rieure : 2,9 m<br \/>\nHauteur int\u00e9rieure : 2,6 m \u00e0 2,4 m<\/p>\n<p>\u00c9quipements inclus<\/p>\n<p>Salle de bain<\/p>\n<p>Installation \u00e9lectrique :<br \/>\n2 prises<br \/>\n1 interrupteur<br \/>\n\u00c9clairage LED 1 pi\u00e8ce<br \/>\nVentilation : 1 ventilateur.<br \/>\nSanitaires :<br \/>\nReceveur de douche avec rideau (90&#215;90 cm).<br \/>\nLavabo avec meuble (50 cm).<br \/>\nBranchement pour machine \u00e0 laver.<br \/>\nPortes : Porte int\u00e9rieure en acier blanc (80 cm).<br \/>\nFen\u00eatre : Fen\u00eatre avec trappe (50&#215;50 cm).<\/p>\n<p>Toilettes<\/p>\n<p>WC : Toilettes compactes modernes.<br \/>\nChauffe-eau : Chauffe-eau \u00e9lectrique de 50 L.<br \/>\nPortes : Porte int\u00e9rieure en acier blanc (80 cm).<\/p>\n<p>Cuisine + Salle \u00e0 manger<\/p>\n<p>Installation \u00e9lectrique :<br \/>\n3 phases<br \/>\n3 prises<br \/>\n1 interrupteur<br \/>\n\u00c9clairage LED 1 pi\u00e8ce<br \/>\nVentilation : 1 ventilateur.<br \/>\nSanitaires : \u00c9vier avec batterie, raccord\u00e9 \u00e0 l\u2019eau et aux \u00e9gouts.<br \/>\nMeubles : Ensemble de 4 armoires \u00ab\u00a0Sonoma dab\u00a0\u00bb avec \u00e9vier.<br \/>\n\u00c9lectrom\u00e9nager : R\u00e9frig\u00e9rateur sous comptoir inclus.<br \/>\nPortes : Porte int\u00e9rieure en acier blanc (80 cm).<br \/>\nFen\u00eatre : Fen\u00eatre PVC UR (110&#215;110 cm).<br \/>\nChauffage : Chauffage \u00e9lectrique inclus.<\/p>\n<p>Chambre 1<\/p>\n<p>Installation \u00e9lectrique :<br \/>\n2 prises<br \/>\n1 interrupteur<br \/>\n\u00c9clairage LED 1 pi\u00e8ce<br \/>\nPortes : Porte int\u00e9rieure en acier (80 cm).<br \/>\nFen\u00eatre : Fen\u00eatre PVC UR (80&#215;110 cm).<br \/>\nChauffage : Chauffage \u00e9lectrique inclus.<\/p>\n<p>Chambre 2<\/p>\n<p>Installation \u00e9lectrique :<br \/>\n2 prises<br \/>\n1 interrupteur<br \/>\n\u00c9clairage LED 1 pi\u00e8ce<br \/>\nPortes : Porte int\u00e9rieure en acier (80 cm).<br \/>\nFen\u00eatre : Fen\u00eatre PVC UR (80&#215;110 cm).<br \/>\nChauffage : Chauffage \u00e9lectrique inclus.<\/p>\n<p>Sp\u00e9cifications techniques<\/p>\n<p>Construction : Structure en panneaux sandwich (feuille-panneau en polystyr\u00e8ne) pour une isolation et une solidit\u00e9 optimales.<br \/>\nMurs, toiture et plancher : Panneau sandwich de 100 mm d\u2019\u00e9paisseur avec une \u00e2me en polystyr\u00e8ne, offrant une transmission thermique de 0,38 W\/m\u00b2K.<br \/>\nToiture : \u00c0 simple pente pour une \u00e9vacuation efficace de l\u2019eau.<br \/>\nPlancher : Compos\u00e9 d\u2019un panneau sandwich + OSB de 15 mm et recouvert d\u2019un rev\u00eatement en PVC de 2,2 mm pour un sol confortable et r\u00e9sistant.<br \/>\nPortes ext\u00e9rieures : En acier, isol\u00e9es, de dimensions 80 cm de largeur et 200 cm de hauteur.<br \/>\nPortes int\u00e9rieures : En acier blanc pour une durabilit\u00e9 accrue et une finition \u00e9l\u00e9gante.<\/p>\n<p>Avantages<\/p>\n<p>Pr\u00eat \u00e0 l\u2019emploi : Ce conteneur est enti\u00e8rement \u00e9quip\u00e9 pour offrir tout le confort n\u00e9cessaire \u00e0 la vie quotidienne.<br \/>\nIsolation optimale : Gr\u00e2ce aux panneaux sandwich de 100 mm, la transmission thermique est minimis\u00e9e, garantissant des \u00e9conomies d\u2019\u00e9nergie et un confort constant, peu importe la saison.<br \/>\nDurable et sans entretien : Les mat\u00e9riaux utilis\u00e9s sont robustes et con\u00e7us pour durer sans n\u00e9cessiter de maintenance r\u00e9guli\u00e8re.<br \/>\nFacilit\u00e9 de transport : Sa conception permet un d\u00e9placement et une installation faciles, que ce soit pour un usage temporaire ou permanent.<\/p>\n<p>Ce module combin\u00e9 de 35 m\u00b2 est une solution id\u00e9ale pour un espace de vie confortable, durable et bien \u00e9quip\u00e9, offrant une flexibilit\u00e9 maximale pour des besoins de logement ou d\u2019installation temporaire avec toutes les commodit\u00e9s n\u00e9cessaires.<\/p>\n","protected":false},"featured_media":11310,"comment_status":"closed","ping_status":"closed","template":"","meta":{"inline_featured_image":false},"product_brand":[],"product_cat":[118,122],"product_tag":[],"class_list":{"0":"post-11007","1":"product","2":"type-product","3":"status-publish","4":"has-post-thumbnail","6":"product_cat-conteneur-amenage","7":"product_cat-mobil-homes","9":"first","10":"instock","11":"sale","12":"product-type-simple"},"_links":{"self":[{"href":"https:\/\/cms-euro.com\/index.php?rest_route=\/wp\/v2\/product\/11007","targetHints":{"allow":["GET"]}}],"collection":[{"href":"https:\/\/cms-euro.com\/index.php?rest_route=\/wp\/v2\/product"}],"about":[{"href":"https:\/\/cms-euro.com\/index.php?rest_route=\/wp\/v2\/types\/product"}],"replies":[{"embeddable":true,"href":"https:\/\/cms-euro.com\/index.php?rest_route=%2Fwp%2Fv2%2Fcomments&post=11007"}],"version-history":[{"count":0,"href":"https:\/\/cms-euro.com\/index.php?rest_route=\/wp\/v2\/product\/11007\/revisions"}],"wp:featuredmedia":[{"embeddable":true,"href":"https:\/\/cms-euro.com\/index.php?rest_route=\/wp\/v2\/media\/11310"}],"wp:attachment":[{"href":"https:\/\/cms-euro.com\/index.php?rest_route=%2Fwp%2Fv2%2Fmedia&parent=11007"}],"wp:term":[{"taxonomy":"product_brand","embeddable":true,"href":"https:\/\/cms-euro.com\/index.php?rest_route=%2Fwp%2Fv2%2Fproduct_brand&post=11007"},{"taxonomy":"product_cat","embeddable":true,"href":"https:\/\/cms-euro.com\/index.php?rest_route=%2Fwp%2Fv2%2Fproduct_cat&post=11007"},{"taxonomy":"product_tag","embeddable":true,"href":"https:\/\/cms-euro.com\/index.php?rest_route=%2Fwp%2Fv2%2Fproduct_tag&post=11007"}],"curies":[{"name":"wp","href":"https:\/\/api.w.org\/{rel}","templated":true}]}}