{"id":11008,"date":"2025-05-08T11:47:45","date_gmt":"2025-05-08T11:47:45","guid":{"rendered":"https:\/\/cms-euro.com\/?post_type=product&#038;p=11008"},"modified":"2025-05-08T11:51:30","modified_gmt":"2025-05-08T11:51:30","slug":"tiny-house-cle-en-main-1090-x-290-m","status":"publish","type":"product","link":"https:\/\/cms-euro.com\/?product=tiny-house-cle-en-main-1090-x-290-m","title":{"rendered":"Tiny house cl\u00e9 en main 10,90 x 2,90 m"},"content":{"rendered":"","protected":false},"excerpt":{"rendered":"<p>Nous vous proposons une tiny house cl\u00e9 en main et de qualit\u00e9 aux dimensions ext\u00e9rieures de 10,90 x 2,90 m. Nous serions heureux de vous convaincre de notre produit. Nous suivons votre projet depuis le premier contact jusqu\u2019\u00e0 l\u2019organisation et la mise en \u0153uvre du transport.<\/p>\n<p>Nous serions heureux de vous faire une offre \u00e9crite. Veuillez nous contacter par t\u00e9l\u00e9phone au +49 3391 4077083 ou par e-mail \u00e0 info@containerverkauf24.de<\/p>\n<p>Inclus dans le prix:<\/p>\n<p>\u2013 Murs ext\u00e9rieurs : panneaux sandwich 150 mm en  polystyr\u00e8ne  (bardage bois int\u00e9rieur, bardage t\u00f4le ext\u00e9rieur)<br \/>\n\u2013 Toiture \u00e0 pignon : panneaux sandwich 150 mm en polystyr\u00e8ne (bardage bois int\u00e9rieur, bardage t\u00f4le ext\u00e9rieur)<br \/>\n\u2013 Murs int\u00e9rieurs : panneaux sandwich 80 mm en polystyr\u00e8ne rev\u00eatu de bois, pl\u00e2tr\u00e9 dans les toilettes)<br \/>\n\u2013 Structure en acier avec couches de protection contre la corrosion<br \/>\n\u2013 Double porte en aluminium, enti\u00e8rement vitr\u00e9e 1,60 x 2,10 m \u2013 1 pi\u00e8ce.<\/p>\n<p>\u2013 Fen\u00eatre coulissante aluminium 2,50 x 2,10 m \u2013 2 pi\u00e8ces.<br \/>\n\u2013 Fen\u00eatre oscillo-battante PVC 0,75 x 2,10 m \u2013 1 pi\u00e8ce.<\/p>\n<p>\u2013 Fen\u00eatre oscillo-battante en PVC 0,73 x 2,10 m \u2013 1 pi\u00e8ce<br \/>\n\u2013 Am\u00e9nagement int\u00e9rieur avec portes int\u00e9rieures (selon croquis)<br \/>\n\u2013 Installation \u00e9lectrique : 3 lampes, 12 prises doubles (230V), 2 radiateurs \u00e9lectriques, interrupteur, bo\u00eete \u00e0 fusibles<br \/>\n\u2013 Installation sanitaire : WC, \u00e9vier avec meuble bas, douche, ballon d\u2019eau chaude<br \/>\n\u2013 Cuisine : \u00e9vier, ballon d\u2019eau chaude, r\u00e9frig\u00e9rateur, lave-vaisselle, plaque \u00e0 induction, placards<br \/>\n\u2013 Sol isol\u00e9 ; int\u00e9rieur OSB 22mm, rev\u00eatement de sol stratifi\u00e9, carrelage dans les toilettes<br \/>\n\u2013 t\u00f4lerie<br \/>\n\u2013 montage<br \/>\n\u2013 documentation technique<br \/>\n\u2013 transport<\/p>\n","protected":false},"featured_media":11325,"comment_status":"closed","ping_status":"closed","template":"","meta":{"inline_featured_image":false},"product_brand":[],"product_cat":[118,122],"product_tag":[],"class_list":{"0":"post-11008","1":"product","2":"type-product","3":"status-publish","4":"has-post-thumbnail","6":"product_cat-conteneur-amenage","7":"product_cat-mobil-homes","9":"first","10":"instock","11":"sale","12":"taxable","13":"shipping-taxable","14":"product-type-simple"},"_links":{"self":[{"href":"https:\/\/cms-euro.com\/index.php?rest_route=\/wp\/v2\/product\/11008","targetHints":{"allow":["GET"]}}],"collection":[{"href":"https:\/\/cms-euro.com\/index.php?rest_route=\/wp\/v2\/product"}],"about":[{"href":"https:\/\/cms-euro.com\/index.php?rest_route=\/wp\/v2\/types\/product"}],"replies":[{"embeddable":true,"href":"https:\/\/cms-euro.com\/index.php?rest_route=%2Fwp%2Fv2%2Fcomments&post=11008"}],"version-history":[{"count":0,"href":"https:\/\/cms-euro.com\/index.php?rest_route=\/wp\/v2\/product\/11008\/revisions"}],"wp:featuredmedia":[{"embeddable":true,"href":"https:\/\/cms-euro.com\/index.php?rest_route=\/wp\/v2\/media\/11325"}],"wp:attachment":[{"href":"https:\/\/cms-euro.com\/index.php?rest_route=%2Fwp%2Fv2%2Fmedia&parent=11008"}],"wp:term":[{"taxonomy":"product_brand","embeddable":true,"href":"https:\/\/cms-euro.com\/index.php?rest_route=%2Fwp%2Fv2%2Fproduct_brand&post=11008"},{"taxonomy":"product_cat","embeddable":true,"href":"https:\/\/cms-euro.com\/index.php?rest_route=%2Fwp%2Fv2%2Fproduct_cat&post=11008"},{"taxonomy":"product_tag","embeddable":true,"href":"https:\/\/cms-euro.com\/index.php?rest_route=%2Fwp%2Fv2%2Fproduct_tag&post=11008"}],"curies":[{"name":"wp","href":"https:\/\/api.w.org\/{rel}","templated":true}]}}