{"id":11036,"date":"2025-05-08T11:48:06","date_gmt":"2025-05-08T11:48:06","guid":{"rendered":"https:\/\/cms-euro.com\/?post_type=product&#038;p=11036"},"modified":"2025-05-08T11:51:42","modified_gmt":"2025-05-08T11:51:42","slug":"conteneur-de-bureau-wbc8-20-pieds-extra-large-fenetre-chauffage","status":"publish","type":"product","link":"https:\/\/cms-euro.com\/?product=conteneur-de-bureau-wbc8-20-pieds-extra-large-fenetre-chauffage","title":{"rendered":"Conteneur de bureau WBC8 &#8211; 20 pieds, extra large, fen\u00eatre + chauffage"},"content":{"rendered":"<p>Conteneur de bureau WBC8 \u2013 20 pieds, extra large, fen\u00eatre + chauffage<br \/>\nEspace de vie flexible ou avez-vous besoin d\u2019une solution temporaire pour votre entreprise ? Les conteneurs sont alors id\u00e9aux pour une expansion temporaire ou permanente. Qu&rsquo;il s&rsquo;agisse de conteneurs de bureau, de conteneurs r\u00e9sidentiels, de s\u00e9minaires, de salles de r\u00e9union ou m\u00eame sur des chantiers de construction, les conteneurs sont livr\u00e9s cl\u00e9 en main et enti\u00e8rement \u00e9quip\u00e9s, pr\u00eats \u00e0 l&#8217;emploi et utilisables imm\u00e9diatement. Le mod\u00e8le WBC8 de Compartec a une taille de 20 pieds et est particuli\u00e8rement large avec 3 m\u00e8tres de large. Cela signifie que vous disposez de suffisamment d&rsquo;espace pour votre \u00e9quipement de bureau. Gr\u00e2ce \u00e0 ses fen\u00eatres \u00e0 l&rsquo;avant et \u00e0 l&rsquo;extr\u00e9mit\u00e9, le conteneur de bureau est \u00e9galement inond\u00e9 de lumi\u00e8re. Bien entendu, le WBC8 peut \u00eatre d\u00e9mont\u00e9 sans laisser de trace apr\u00e8s utilisation.<\/p>\n<p>Les choses les plus importantes en un coup d&rsquo;\u0153il :<\/p>\n<p>Conteneur standard avec largeur suppl\u00e9mentaire<br \/>\nPeut \u00eatre utilis\u00e9 comme conteneur de vie ou de bureau<br \/>\nLivr\u00e9 cl\u00e9 en main et enti\u00e8rement \u00e9quip\u00e9 \u2013 pr\u00eat \u00e0 l\u2019emploi imm\u00e9diat<br \/>\nTaille : 20 pieds (6 055 x 3 000 x 2 800 mm)<br \/>\nCouleur : RAL7016<br \/>\n1 x fen\u00eatre en fa\u00e7ade (2 x 1,2 m) avec volets roulants<br \/>\n1 x fen\u00eatre sur le c\u00f4t\u00e9 long (2 x 1,2 m) avec volets roulants<br \/>\n1 x porte<br \/>\n2 x lampes &#8211; entr\u00e9e de puissance\/puissance de sortie<br \/>\nPrises<br \/>\nSol en linol\u00e9um<br \/>\n1 x radiateur \u00e9lectrique<\/p>\n","protected":false},"excerpt":{"rendered":"<p>D\u00e9tails techniques :<br \/>\nDimensions L x l x H :\t6058x3000x2800mm<br \/>\nTaper:\tConteneur de bureau<br \/>\nParticularit\u00e9 :\textra large<br \/>\nPropre poids :\t1900 kg<\/p>\n","protected":false},"featured_media":11338,"comment_status":"closed","ping_status":"closed","template":"","meta":{"inline_featured_image":false},"product_brand":[],"product_cat":[121,118,119],"product_tag":[],"class_list":{"0":"post-11036","1":"product","2":"type-product","3":"status-publish","4":"has-post-thumbnail","6":"product_cat-accessories","7":"product_cat-conteneur-amenage","8":"product_cat-conteneurs-neufs-et-occasions","10":"first","11":"instock","12":"taxable","13":"shipping-taxable","14":"product-type-simple"},"_links":{"self":[{"href":"https:\/\/cms-euro.com\/index.php?rest_route=\/wp\/v2\/product\/11036","targetHints":{"allow":["GET"]}}],"collection":[{"href":"https:\/\/cms-euro.com\/index.php?rest_route=\/wp\/v2\/product"}],"about":[{"href":"https:\/\/cms-euro.com\/index.php?rest_route=\/wp\/v2\/types\/product"}],"replies":[{"embeddable":true,"href":"https:\/\/cms-euro.com\/index.php?rest_route=%2Fwp%2Fv2%2Fcomments&post=11036"}],"version-history":[{"count":0,"href":"https:\/\/cms-euro.com\/index.php?rest_route=\/wp\/v2\/product\/11036\/revisions"}],"wp:featuredmedia":[{"embeddable":true,"href":"https:\/\/cms-euro.com\/index.php?rest_route=\/wp\/v2\/media\/11338"}],"wp:attachment":[{"href":"https:\/\/cms-euro.com\/index.php?rest_route=%2Fwp%2Fv2%2Fmedia&parent=11036"}],"wp:term":[{"taxonomy":"product_brand","embeddable":true,"href":"https:\/\/cms-euro.com\/index.php?rest_route=%2Fwp%2Fv2%2Fproduct_brand&post=11036"},{"taxonomy":"product_cat","embeddable":true,"href":"https:\/\/cms-euro.com\/index.php?rest_route=%2Fwp%2Fv2%2Fproduct_cat&post=11036"},{"taxonomy":"product_tag","embeddable":true,"href":"https:\/\/cms-euro.com\/index.php?rest_route=%2Fwp%2Fv2%2Fproduct_tag&post=11036"}],"curies":[{"name":"wp","href":"https:\/\/api.w.org\/{rel}","templated":true}]}}