{"id":11038,"date":"2025-05-08T11:48:06","date_gmt":"2025-05-08T11:48:06","guid":{"rendered":"https:\/\/cms-euro.com\/?post_type=product&#038;p=11038"},"modified":"2025-05-08T11:51:59","modified_gmt":"2025-05-08T11:51:59","slug":"pkw-anhanger-holztransportanhanger-ht353017-k-mit-ladekran-jansen-ladeflache-zwischen-rungen-ca-3-00-x-149m","status":"publish","type":"product","link":"https:\/\/cms-euro.com\/?product=pkw-anhanger-holztransportanhanger-ht353017-k-mit-ladekran-jansen-ladeflache-zwischen-rungen-ca-3-00-x-149m","title":{"rendered":"PKW Anh\u00e4nger Holztransportanh\u00e4nger HT353017-K mit Ladekran Jansen, Ladefl\u00e4che (zwischen Rungen) ca. 3.00 x 1,49m"},"content":{"rendered":"","protected":false},"excerpt":{"rendered":"<p>Informations sur le produit \u00ab Remorque de transport de bois  HT353017-K avec grue de chargement Jansen, surface de chargement (entre les ranchers) env. 3,00 x 1,49 m \u00bb<br \/>\nLa remorque de transport de bois (remorque foresti\u00e8re) est adapt\u00e9e au transport de bois jusqu\u2019\u00e0 3-4 m de longueur.<br \/>\nGr\u00e2ce \u00e0 sa charge utile extr\u00eamement \u00e9lev\u00e9e tout en garantissant une stabilit\u00e9, le v\u00e9hicule est parfait pour une utilisation en for\u00eat, m\u00eame derri\u00e8re un tracteur.<br \/>\nLe v\u00e9hicule est enti\u00e8rement soud\u00e9. Les montants peuvent \u00eatre remplac\u00e9s s\u2019ils sont endommag\u00e9s.<br \/>\nLa grue de chargement du bois facilite le chargement des grumes. Gr\u00e2ce au groupe hydraulique int\u00e9gr\u00e9 avec moteur \u00e0 essence, le v\u00e9hicule peut \u00eatre utilis\u00e9 partout. Vous recevrez bien entendu le v\u00e9hicule enti\u00e8rement mont\u00e9 avec tous les fluides de fonctionnement mais sans carburant.<\/p>\n<p>Les images peuvent contenir des accessoires (plateau de branche)<\/p>\n<p>Schl\u00fcsseldaten:<\/p>\n<p>\u2013 Fabricant : Fendt<br \/>\n\u2013 Type : HT353017-K avec grue de chargement de bois<br \/>\n&#8211; Hergestellt in Deutschland<\/p>\n<p>\u2013 Dimensions ext\u00e9rieures : environ L 5,25 x l 1,63 x H 1,70 m<br \/>\n\u2013 Poids total 3500 kg<br \/>\n\u2013 Poids environ 1140 kg<br \/>\n\u2013 Charge utile environ 2360 kg<br \/>\n\u2013 Surface de chargement (entre les poteaux) environ 3,00 x 1,49 m<br \/>\n\u2013 Hauteur du piquet 100cm<br \/>\n\u2013 Volume de chargement environ 4,5 m\u00b3<\/p>\n<p>\u2013 Ch\u00e2ssis du v\u00e9hicule enti\u00e8rement galvanis\u00e9 \u00e0 chaud<br \/>\n\u2013 4 points d\u2019arrimage solides par c\u00f4t\u00e9<\/p>\n<p>\u2013 Grue HRW-30 avec support hydraulique et groupe hydraulique avec moteur \u00e0 essence<br \/>\n\u2013 Plage de pivotement : 180 degr\u00e9s<br \/>\n\u2013 Port\u00e9e : max. 3,80 m<br \/>\n\u2013 Capacit\u00e9 de charge de la grue : 300 kg \u00e0 1,5 m de port\u00e9e<br \/>\n\u2013 Largeur d\u2019ouverture de la pince : 700 mm<br \/>\n\u2013 Support : hydraulique, 2 plis (largeur du support environ 2800 mm)<br \/>\n\u2013 Pression d\u2019huile : 160 bar<br \/>\n\u2013 R\u00e9servoir d\u2019huile hydraulique : 9 litres<br \/>\n\u2013 D\u00e9bit d\u2019huile : environ 12 l\/min.<br \/>\n\u2013 Moteur : Moteur essence 6,5 CV (4 temps)<br \/>\n\u2013 D\u00e9marreur : lanceur \u00e0 tirette<\/p>\n<p>\u2013 3 essieux \u00e0 ressorts en caoutchouc Knott avec suspension ind\u00e9pendante<br \/>\n\u2013 Dispositif de d\u00e9passement Knott<br \/>\n\u2013 Timon en V \u2013 et ch\u00e2ssis galvanis\u00e9s \u00e0 chaud<br \/>\n\u2013 Pneus 13 pouces \u2013 195\/50 R13C<br \/>\n\u2013 Syst\u00e8me \u00e9lectrique \u00e0 13 broches<br \/>\n\u2013 y compris les documents du v\u00e9hicule EBE<\/p>\n","protected":false},"featured_media":11354,"comment_status":"closed","ping_status":"closed","template":"","meta":{"inline_featured_image":false},"product_brand":[],"product_cat":[121,130,105],"product_tag":[],"class_list":{"0":"post-11038","1":"product","2":"type-product","3":"status-publish","4":"has-post-thumbnail","6":"product_cat-accessories","7":"product_cat-remorque-voiture","8":"product_cat-remorques","10":"first","11":"instock","12":"sale","13":"taxable","14":"shipping-taxable","15":"product-type-simple"},"_links":{"self":[{"href":"https:\/\/cms-euro.com\/index.php?rest_route=\/wp\/v2\/product\/11038","targetHints":{"allow":["GET"]}}],"collection":[{"href":"https:\/\/cms-euro.com\/index.php?rest_route=\/wp\/v2\/product"}],"about":[{"href":"https:\/\/cms-euro.com\/index.php?rest_route=\/wp\/v2\/types\/product"}],"replies":[{"embeddable":true,"href":"https:\/\/cms-euro.com\/index.php?rest_route=%2Fwp%2Fv2%2Fcomments&post=11038"}],"version-history":[{"count":0,"href":"https:\/\/cms-euro.com\/index.php?rest_route=\/wp\/v2\/product\/11038\/revisions"}],"wp:featuredmedia":[{"embeddable":true,"href":"https:\/\/cms-euro.com\/index.php?rest_route=\/wp\/v2\/media\/11354"}],"wp:attachment":[{"href":"https:\/\/cms-euro.com\/index.php?rest_route=%2Fwp%2Fv2%2Fmedia&parent=11038"}],"wp:term":[{"taxonomy":"product_brand","embeddable":true,"href":"https:\/\/cms-euro.com\/index.php?rest_route=%2Fwp%2Fv2%2Fproduct_brand&post=11038"},{"taxonomy":"product_cat","embeddable":true,"href":"https:\/\/cms-euro.com\/index.php?rest_route=%2Fwp%2Fv2%2Fproduct_cat&post=11038"},{"taxonomy":"product_tag","embeddable":true,"href":"https:\/\/cms-euro.com\/index.php?rest_route=%2Fwp%2Fv2%2Fproduct_tag&post=11038"}],"curies":[{"name":"wp","href":"https:\/\/api.w.org\/{rel}","templated":true}]}}