{"id":11070,"date":"2025-05-08T11:48:33","date_gmt":"2025-05-08T11:48:33","guid":{"rendered":"https:\/\/cms-euro.com\/?post_type=product&#038;p=11070"},"modified":"2025-05-08T11:52:09","modified_gmt":"2025-05-08T11:52:09","slug":"hydraulische-abdeckung-franc-bri-130","status":"publish","type":"product","link":"https:\/\/cms-euro.com\/?product=hydraulische-abdeckung-franc-bri-130","title":{"rendered":"Hydraulische Abdeckung Franc BRI 130"},"content":{"rendered":"","protected":false},"excerpt":{"rendered":"<p>Description<\/p>\n<p>-Poids total 1300 KG<br \/>\n-PUISSANCE POSSIBLE 1200, 1100, 1000, 950 OU 750 KG<br \/>\n\u2013 POIDS A VIDE 580 KG<br \/>\n-ESSIEU FREIN\u00c9 1300 KG AVEC SUSPENSION EN CAOUTCHOUC<br \/>\n-DIMENSIONS UTILES 259 \u200b\u200b\u200b\u200b\u200b\u200bX 159 CM<br \/>\n-Panneaux lat\u00e9raux hauts amovibles en acier galvanis\u00e9. 35CM<br \/>\n&#8211; DRAIN ARRI\u00c8RE \u00c0 DOUBLE SENS D&rsquo;OUVERTURE &#8211;<br \/>\nCAPSULE DE LEVAGE HYDRAULIQUE AVEC POMPE MANUELLE &#8211; HAUTEUR DU SOL<br \/>\n75 CM &#8211; CH\u00c2SSIS M\u00c9CANIQUEMENT SOUD\u00c9 ET GALVANIS\u00c9 \u00c0 CHAUD<br \/>\n&#8211;<br \/>\nFL\u00c8CHE EN \u00ab\u00a0V\u00a0\u00bb AVEC COMMANDE DE FREIN \u00c0 INERTIE &#8211; ROUE D&rsquo;APPUI<br \/>\nT\u00c9LESCOPIQUE &#8211; PLANCHER<br \/>\nEN BOIS BAKELIS\u00c9, \u00c9PAISSEUR 15 MM &#8211;<br \/>\nRENFORTS EN ACIER GALVANIS\u00c9 SOUD\u00c9S SOUS LE PLANCHER<br \/>\n&#8211; 4 D\u00c9CAPANTS &#8211;<br \/>\nB\u00c9QUILLES DE STABILISATION<br \/>\nARRI\u00c8RE &#8211; FEUX PROT\u00c9G\u00c9S PAR ENCASTREMENT &#8211; PRISE 13<br \/>\nBROCHES<\/p>\n<p>Livrer avec :<br \/>\n\u2013 Ses papiers allemands d\u2019origine<br \/>\n\u2013 La facture d\u2019achat originale \u00e0 votre nom<\/p>\n","protected":false},"featured_media":11367,"comment_status":"closed","ping_status":"closed","template":"","meta":{"inline_featured_image":false},"product_brand":[],"product_cat":[130,105],"product_tag":[],"class_list":{"0":"post-11070","1":"product","2":"type-product","3":"status-publish","4":"has-post-thumbnail","6":"product_cat-remorque-voiture","7":"product_cat-remorques","9":"first","10":"instock","11":"taxable","12":"shipping-taxable","13":"product-type-simple"},"_links":{"self":[{"href":"https:\/\/cms-euro.com\/index.php?rest_route=\/wp\/v2\/product\/11070","targetHints":{"allow":["GET"]}}],"collection":[{"href":"https:\/\/cms-euro.com\/index.php?rest_route=\/wp\/v2\/product"}],"about":[{"href":"https:\/\/cms-euro.com\/index.php?rest_route=\/wp\/v2\/types\/product"}],"replies":[{"embeddable":true,"href":"https:\/\/cms-euro.com\/index.php?rest_route=%2Fwp%2Fv2%2Fcomments&post=11070"}],"version-history":[{"count":0,"href":"https:\/\/cms-euro.com\/index.php?rest_route=\/wp\/v2\/product\/11070\/revisions"}],"wp:featuredmedia":[{"embeddable":true,"href":"https:\/\/cms-euro.com\/index.php?rest_route=\/wp\/v2\/media\/11367"}],"wp:attachment":[{"href":"https:\/\/cms-euro.com\/index.php?rest_route=%2Fwp%2Fv2%2Fmedia&parent=11070"}],"wp:term":[{"taxonomy":"product_brand","embeddable":true,"href":"https:\/\/cms-euro.com\/index.php?rest_route=%2Fwp%2Fv2%2Fproduct_brand&post=11070"},{"taxonomy":"product_cat","embeddable":true,"href":"https:\/\/cms-euro.com\/index.php?rest_route=%2Fwp%2Fv2%2Fproduct_cat&post=11070"},{"taxonomy":"product_tag","embeddable":true,"href":"https:\/\/cms-euro.com\/index.php?rest_route=%2Fwp%2Fv2%2Fproduct_tag&post=11070"}],"curies":[{"name":"wp","href":"https:\/\/api.w.org\/{rel}","templated":true}]}}