{"id":11095,"date":"2025-05-08T11:49:03","date_gmt":"2025-05-08T11:49:03","guid":{"rendered":"https:\/\/cms-euro.com\/?post_type=product&#038;p=11095"},"modified":"2025-05-08T11:52:15","modified_gmt":"2025-05-08T11:52:15","slug":"benne-ifor-williams-tt3017-30-m-x-16-m","status":"publish","type":"product","link":"https:\/\/cms-euro.com\/?product=benne-ifor-williams-tt3017-30-m-x-16-m","title":{"rendered":"Benne \u2013 IFOR WILLIAMS \u2013 TT3017 \u2013 3,0 m x 1,6 m"},"content":{"rendered":"","protected":false},"excerpt":{"rendered":"<p>Type : Remorque<br \/>\nMarque : Ifor Williams<br \/>\nMod\u00e8le : TT3017<br \/>\nAnn\u00e9e : 2023<br \/>\n\u00c9tat : Neuf<\/p>\n<p>Description<\/p>\n<p>Disponible \u00e9galement en location longue dur\u00e9e pour 106 \u20ac HT\/mois*<br \/>\nDisponible en diff\u00e9rentes tailles, nous contacter<\/p>\n<p>Dimensions utiles : 3,01 mx 1,62 m<br \/>\nPoids total : 3 500 kg<br \/>\nCharge utile : 2 630 kg<br \/>\nPneus : 195\/70R12C<\/p>\n<p>Remorque \u00e0 double essieu, \u00e9quip\u00e9e de :<br \/>\n\u2013 Plancher renforc\u00e9 en aluminium,<br \/>\n\u2013 Parois lat\u00e9rales \u00e0 l&rsquo;avant, \u00e0 l&rsquo;arri\u00e8re et sur les c\u00f4t\u00e9s,<br \/>\n\u2013 Paroi lat\u00e9rale arri\u00e8re \u00e0 double articulation,<br \/>\n\u2013 Bo\u00eete \u00e0 outils verrouillable, \u2013<br \/>\nPompe \u00e0 main de secours,<br \/>\n\u2013 Pompe hydraulique,<br \/>\n\u2013 Ch\u00e2ssis et timon en acier galvanis\u00e9,<br \/>\n\u2013 Essieux \u00e0 poutre,<br \/>\n\u2013 Suspensions \u00e0 ressorts \u00e0 lames,<br \/>\n\u2013 Timon en V boulonn\u00e9,<br \/>\n\u2013 Roue de secours,<br \/>\n\u2013 Crochets d&rsquo;arrimage sur toute la remorque<\/p>\n<p>Options disponibles :<br \/>\n\u2013 Rehausses grillag\u00e9es,<br \/>\n\u2013 Rampes de chargement 2,40 m,<br \/>\n\u2013 B\u00e9quilles stabilisatrices,<br \/>\n\u2013 Support de rampe,<br \/>\n\u2013 Protection de feux arri\u00e8re,<br \/>\n\u2013 Coffre \u00e0 outils\u2026<\/p>\n<p>Livrer avec :<br \/>\n\u2013 Ses papiers allemands d\u2019origine<br \/>\n\u2013 La facture d\u2019achat originale \u00e0 votre nom<\/p>\n","protected":false},"featured_media":11369,"comment_status":"closed","ping_status":"closed","template":"","meta":{"inline_featured_image":false},"product_brand":[],"product_cat":[130,105],"product_tag":[],"class_list":{"0":"post-11095","1":"product","2":"type-product","3":"status-publish","4":"has-post-thumbnail","6":"product_cat-remorque-voiture","7":"product_cat-remorques","9":"first","10":"instock","11":"sale","12":"taxable","13":"shipping-taxable","14":"product-type-simple"},"_links":{"self":[{"href":"https:\/\/cms-euro.com\/index.php?rest_route=\/wp\/v2\/product\/11095","targetHints":{"allow":["GET"]}}],"collection":[{"href":"https:\/\/cms-euro.com\/index.php?rest_route=\/wp\/v2\/product"}],"about":[{"href":"https:\/\/cms-euro.com\/index.php?rest_route=\/wp\/v2\/types\/product"}],"replies":[{"embeddable":true,"href":"https:\/\/cms-euro.com\/index.php?rest_route=%2Fwp%2Fv2%2Fcomments&post=11095"}],"version-history":[{"count":0,"href":"https:\/\/cms-euro.com\/index.php?rest_route=\/wp\/v2\/product\/11095\/revisions"}],"wp:featuredmedia":[{"embeddable":true,"href":"https:\/\/cms-euro.com\/index.php?rest_route=\/wp\/v2\/media\/11369"}],"wp:attachment":[{"href":"https:\/\/cms-euro.com\/index.php?rest_route=%2Fwp%2Fv2%2Fmedia&parent=11095"}],"wp:term":[{"taxonomy":"product_brand","embeddable":true,"href":"https:\/\/cms-euro.com\/index.php?rest_route=%2Fwp%2Fv2%2Fproduct_brand&post=11095"},{"taxonomy":"product_cat","embeddable":true,"href":"https:\/\/cms-euro.com\/index.php?rest_route=%2Fwp%2Fv2%2Fproduct_cat&post=11095"},{"taxonomy":"product_tag","embeddable":true,"href":"https:\/\/cms-euro.com\/index.php?rest_route=%2Fwp%2Fv2%2Fproduct_tag&post=11095"}],"curies":[{"name":"wp","href":"https:\/\/api.w.org\/{rel}","templated":true}]}}