{"id":11096,"date":"2025-05-08T11:49:03","date_gmt":"2025-05-08T11:49:03","guid":{"rendered":"https:\/\/cms-euro.com\/?post_type=product&#038;p=11096"},"modified":"2025-05-08T11:52:37","modified_gmt":"2025-05-08T11:52:37","slug":"koch-deckelanhanger-150x250cm-hohe125cm-1300kgtyp-6-13seitentur","status":"publish","type":"product","link":"https:\/\/cms-euro.com\/?product=koch-deckelanhanger-150x250cm-hohe125cm-1300kgtyp-6-13seitentur","title":{"rendered":"Koch Deckelanh\u00e4nger 150x250cm H\u00f6he:125cm 1300kg|Typ 6.13|Seitent\u00fcr"},"content":{"rendered":"<p>Informations sur le produit \u00ab\u00a0Remorque \u00e0 couvercle Koch 150x250cm hauteur : 125cm 1300kg|Type 6.13|Porte lat\u00e9rale\u00a0\u00bb<br \/>\nB\u00e2che de remorque 150x250cm Hauteur:125cm 1300kg|Type 6.13|Porte lat\u00e9rale|Koch<br \/>\nRemorque voiture avec couvercle type 6.13 avec une dimension de chargement 150 x 250 x 125cm. Remorque l\u00e9g\u00e8re en aluminium avec un poids total autoris\u00e9 de 1300 kg et une charge utile de 980 kg (sans accessoires) incluant une garantie de 10 ans. Koch-Anh\u00e4ngerwerke fabrique des remorques de qualit\u00e9 fabriqu\u00e9es en Allemagne depuis plus de 30 ans.<\/p>\n<p>Caract\u00e9ristiques sp\u00e9ciales<br \/>\nGarantie 10 ans  (unique)<br \/>\nhayon comme   porte lat\u00e9rale<br \/>\nparoi lat\u00e9rale en aluminium  anodis\u00e9 \u00e0 double paroi  30 mm (unique)<br \/>\nParoi lat\u00e9rale avec  syst\u00e8me de s\u00e9curisation de la charge  en  acier inoxydable V2A  (unique)<br \/>\nserrures de hayon tr\u00e8s stables   en  acier inoxydable V2A  (unique)<br \/>\nRaccord \u00e0 vis lat\u00e9ral  complet  en acier inoxydable V2A 8 mm  (unique)<br \/>\nGalerie d&rsquo;arrimage \u00e0 quatre c\u00f4t\u00e9s \/  garde-corps sur couvercle   (unique)<br \/>\n2x ancrages filet\u00e9s M16 \/  tiges filet\u00e9es stables \u00e0 l&rsquo;arri\u00e8re  (unique)<br \/>\n\u00e9quipement suppl\u00e9mentaire<br \/>\nPlancher en bois 18 mm, sol s\u00e9rigraphi\u00e9 stable, antid\u00e9rapant, bois de bouleau coll\u00e9 imperm\u00e9able<br \/>\nEssieu et timon enti\u00e8rement galvanis\u00e9s \u00e0 chaud Fabricant ALKO<br \/>\ngros pneus 195\/70 R14 \u00e9quilibr\u00e9s et capables de rouler \u00e0 100 km\/h<br \/>\nGarde-boue en t\u00f4le d&rsquo;acier viss\u00e9 avec des vis en acier inoxydable de 8 mm<br \/>\nCircuit \u00e9lectrique 12 volts, prise 13 broches avec feu de recul<br \/>\nCouvercle en aluminium massif avec raccord \u00e0 vis V2a de 8 mm<br \/>\nfermeture du couvercle stable en V2a \u00e0 l&rsquo;arri\u00e8re avec verrouillage \u00e0 disque<br \/>\n2 charni\u00e8res robustes en acier inoxydable V2a \u00e0 l&rsquo;avant<br \/>\n2 ressorts \u00e0 gaz pour une ouverture facile<br \/>\nCouvercle facilement amovible<br \/>\nDivers<br \/>\nDocument d&rsquo;immatriculation du v\u00e9hicule \/ Certificat d&rsquo;immatriculation Partie 2<br \/>\nSi vous souhaitez acheter cette remorque ou si vous avez d&rsquo;autres questions concernant la remorque, veuillez utiliser notre dossier interne de remorque \u00ab n\u00b0 10405613 \u00bb.<\/p>\n<p>Mod\u00e8le:\t6.13<br \/>\nParticularit\u00e9 :\tRaccord \u00e0 vis V2A 8 mm, hayon comme porte lat\u00e9rale, fixations en acier inoxydable sur le hayon, fabriqu\u00e9 en Allemagne<br \/>\nroue de support:\tOui<br \/>\nSupports arri\u00e8res :\tOui<br \/>\nPneus:\t1 pneus de marque A \u00e9quilibr\u00e9s<br \/>\nGarantie d&rsquo;usine:\tGarantie de 10 ans selon les conditions de garantie<br \/>\nFrein:\tFrein \u00e0 inertie ALKO<br \/>\nGalvanisation \u00e0 chaud :\tOui<br \/>\nMarche arri\u00e8re automatique :\tOui<br \/>\nSyst\u00e8me d&rsquo;essieu :\tessieu \u00e0 ressorts en caoutchouc avec suspension \u00e0 roues ind\u00e9pendantes, sans entretien<br \/>\nNombre d&rsquo;axes :\t1<br \/>\nplaque de base:\tBois 18 mm, aluminium disponible en \u00e9quipement sp\u00e9cial<br \/>\nMat\u00e9riau des parois lat\u00e9rales :\taluminium anodis\u00e9<br \/>\nraccordement \u00e9lectrique:\tConnecteur \u00e0 13 broches<br \/>\n\u00c9clairage:\tfeu de brouillard<br \/>\nUn avis :\tSous r\u00e9serve d&rsquo;erreurs, de modifications et de ventes anticip\u00e9es<br \/>\nLivraison:\tLivraison possible dans tout le pays<br \/>\nLivrer avec :<br \/>\n\u2013 Ses papiers allemands d\u2019origine<br \/>\n\u2013 La facture d\u2019achat originale \u00e0 votre nom<\/p>\n","protected":false},"excerpt":{"rendered":"<p>Largeur de l&rsquo;espace de chargement :  150 cm<br \/>\nLongueur de l&rsquo;espace de chargement :  250 cm<br \/>\nHauteur de l&rsquo;espace de chargement :  125 cm<br \/>\nPoids \u00e0 vide environ :  320 kg<br \/>\nCharge utile environ :  980 kg<br \/>\nPoids total autoris\u00e9 :  1300 kg<\/p>\n","protected":false},"featured_media":11373,"comment_status":"closed","ping_status":"closed","template":"","meta":{"inline_featured_image":false},"product_brand":[],"product_cat":[130,105],"product_tag":[],"class_list":{"0":"post-11096","1":"product","2":"type-product","3":"status-publish","4":"has-post-thumbnail","6":"product_cat-remorque-voiture","7":"product_cat-remorques","9":"first","10":"instock","11":"sale","12":"taxable","13":"shipping-taxable","14":"product-type-simple"},"_links":{"self":[{"href":"https:\/\/cms-euro.com\/index.php?rest_route=\/wp\/v2\/product\/11096","targetHints":{"allow":["GET"]}}],"collection":[{"href":"https:\/\/cms-euro.com\/index.php?rest_route=\/wp\/v2\/product"}],"about":[{"href":"https:\/\/cms-euro.com\/index.php?rest_route=\/wp\/v2\/types\/product"}],"replies":[{"embeddable":true,"href":"https:\/\/cms-euro.com\/index.php?rest_route=%2Fwp%2Fv2%2Fcomments&post=11096"}],"version-history":[{"count":0,"href":"https:\/\/cms-euro.com\/index.php?rest_route=\/wp\/v2\/product\/11096\/revisions"}],"wp:featuredmedia":[{"embeddable":true,"href":"https:\/\/cms-euro.com\/index.php?rest_route=\/wp\/v2\/media\/11373"}],"wp:attachment":[{"href":"https:\/\/cms-euro.com\/index.php?rest_route=%2Fwp%2Fv2%2Fmedia&parent=11096"}],"wp:term":[{"taxonomy":"product_brand","embeddable":true,"href":"https:\/\/cms-euro.com\/index.php?rest_route=%2Fwp%2Fv2%2Fproduct_brand&post=11096"},{"taxonomy":"product_cat","embeddable":true,"href":"https:\/\/cms-euro.com\/index.php?rest_route=%2Fwp%2Fv2%2Fproduct_cat&post=11096"},{"taxonomy":"product_tag","embeddable":true,"href":"https:\/\/cms-euro.com\/index.php?rest_route=%2Fwp%2Fv2%2Fproduct_tag&post=11096"}],"curies":[{"name":"wp","href":"https:\/\/api.w.org\/{rel}","templated":true}]}}