{"id":11131,"date":"2025-05-08T11:49:46","date_gmt":"2025-05-08T11:49:46","guid":{"rendered":"https:\/\/cms-euro.com\/?post_type=product&#038;p=11131"},"modified":"2025-05-08T11:53:42","modified_gmt":"2025-05-08T11:53:42","slug":"tiny-house-wohnwagen-s169-7m","status":"publish","type":"product","link":"https:\/\/cms-euro.com\/?product=tiny-house-wohnwagen-s169-7m","title":{"rendered":"Tiny House WOHNWAGEN S169 7M"},"content":{"rendered":"<p>La roulotte cabine S169 comprend une salle \u00e0 manger, une cuisine, un WC et une chambre pour deux personnes, un salon avec une chemin\u00e9e et une t\u00e9l\u00e9vision. Bardage ext\u00e9rieur en bois v\u00e9ritable, syst\u00e8me d&rsquo;eau interne et externe.<\/p>\n<p>Dimensions internes<br \/>\n7 240 x 2 350 x (H) 2 200 mm<br \/>\nDimensions hors tout<br \/>\n9310 x 2550 x (H) 3090 mm<br \/>\nMasse totale<br \/>\n3500 kg<\/p>\n<p>freins \/<br \/>\nessieux frein\u00e9s \/ 2 essieux<br \/>\n-Cadre<br \/>\n\u2013 Connexion par boulon<\/p>\n<p>\u00c9quipement standard<br \/>\nSemelle avec isolation thermique XPS 60 mm et rev\u00eatement PVC<br \/>\nMurs en isolation thermique XPS de 50 mm<br \/>\nPlafond isol\u00e9 XPS 70 mm<br \/>\nLa capacit\u00e9 de charge de l&rsquo;attelage de remorque est de 400 kg<br \/>\nRev\u00eatement ext\u00e9rieur en bois v\u00e9ritable (noir)<br \/>\n\u00c9clairage int\u00e9rieur LED dans toutes les pi\u00e8ces (dimmable)<br \/>\n4 supports d&rsquo;angle<br \/>\nRaccordement \u00e9lectrique 230V-16A avec rallonge<br \/>\nChambres climatis\u00e9es<br \/>\nSyst\u00e8me d&rsquo;eau interne et externe<br \/>\nRoues \u00e9quilibr\u00e9es avec pneus M+S<br \/>\nPortes doubles scell\u00e9es et \u00e9tanches<br \/>\nLit\/canap\u00e9-lit<br \/>\nReste<br \/>\nTable basse<br \/>\nCoffret d&rsquo;\u00e9quipement sur la poign\u00e9e<br \/>\nChemin\u00e9e bio (m\u00e9thanol)<br \/>\nTV<br \/>\nChauffeur de Truma Gas<br \/>\nSALLE \u00c0 MANGER:<\/p>\n<p>Tableau<br \/>\n2 tabourets de bar<br \/>\nUn four \u00e0 micro-ondes<br \/>\n4 pancartes<br \/>\nCuisini\u00e8re \u00e0 gaz<br \/>\nR\u00e9frig\u00e9rateur<br \/>\nFen\u00eatre<br \/>\nLavabo de salle de bain<br \/>\nSALLE DE BAIN:<\/p>\n<p>GAZ Cendrillon<br \/>\nMiroir<br \/>\nLavabo de salle de bain<br \/>\nAccessoires :<\/p>\n<p>3x panneaux solaires 360W<br \/>\n2 batteries lithium 150 Ah 12 V.<br \/>\nFilm miroir sur les fen\u00eatres<br \/>\nChargeur de batterie Onduleur<\/p>\n","protected":false},"excerpt":{"rendered":"<p>Vous souhaitez profiter du calme de la nature, mais ne voulez pas faire de compromis sur le confort ? D\u00e9couvrez la collection de Mobile Home Alro \u2013 l\u2019option la plus luxueuse et la plus polyvalente du march\u00e9. Alro n&rsquo;est pas seulement \u00e9l\u00e9gant, mais aussi fonctionnel. La cabine S169 dispose d&rsquo;un coin repas, d&rsquo;une cuisine, de toilettes et d&rsquo;une chambre pour deux personnes, d&rsquo;un coin salon avec chemin\u00e9e et TV. Rev\u00eatement ext\u00e9rieur en bois v\u00e9ritable, syst\u00e8me d&rsquo;eau int\u00e9rieur et ext\u00e9rieur. Que vous ayez besoin d&rsquo;une cabine principale, d&rsquo;une cabine d&rsquo;invit\u00e9s ou d&rsquo;une cabine de sauna moderne, cette remorque cabine r\u00e9pondra \u00e0 vos attentes. Chaque Mobile Home Alro est toujours \u00e9quip\u00e9e selon les souhaits du client et les caract\u00e9ristiques sp\u00e9cifiques du site. Le cadre est r\u00e9alis\u00e9 en t\u00f4le d&rsquo;acier galvanis\u00e9e \u00e0 chaud et assembl\u00e9 par des assemblages boulonn\u00e9s. Le syst\u00e8me \u00e9lectrique et les lumi\u00e8res sont r\u00e9sistants aux intemp\u00e9ries. <\/p>\n","protected":false},"featured_media":11407,"comment_status":"closed","ping_status":"closed","template":"","meta":{"inline_featured_image":false},"product_brand":[],"product_cat":[122],"product_tag":[],"class_list":{"0":"post-11131","1":"product","2":"type-product","3":"status-publish","4":"has-post-thumbnail","6":"product_cat-mobil-homes","8":"first","9":"instock","10":"sale","11":"taxable","12":"shipping-taxable","13":"product-type-simple"},"_links":{"self":[{"href":"https:\/\/cms-euro.com\/index.php?rest_route=\/wp\/v2\/product\/11131","targetHints":{"allow":["GET"]}}],"collection":[{"href":"https:\/\/cms-euro.com\/index.php?rest_route=\/wp\/v2\/product"}],"about":[{"href":"https:\/\/cms-euro.com\/index.php?rest_route=\/wp\/v2\/types\/product"}],"replies":[{"embeddable":true,"href":"https:\/\/cms-euro.com\/index.php?rest_route=%2Fwp%2Fv2%2Fcomments&post=11131"}],"version-history":[{"count":0,"href":"https:\/\/cms-euro.com\/index.php?rest_route=\/wp\/v2\/product\/11131\/revisions"}],"wp:featuredmedia":[{"embeddable":true,"href":"https:\/\/cms-euro.com\/index.php?rest_route=\/wp\/v2\/media\/11407"}],"wp:attachment":[{"href":"https:\/\/cms-euro.com\/index.php?rest_route=%2Fwp%2Fv2%2Fmedia&parent=11131"}],"wp:term":[{"taxonomy":"product_brand","embeddable":true,"href":"https:\/\/cms-euro.com\/index.php?rest_route=%2Fwp%2Fv2%2Fproduct_brand&post=11131"},{"taxonomy":"product_cat","embeddable":true,"href":"https:\/\/cms-euro.com\/index.php?rest_route=%2Fwp%2Fv2%2Fproduct_cat&post=11131"},{"taxonomy":"product_tag","embeddable":true,"href":"https:\/\/cms-euro.com\/index.php?rest_route=%2Fwp%2Fv2%2Fproduct_tag&post=11131"}],"curies":[{"name":"wp","href":"https:\/\/api.w.org\/{rel}","templated":true}]}}