{"id":12010,"date":"2025-06-04T18:06:54","date_gmt":"2025-06-04T18:06:54","guid":{"rendered":"https:\/\/cms-euro.com\/?post_type=product&#038;p=12010"},"modified":"2025-06-04T18:07:59","modified_gmt":"2025-06-04T18:07:59","slug":"nouveau-conteneur-de-10-pieds","status":"publish","type":"product","link":"https:\/\/cms-euro.com\/?product=nouveau-conteneur-de-10-pieds","title":{"rendered":"NOUVEAU CONTENEUR DE 10 PIEDS"},"content":{"rendered":"<p><span>Les dimensions de ce conteneur sont normalement mesur\u00e9es selon le syst\u00e8me anglo-saxon, un pied \u00e9quivalant \u00e0 30,48 centim\u00e8tres. Avec cette conversion, les dimensions ext\u00e9rieures et int\u00e9rieures d&rsquo;un conteneur de 10 pieds sont\u00a0:<\/span><\/p>\n<p><span>Dimensions ext\u00e9rieures :<\/span><br \/>\n<span>2,98 m\u00e8tres de long au sud 2,44 m\u00e8tres de large au sud 2,50 m\u00e8tres de haut.<\/span><\/p>\n<p><span>Dimensions int\u00e9rieures :<\/span><br \/>\n<span>2,83 m\u00e8tres de long au sud 2,32 m\u00e8tres de long au sud 2,41 m\u00e8tres de haut.<\/span><\/p>\n<p><span>A Moyenne, le poids d&rsquo;un conteneur de 10 pieds est de 825 kilos.<\/span><\/p>\n<p><span>Les principales caract\u00e9ristiques d&rsquo;un conteneur de 10 pieds sont :<\/span><\/p>\n<p><span>Herm\u00e9tique<\/span><br \/>\n<span>Sans ventilation ni refroidissement<\/span><br \/>\n<span>En acier<\/span><br \/>\n<span>Porte \u00e0 deux vantaux.<\/span><\/p>\n","protected":false},"excerpt":{"rendered":"<p>Le conteneur de 10 pieds, qui a une mesure inf\u00e9rieure normale, est \u00e9galement tr\u00e8s utile pour les concessionnaires qui n&rsquo;ont pas besoin d&rsquo;un bel espace pour le transport, ni d&rsquo;une grande s\u00e9curit\u00e9 pour le transport a\u00e9rien.<\/p>\n","protected":false},"featured_media":12013,"comment_status":"open","ping_status":"closed","template":"","meta":{"inline_featured_image":false},"product_brand":[],"product_cat":[210],"product_tag":[],"class_list":{"0":"post-12010","1":"product","2":"type-product","3":"status-publish","4":"has-post-thumbnail","6":"product_cat-container-10-pieds","8":"first","9":"instock","10":"taxable","11":"shipping-taxable","12":"product-type-simple"},"_links":{"self":[{"href":"https:\/\/cms-euro.com\/index.php?rest_route=\/wp\/v2\/product\/12010","targetHints":{"allow":["GET"]}}],"collection":[{"href":"https:\/\/cms-euro.com\/index.php?rest_route=\/wp\/v2\/product"}],"about":[{"href":"https:\/\/cms-euro.com\/index.php?rest_route=\/wp\/v2\/types\/product"}],"replies":[{"embeddable":true,"href":"https:\/\/cms-euro.com\/index.php?rest_route=%2Fwp%2Fv2%2Fcomments&post=12010"}],"version-history":[{"count":3,"href":"https:\/\/cms-euro.com\/index.php?rest_route=\/wp\/v2\/product\/12010\/revisions"}],"predecessor-version":[{"id":12016,"href":"https:\/\/cms-euro.com\/index.php?rest_route=\/wp\/v2\/product\/12010\/revisions\/12016"}],"wp:featuredmedia":[{"embeddable":true,"href":"https:\/\/cms-euro.com\/index.php?rest_route=\/wp\/v2\/media\/12013"}],"wp:attachment":[{"href":"https:\/\/cms-euro.com\/index.php?rest_route=%2Fwp%2Fv2%2Fmedia&parent=12010"}],"wp:term":[{"taxonomy":"product_brand","embeddable":true,"href":"https:\/\/cms-euro.com\/index.php?rest_route=%2Fwp%2Fv2%2Fproduct_brand&post=12010"},{"taxonomy":"product_cat","embeddable":true,"href":"https:\/\/cms-euro.com\/index.php?rest_route=%2Fwp%2Fv2%2Fproduct_cat&post=12010"},{"taxonomy":"product_tag","embeddable":true,"href":"https:\/\/cms-euro.com\/index.php?rest_route=%2Fwp%2Fv2%2Fproduct_tag&post=12010"}],"curies":[{"name":"wp","href":"https:\/\/api.w.org\/{rel}","templated":true}]}}