{"id":12027,"date":"2025-06-04T18:36:07","date_gmt":"2025-06-04T18:36:07","guid":{"rendered":"https:\/\/cms-euro.com\/?post_type=product&#038;p=12027"},"modified":"2025-06-04T18:36:07","modified_gmt":"2025-06-04T18:36:07","slug":"maison-conteneur-3","status":"publish","type":"product","link":"https:\/\/cms-euro.com\/?product=maison-conteneur-3","title":{"rendered":"MAISON CONTENEUR"},"content":{"rendered":"<div class=\"product-tabs-wrapper\">\n<div class=\"container\">\n<div class=\"row\">\n<div class=\"col-12 poduct-tabs-inner\">\n<div class=\"woocommerce-tabs wc-tabs-wrapper tabs-layout-tabs\" data-state=\"first\" data-layout=\"tabs\">\n<div class=\"wd-accordion-item\">\n<div id=\"tab-description\" class=\"entry-content woocommerce-Tabs-panel woocommerce-Tabs-panel--description wd-active panel wc-tab\" role=\"tabpanel\" aria-labelledby=\"tab-title-description\" data-accordion-index=\"description\">\n<div class=\"wc-tab-inner\">\n<p><span>Une maison conteneur est une habitation construite \u00e0 partir de conteneurs utilis\u00e9s pour le transport de marchandises par bateau et par train. Les conteneurs sont principalement en acier, robustes et durables, et, gr\u00e2ce \u00e0 leur faible co\u00fbt, ils constituent facilement la base de construction d&rsquo;une maison.<\/span><\/p>\n<\/div>\n<\/div>\n<\/div>\n<div class=\"wd-accordion-item\"><\/div>\n<\/div>\n<\/div>\n<\/div>\n<\/div>\n<\/div>\n","protected":false},"excerpt":{"rendered":"<p><span>Il s&rsquo;agit de deux conteneurs de 20 pieds attach\u00e9s \u00e0 un conteneur pr\u00e9fabriqu\u00e9 de 4 m pour un total de 54 m2 !!<\/span><\/p>\n<p><span>Il comprend :<\/span><br \/>\n<span>\u2013 Toiture \u00e0 deux versants.<\/span><br \/>\n<span>\u2013 Traitement antirouille poli.<\/span><br \/>\n<span>\u2013 Rev\u00eatement ext\u00e9rieur avec d\u00e9tails en c\u00e9ramique imitation pierre.<\/span><br \/>\n<span>\u2013 Plancher flottant en vinyle tr\u00e8s fr\u00e9quent\u00e9. \u2013<\/span><br \/>\n<span>Rev\u00eatement int\u00e9rieur en m\u00e9lamine<\/span><br \/>\n<span>. \u2013 Plafond en PVC.<\/span><br \/>\n<span>\u2013 Isolation thermique et acoustique en polyur\u00e9thane projet\u00e9.<\/span><br \/>\n<span>\u2013 Installation \u00e9lectrique.<\/span><br \/>\n<span>\u2013 Fen\u00eatres en aluminium blanc avec stores enrouleurs dans les chambres.<\/span><br \/>\n<span>\u2013 Salle de bain compl\u00e8te rev\u00eatue de c\u00e9ramique.<\/span><br \/>\n<span>\u2013 Cuisine compl\u00e8te avec rev\u00eatement en c\u00e9ramique.<\/span><br \/>\n<span>\u2013 Avant-toit en t\u00f4le trap\u00e9zo\u00efdale de calibre 26 sur la fa\u00e7ade 4&#215;2 et sur les c\u00f4t\u00e9s 6&#215;3.<\/span><br \/>\n<span>\u2013 Terrasse en bois de pin environ sur la fa\u00e7ade 4 x 2 et en profondeur 7 x 2.<\/span><\/p>\n","protected":false},"featured_media":12030,"comment_status":"open","ping_status":"closed","template":"","meta":{"inline_featured_image":false},"product_brand":[],"product_cat":[211,117],"product_tag":[],"class_list":{"0":"post-12027","1":"product","2":"type-product","3":"status-publish","4":"has-post-thumbnail","6":"product_cat-container-maison","7":"product_cat-containers","9":"first","10":"instock","11":"taxable","12":"shipping-taxable","13":"product-type-simple"},"_links":{"self":[{"href":"https:\/\/cms-euro.com\/index.php?rest_route=\/wp\/v2\/product\/12027","targetHints":{"allow":["GET"]}}],"collection":[{"href":"https:\/\/cms-euro.com\/index.php?rest_route=\/wp\/v2\/product"}],"about":[{"href":"https:\/\/cms-euro.com\/index.php?rest_route=\/wp\/v2\/types\/product"}],"replies":[{"embeddable":true,"href":"https:\/\/cms-euro.com\/index.php?rest_route=%2Fwp%2Fv2%2Fcomments&post=12027"}],"version-history":[{"count":2,"href":"https:\/\/cms-euro.com\/index.php?rest_route=\/wp\/v2\/product\/12027\/revisions"}],"predecessor-version":[{"id":12032,"href":"https:\/\/cms-euro.com\/index.php?rest_route=\/wp\/v2\/product\/12027\/revisions\/12032"}],"wp:featuredmedia":[{"embeddable":true,"href":"https:\/\/cms-euro.com\/index.php?rest_route=\/wp\/v2\/media\/12030"}],"wp:attachment":[{"href":"https:\/\/cms-euro.com\/index.php?rest_route=%2Fwp%2Fv2%2Fmedia&parent=12027"}],"wp:term":[{"taxonomy":"product_brand","embeddable":true,"href":"https:\/\/cms-euro.com\/index.php?rest_route=%2Fwp%2Fv2%2Fproduct_brand&post=12027"},{"taxonomy":"product_cat","embeddable":true,"href":"https:\/\/cms-euro.com\/index.php?rest_route=%2Fwp%2Fv2%2Fproduct_cat&post=12027"},{"taxonomy":"product_tag","embeddable":true,"href":"https:\/\/cms-euro.com\/index.php?rest_route=%2Fwp%2Fv2%2Fproduct_tag&post=12027"}],"curies":[{"name":"wp","href":"https:\/\/api.w.org\/{rel}","templated":true}]}}