{"id":12058,"date":"2025-06-04T23:10:26","date_gmt":"2025-06-04T23:10:26","guid":{"rendered":"https:\/\/cms-euro.com\/?post_type=product&#038;p=12058"},"modified":"2025-06-04T23:10:26","modified_gmt":"2025-06-04T23:10:26","slug":"maison-conteneur-4","status":"publish","type":"product","link":"https:\/\/cms-euro.com\/?product=maison-conteneur-4","title":{"rendered":"MAISON CONTENEUR"},"content":{"rendered":"","protected":false},"excerpt":{"rendered":"<blockquote><p><span>Maison en ossature m\u00e9tallique transportable livr\u00e9e \u00e0 La Paloma, Rocha. Elle<\/span><br \/>\n<span>comprend un module 6 x 3 reli\u00e9 \u00e0 un module 3 x 3.<\/span><\/p><\/blockquote>\n<p><span>Fran\u00e7ais Il comprend :<\/span><br \/>\n<span>\u2013 Toiture \u00e0 un seul versant.<\/span><br \/>\n<span>\u2013 Finition polie et antirouille.<\/span><br \/>\n<span>\u2013 Rev\u00eatement ext\u00e9rieur et t\u00f4le ondul\u00e9e.<\/span><br \/>\n<span>\u2013 Rev\u00eatement de sol en vinyle \u00e0 trafic \u00e9lev\u00e9. \u2013<\/span><br \/>\n<span>Rev\u00eatement int\u00e9rieur en m\u00e9lamine.<\/span><br \/>\n<span>\u2013 Plafond en PVC.<\/span><br \/>\n<span>\u2013 Isolation thermique et acoustique en polyur\u00e9thane projet\u00e9.<\/span><br \/>\n<span>\u2013 Installation \u00e9lectrique.<\/span><br \/>\n<span>\u2013 Fen\u00eatres en aluminium noir.<\/span><br \/>\n<span>\u2013 Salle de bain compl\u00e8te rev\u00eatue de carreaux de c\u00e9ramique.<\/span><br \/>\n<span>\u2013 Cuisine compl\u00e8te avec carreaux de c\u00e9ramique<\/span><\/p>\n","protected":false},"featured_media":12059,"comment_status":"open","ping_status":"closed","template":"","meta":{"inline_featured_image":false},"product_brand":[],"product_cat":[211,117],"product_tag":[],"class_list":{"0":"post-12058","1":"product","2":"type-product","3":"status-publish","4":"has-post-thumbnail","6":"product_cat-container-maison","7":"product_cat-containers","9":"first","10":"instock","11":"taxable","12":"shipping-taxable","13":"product-type-simple"},"_links":{"self":[{"href":"https:\/\/cms-euro.com\/index.php?rest_route=\/wp\/v2\/product\/12058","targetHints":{"allow":["GET"]}}],"collection":[{"href":"https:\/\/cms-euro.com\/index.php?rest_route=\/wp\/v2\/product"}],"about":[{"href":"https:\/\/cms-euro.com\/index.php?rest_route=\/wp\/v2\/types\/product"}],"replies":[{"embeddable":true,"href":"https:\/\/cms-euro.com\/index.php?rest_route=%2Fwp%2Fv2%2Fcomments&post=12058"}],"version-history":[{"count":2,"href":"https:\/\/cms-euro.com\/index.php?rest_route=\/wp\/v2\/product\/12058\/revisions"}],"predecessor-version":[{"id":12063,"href":"https:\/\/cms-euro.com\/index.php?rest_route=\/wp\/v2\/product\/12058\/revisions\/12063"}],"wp:featuredmedia":[{"embeddable":true,"href":"https:\/\/cms-euro.com\/index.php?rest_route=\/wp\/v2\/media\/12059"}],"wp:attachment":[{"href":"https:\/\/cms-euro.com\/index.php?rest_route=%2Fwp%2Fv2%2Fmedia&parent=12058"}],"wp:term":[{"taxonomy":"product_brand","embeddable":true,"href":"https:\/\/cms-euro.com\/index.php?rest_route=%2Fwp%2Fv2%2Fproduct_brand&post=12058"},{"taxonomy":"product_cat","embeddable":true,"href":"https:\/\/cms-euro.com\/index.php?rest_route=%2Fwp%2Fv2%2Fproduct_cat&post=12058"},{"taxonomy":"product_tag","embeddable":true,"href":"https:\/\/cms-euro.com\/index.php?rest_route=%2Fwp%2Fv2%2Fproduct_tag&post=12058"}],"curies":[{"name":"wp","href":"https:\/\/api.w.org\/{rel}","templated":true}]}}