{"id":12097,"date":"2025-06-16T22:02:49","date_gmt":"2025-06-16T22:02:49","guid":{"rendered":"https:\/\/cms-euro.com\/?post_type=product&#038;p=12097"},"modified":"2025-06-16T22:02:53","modified_gmt":"2025-06-16T22:02:53","slug":"studio-conteneur-40-amenage-habitable","status":"publish","type":"product","link":"https:\/\/cms-euro.com\/?product=studio-conteneur-40-amenage-habitable","title":{"rendered":"Studio conteneur 40&prime; am\u00e9nag\u00e9 habitable"},"content":{"rendered":"","protected":false},"excerpt":{"rendered":"<p>D\u00e9couvrez notre\u00a0<strong>studio en conteneur am\u00e9nag\u00e9 habitable<\/strong>, construit dans un conteneur de 40 pieds. Une v\u00e9ritable petite maison conteneur am\u00e9nag\u00e9 avec toiture v\u00e9g\u00e9talis\u00e9e.<\/p>\n<p><strong>Studio conteneur am\u00e9nag\u00e9 avec toiture v\u00e9g\u00e9talis\u00e9e en option\u00a0<\/strong><\/p>\n<p><strong>M<\/strong><strong>aison conteneur am\u00e9nag\u00e9\u00a0<\/strong>est le plus populaire, construit dans un conteneur de 40 pieds. Il est dot\u00e9 d&rsquo;une cuisine luxueuse avec des appareils \u00e9lectrom\u00e9nagers de taille normale dans une vari\u00e9t\u00e9 de finitions. Cette construction comprend une chambre \u00e0 coucher au rez-de-chauss\u00e9e, un beau salon et une baignoire ou une douche \u00e0 l&rsquo;italienne.<\/p>\n","protected":false},"featured_media":12114,"comment_status":"closed","ping_status":"closed","template":"","meta":{"inline_featured_image":false},"product_brand":[],"product_cat":[117,118],"product_tag":[],"class_list":{"0":"post-12097","1":"product","2":"type-product","3":"status-publish","4":"has-post-thumbnail","6":"product_cat-containers","7":"product_cat-conteneur-amenage","9":"first","10":"instock","11":"taxable","12":"shipping-taxable","13":"product-type-simple"},"_links":{"self":[{"href":"https:\/\/cms-euro.com\/index.php?rest_route=\/wp\/v2\/product\/12097","targetHints":{"allow":["GET"]}}],"collection":[{"href":"https:\/\/cms-euro.com\/index.php?rest_route=\/wp\/v2\/product"}],"about":[{"href":"https:\/\/cms-euro.com\/index.php?rest_route=\/wp\/v2\/types\/product"}],"replies":[{"embeddable":true,"href":"https:\/\/cms-euro.com\/index.php?rest_route=%2Fwp%2Fv2%2Fcomments&post=12097"}],"version-history":[{"count":1,"href":"https:\/\/cms-euro.com\/index.php?rest_route=\/wp\/v2\/product\/12097\/revisions"}],"predecessor-version":[{"id":12115,"href":"https:\/\/cms-euro.com\/index.php?rest_route=\/wp\/v2\/product\/12097\/revisions\/12115"}],"wp:featuredmedia":[{"embeddable":true,"href":"https:\/\/cms-euro.com\/index.php?rest_route=\/wp\/v2\/media\/12114"}],"wp:attachment":[{"href":"https:\/\/cms-euro.com\/index.php?rest_route=%2Fwp%2Fv2%2Fmedia&parent=12097"}],"wp:term":[{"taxonomy":"product_brand","embeddable":true,"href":"https:\/\/cms-euro.com\/index.php?rest_route=%2Fwp%2Fv2%2Fproduct_brand&post=12097"},{"taxonomy":"product_cat","embeddable":true,"href":"https:\/\/cms-euro.com\/index.php?rest_route=%2Fwp%2Fv2%2Fproduct_cat&post=12097"},{"taxonomy":"product_tag","embeddable":true,"href":"https:\/\/cms-euro.com\/index.php?rest_route=%2Fwp%2Fv2%2Fproduct_tag&post=12097"}],"curies":[{"name":"wp","href":"https:\/\/api.w.org\/{rel}","templated":true}]}}