{"id":12099,"date":"2025-06-16T22:02:49","date_gmt":"2025-06-16T22:02:49","guid":{"rendered":"https:\/\/cms-euro.com\/?post_type=product&#038;p=12099"},"modified":"2025-06-16T22:03:21","modified_gmt":"2025-06-16T22:03:21","slug":"conteneur-maison-black-2-chambres","status":"publish","type":"product","link":"https:\/\/cms-euro.com\/?product=conteneur-maison-black-2-chambres","title":{"rendered":"Conteneur maison Black 2 chambres"},"content":{"rendered":"","protected":false},"excerpt":{"rendered":"<p>Conteneur maison Black 2 fois 40 pieds<\/p>\n<p>2x chambre, 1x porte d&rsquo;entr\u00e9e, 1x porte int\u00e9rieure, 4x fen\u00eatre, 1x toilette avec lavabos, 1x douche, 1x cuisine<\/p>\n","protected":false},"featured_media":12143,"comment_status":"closed","ping_status":"closed","template":"","meta":{"inline_featured_image":false},"product_brand":[],"product_cat":[117,118],"product_tag":[],"class_list":{"0":"post-12099","1":"product","2":"type-product","3":"status-publish","4":"has-post-thumbnail","6":"product_cat-containers","7":"product_cat-conteneur-amenage","9":"first","10":"instock","11":"product-type-simple"},"_links":{"self":[{"href":"https:\/\/cms-euro.com\/index.php?rest_route=\/wp\/v2\/product\/12099","targetHints":{"allow":["GET"]}}],"collection":[{"href":"https:\/\/cms-euro.com\/index.php?rest_route=\/wp\/v2\/product"}],"about":[{"href":"https:\/\/cms-euro.com\/index.php?rest_route=\/wp\/v2\/types\/product"}],"replies":[{"embeddable":true,"href":"https:\/\/cms-euro.com\/index.php?rest_route=%2Fwp%2Fv2%2Fcomments&post=12099"}],"version-history":[{"count":1,"href":"https:\/\/cms-euro.com\/index.php?rest_route=\/wp\/v2\/product\/12099\/revisions"}],"predecessor-version":[{"id":12144,"href":"https:\/\/cms-euro.com\/index.php?rest_route=\/wp\/v2\/product\/12099\/revisions\/12144"}],"wp:featuredmedia":[{"embeddable":true,"href":"https:\/\/cms-euro.com\/index.php?rest_route=\/wp\/v2\/media\/12143"}],"wp:attachment":[{"href":"https:\/\/cms-euro.com\/index.php?rest_route=%2Fwp%2Fv2%2Fmedia&parent=12099"}],"wp:term":[{"taxonomy":"product_brand","embeddable":true,"href":"https:\/\/cms-euro.com\/index.php?rest_route=%2Fwp%2Fv2%2Fproduct_brand&post=12099"},{"taxonomy":"product_cat","embeddable":true,"href":"https:\/\/cms-euro.com\/index.php?rest_route=%2Fwp%2Fv2%2Fproduct_cat&post=12099"},{"taxonomy":"product_tag","embeddable":true,"href":"https:\/\/cms-euro.com\/index.php?rest_route=%2Fwp%2Fv2%2Fproduct_tag&post=12099"}],"curies":[{"name":"wp","href":"https:\/\/api.w.org\/{rel}","templated":true}]}}