{"id":12100,"date":"2025-06-16T22:02:49","date_gmt":"2025-06-16T22:02:49","guid":{"rendered":"https:\/\/cms-euro.com\/?post_type=product&#038;p=12100"},"modified":"2025-06-16T22:03:36","modified_gmt":"2025-06-16T22:03:36","slug":"conteneur-restaurant-cafe","status":"publish","type":"product","link":"https:\/\/cms-euro.com\/?product=conteneur-restaurant-cafe","title":{"rendered":"Conteneur Restaurant Caf\u00e9"},"content":{"rendered":"","protected":false},"excerpt":{"rendered":"<p>Caf\u00e9 Conteneur Fen\u00eatres du sol au plafond avec boiseries, 1 x grande pi\u00e8ce, 1 x porte d&rsquo;entr\u00e9e en verre plus accessoire<\/p>\n","protected":false},"featured_media":12160,"comment_status":"closed","ping_status":"closed","template":"","meta":{"inline_featured_image":false},"product_brand":[],"product_cat":[117,118],"product_tag":[],"class_list":{"0":"post-12100","1":"product","2":"type-product","3":"status-publish","4":"has-post-thumbnail","6":"product_cat-containers","7":"product_cat-conteneur-amenage","9":"first","10":"instock","11":"taxable","12":"shipping-taxable","13":"product-type-simple"},"_links":{"self":[{"href":"https:\/\/cms-euro.com\/index.php?rest_route=\/wp\/v2\/product\/12100","targetHints":{"allow":["GET"]}}],"collection":[{"href":"https:\/\/cms-euro.com\/index.php?rest_route=\/wp\/v2\/product"}],"about":[{"href":"https:\/\/cms-euro.com\/index.php?rest_route=\/wp\/v2\/types\/product"}],"replies":[{"embeddable":true,"href":"https:\/\/cms-euro.com\/index.php?rest_route=%2Fwp%2Fv2%2Fcomments&post=12100"}],"version-history":[{"count":1,"href":"https:\/\/cms-euro.com\/index.php?rest_route=\/wp\/v2\/product\/12100\/revisions"}],"predecessor-version":[{"id":12161,"href":"https:\/\/cms-euro.com\/index.php?rest_route=\/wp\/v2\/product\/12100\/revisions\/12161"}],"wp:featuredmedia":[{"embeddable":true,"href":"https:\/\/cms-euro.com\/index.php?rest_route=\/wp\/v2\/media\/12160"}],"wp:attachment":[{"href":"https:\/\/cms-euro.com\/index.php?rest_route=%2Fwp%2Fv2%2Fmedia&parent=12100"}],"wp:term":[{"taxonomy":"product_brand","embeddable":true,"href":"https:\/\/cms-euro.com\/index.php?rest_route=%2Fwp%2Fv2%2Fproduct_brand&post=12100"},{"taxonomy":"product_cat","embeddable":true,"href":"https:\/\/cms-euro.com\/index.php?rest_route=%2Fwp%2Fv2%2Fproduct_cat&post=12100"},{"taxonomy":"product_tag","embeddable":true,"href":"https:\/\/cms-euro.com\/index.php?rest_route=%2Fwp%2Fv2%2Fproduct_tag&post=12100"}],"curies":[{"name":"wp","href":"https:\/\/api.w.org\/{rel}","templated":true}]}}