{"id":12101,"date":"2025-06-16T22:02:49","date_gmt":"2025-06-16T22:02:49","guid":{"rendered":"https:\/\/cms-euro.com\/?post_type=product&#038;p=12101"},"modified":"2025-06-16T22:03:38","modified_gmt":"2025-06-16T22:03:38","slug":"conteneur-habitable","status":"publish","type":"product","link":"https:\/\/cms-euro.com\/?product=conteneur-habitable","title":{"rendered":"Conteneur Habitable"},"content":{"rendered":"","protected":false},"excerpt":{"rendered":"<p>Conteneur habitable T1<\/p>\n<p>MOBILE \u2013 poids environ 1800 kg, en panneaux de polystyr\u00e8ne, excellente isolation en \u00e9t\u00e9 comme en hiver, chambre\u00a0Isolation des murs \u2013 laine de roche (10 cm)<\/p>\n<p>Dimensions : 16,8 m\u00b2<\/p>\n<p>longueur : 6,0<\/p>\n<p>largeur : 2,8 m<\/p>\n<p>hauteur : 2,6 m<\/p>\n","protected":false},"featured_media":12173,"comment_status":"closed","ping_status":"closed","template":"","meta":{"inline_featured_image":false},"product_brand":[],"product_cat":[117,118],"product_tag":[],"class_list":{"0":"post-12101","1":"product","2":"type-product","3":"status-publish","4":"has-post-thumbnail","6":"product_cat-containers","7":"product_cat-conteneur-amenage","9":"first","10":"instock","11":"taxable","12":"shipping-taxable","13":"product-type-simple"},"_links":{"self":[{"href":"https:\/\/cms-euro.com\/index.php?rest_route=\/wp\/v2\/product\/12101","targetHints":{"allow":["GET"]}}],"collection":[{"href":"https:\/\/cms-euro.com\/index.php?rest_route=\/wp\/v2\/product"}],"about":[{"href":"https:\/\/cms-euro.com\/index.php?rest_route=\/wp\/v2\/types\/product"}],"replies":[{"embeddable":true,"href":"https:\/\/cms-euro.com\/index.php?rest_route=%2Fwp%2Fv2%2Fcomments&post=12101"}],"version-history":[{"count":1,"href":"https:\/\/cms-euro.com\/index.php?rest_route=\/wp\/v2\/product\/12101\/revisions"}],"predecessor-version":[{"id":12174,"href":"https:\/\/cms-euro.com\/index.php?rest_route=\/wp\/v2\/product\/12101\/revisions\/12174"}],"wp:featuredmedia":[{"embeddable":true,"href":"https:\/\/cms-euro.com\/index.php?rest_route=\/wp\/v2\/media\/12173"}],"wp:attachment":[{"href":"https:\/\/cms-euro.com\/index.php?rest_route=%2Fwp%2Fv2%2Fmedia&parent=12101"}],"wp:term":[{"taxonomy":"product_brand","embeddable":true,"href":"https:\/\/cms-euro.com\/index.php?rest_route=%2Fwp%2Fv2%2Fproduct_brand&post=12101"},{"taxonomy":"product_cat","embeddable":true,"href":"https:\/\/cms-euro.com\/index.php?rest_route=%2Fwp%2Fv2%2Fproduct_cat&post=12101"},{"taxonomy":"product_tag","embeddable":true,"href":"https:\/\/cms-euro.com\/index.php?rest_route=%2Fwp%2Fv2%2Fproduct_tag&post=12101"}],"curies":[{"name":"wp","href":"https:\/\/api.w.org\/{rel}","templated":true}]}}