{"id":12102,"date":"2025-06-16T22:02:49","date_gmt":"2025-06-16T22:02:49","guid":{"rendered":"https:\/\/cms-euro.com\/?post_type=product&#038;p=12102"},"modified":"2025-06-16T22:03:39","modified_gmt":"2025-06-16T22:03:39","slug":"maison-conteneur-multi-unites","status":"publish","type":"product","link":"https:\/\/cms-euro.com\/?product=maison-conteneur-multi-unites","title":{"rendered":"Maison conteneur multi-unit\u00e9s"},"content":{"rendered":"","protected":false},"excerpt":{"rendered":"<p>MOD\u00c8LE \u00ab\u00a0TALOR \u00bb PR\u00caT \u00c0 \u00caTRE EXP\u00c9DI\u00c9<br \/>\nLe mod\u00e8le Talor est une belle maison conteneur multi-unit\u00e9s en forme de L.\u00a0Le Taylor est con\u00e7u pour augmenter votre superficie en pieds carr\u00e9s et votre espace habitable sans vous ruiner.<\/p>\n","protected":false},"featured_media":12184,"comment_status":"closed","ping_status":"closed","template":"","meta":{"inline_featured_image":false},"product_brand":[],"product_cat":[117,118],"product_tag":[],"class_list":{"0":"post-12102","1":"product","2":"type-product","3":"status-publish","4":"has-post-thumbnail","6":"product_cat-containers","7":"product_cat-conteneur-amenage","9":"first","10":"instock","11":"taxable","12":"shipping-taxable","13":"product-type-simple"},"_links":{"self":[{"href":"https:\/\/cms-euro.com\/index.php?rest_route=\/wp\/v2\/product\/12102","targetHints":{"allow":["GET"]}}],"collection":[{"href":"https:\/\/cms-euro.com\/index.php?rest_route=\/wp\/v2\/product"}],"about":[{"href":"https:\/\/cms-euro.com\/index.php?rest_route=\/wp\/v2\/types\/product"}],"replies":[{"embeddable":true,"href":"https:\/\/cms-euro.com\/index.php?rest_route=%2Fwp%2Fv2%2Fcomments&post=12102"}],"version-history":[{"count":1,"href":"https:\/\/cms-euro.com\/index.php?rest_route=\/wp\/v2\/product\/12102\/revisions"}],"predecessor-version":[{"id":12185,"href":"https:\/\/cms-euro.com\/index.php?rest_route=\/wp\/v2\/product\/12102\/revisions\/12185"}],"wp:featuredmedia":[{"embeddable":true,"href":"https:\/\/cms-euro.com\/index.php?rest_route=\/wp\/v2\/media\/12184"}],"wp:attachment":[{"href":"https:\/\/cms-euro.com\/index.php?rest_route=%2Fwp%2Fv2%2Fmedia&parent=12102"}],"wp:term":[{"taxonomy":"product_brand","embeddable":true,"href":"https:\/\/cms-euro.com\/index.php?rest_route=%2Fwp%2Fv2%2Fproduct_brand&post=12102"},{"taxonomy":"product_cat","embeddable":true,"href":"https:\/\/cms-euro.com\/index.php?rest_route=%2Fwp%2Fv2%2Fproduct_cat&post=12102"},{"taxonomy":"product_tag","embeddable":true,"href":"https:\/\/cms-euro.com\/index.php?rest_route=%2Fwp%2Fv2%2Fproduct_tag&post=12102"}],"curies":[{"name":"wp","href":"https:\/\/api.w.org\/{rel}","templated":true}]}}