{"id":12107,"date":"2025-06-16T22:02:50","date_gmt":"2025-06-16T22:02:50","guid":{"rendered":"https:\/\/cms-euro.com\/?post_type=product&#038;p=12107"},"modified":"2025-06-16T22:03:55","modified_gmt":"2025-06-16T22:03:55","slug":"container-pool-premium-12-m","status":"publish","type":"product","link":"https:\/\/cms-euro.com\/?product=container-pool-premium-12-m","title":{"rendered":"Container Pool Premium 12 M"},"content":{"rendered":"","protected":false},"excerpt":{"rendered":"<p>Un couloir de nage moderne. Ce mod\u00e8le aux lignes contemporaines vous permettra de nager sur sa grande longueur de pr\u00e8s de 12 m.<\/p>\n<p>Les avantages d\u2019un espace de nage plus grand,<br \/>\ndes options suppl\u00e9mentaires vous permettant de profiter agr\u00e9ablement de votre piscine.<\/p>\n<p>Structure<\/p>\n<p>Acier CORTEN\u00ae \u2013 Acier ultra-re\u0301sistant<br \/>\nPeinture \u00c9poxy container RAL blanc<\/p>\n<p>Dimensions*<br \/>\nLongueur : 12,21 m<br \/>\nLargeur : 2,81 m<br \/>\nHauteur ext\u00e9rieure : 1,57 m<br \/>\nProfondeur \u2013 ligne d\u2019eau : 1,57 m<\/p>\n<p>Equipements inclus<\/p>\n<p>Echelle 3 marches inox<br \/>\n(non compatible avec \u00e9lectrolyseur)<\/p>\n<p>Bas\u00e9 sur un conteneur maritime de 40 pieds<br \/>\nPr\u00eat \u00e0 l&#8217;emploi le jour m\u00eame de la livraison<br \/>\nTerrasse et escaliers en bois composite (WPC)<br \/>\nSyst\u00e8me de filtration<br \/>\nTerrasse en composite WPC<br \/>\nTrousse de nettoyage<br \/>\nLumi\u00e8res int\u00e9rieures<br \/>\nPompe \u00e0 chaleur<\/p>\n<p>Rev\u00eatement<\/p>\n<p>Membrane arm\u00e9e Alkorplan 2000<br \/>\nou \u00e9quivalent<br \/>\n\u00c9paisseur 150\/100e<\/p>\n<p>Garantie 15 ans<\/p>\n<p>Machinerie<\/p>\n<p>Machinerie installe\u0301e et teste\u0301e en atelier, elle comprend :<\/p>\n<p>SkimFiltre, filtre \u00e0 cartouche \u00c9cologique, facile \u00e0 entretenir et peu co\u00fbteux<br \/>\nPompe de filtration<br \/>\nBuse de refoulement<br \/>\nTableau \u00e9lectrique<\/p>\n<p>Poses possibles<\/p>\n<p>Hors-sol, vous avez acc\u00e8s \u00e0 la machinerie par les portes du container.<\/p>\n<p>Semi-enterr\u00e9e et enterr\u00e9e, l\u2019acc\u00e8s se fera par une trappe qui sera aussi la partie plage de votre piscine. <\/p>\n<p>Finitions ext\u00e9rieures<\/p>\n<p>Plage et margelles en bois exotique (selon arrivage)<\/p>\n<p>Garanties<\/p>\n<p>Liners 10 ans<br \/>\nMembrane arm\u00e9e 15 ans<br \/>\nPompe et filtration 5 ans<\/p>\n","protected":false},"featured_media":12236,"comment_status":"closed","ping_status":"closed","template":"","meta":{"inline_featured_image":false},"product_brand":[],"product_cat":[131],"product_tag":[],"class_list":{"0":"post-12107","1":"product","2":"type-product","3":"status-publish","4":"has-post-thumbnail","6":"product_cat-conteneur-piscine","8":"first","9":"instock","10":"sale","11":"taxable","12":"shipping-taxable","13":"product-type-simple"},"_links":{"self":[{"href":"https:\/\/cms-euro.com\/index.php?rest_route=\/wp\/v2\/product\/12107","targetHints":{"allow":["GET"]}}],"collection":[{"href":"https:\/\/cms-euro.com\/index.php?rest_route=\/wp\/v2\/product"}],"about":[{"href":"https:\/\/cms-euro.com\/index.php?rest_route=\/wp\/v2\/types\/product"}],"replies":[{"embeddable":true,"href":"https:\/\/cms-euro.com\/index.php?rest_route=%2Fwp%2Fv2%2Fcomments&post=12107"}],"version-history":[{"count":1,"href":"https:\/\/cms-euro.com\/index.php?rest_route=\/wp\/v2\/product\/12107\/revisions"}],"predecessor-version":[{"id":12237,"href":"https:\/\/cms-euro.com\/index.php?rest_route=\/wp\/v2\/product\/12107\/revisions\/12237"}],"wp:featuredmedia":[{"embeddable":true,"href":"https:\/\/cms-euro.com\/index.php?rest_route=\/wp\/v2\/media\/12236"}],"wp:attachment":[{"href":"https:\/\/cms-euro.com\/index.php?rest_route=%2Fwp%2Fv2%2Fmedia&parent=12107"}],"wp:term":[{"taxonomy":"product_brand","embeddable":true,"href":"https:\/\/cms-euro.com\/index.php?rest_route=%2Fwp%2Fv2%2Fproduct_brand&post=12107"},{"taxonomy":"product_cat","embeddable":true,"href":"https:\/\/cms-euro.com\/index.php?rest_route=%2Fwp%2Fv2%2Fproduct_cat&post=12107"},{"taxonomy":"product_tag","embeddable":true,"href":"https:\/\/cms-euro.com\/index.php?rest_route=%2Fwp%2Fv2%2Fproduct_tag&post=12107"}],"curies":[{"name":"wp","href":"https:\/\/api.w.org\/{rel}","templated":true}]}}