{"id":12108,"date":"2025-06-16T22:02:50","date_gmt":"2025-06-16T22:02:50","guid":{"rendered":"https:\/\/cms-euro.com\/?post_type=product&#038;p=12108"},"modified":"2025-06-16T22:03:56","modified_gmt":"2025-06-16T22:03:56","slug":"container-maritime-40-pieds-1er-voyage-vert-ral-6007","status":"publish","type":"product","link":"https:\/\/cms-euro.com\/?product=container-maritime-40-pieds-1er-voyage-vert-ral-6007","title":{"rendered":"Container Maritime 40 Pieds 1er voyage Vert (RAL 6007)"},"content":{"rendered":"","protected":false},"excerpt":{"rendered":"<p>D\u00c9TAILS DU PRODUIT<\/p>\n<p>Avec une capacit\u00e9 de stockage de pr\u00e8s de 2 500 pieds cubes, nos conteneurs maritimes ISO de 40 pieds x 8 pieds offrent un stockage \u00e9conomique et s\u00e9curis\u00e9 pour les charges volumineuses \/ volumineuses.<\/p>\n<p>Ce sont de nouveaux conteneurs (une fois exp\u00e9di\u00e9s) fabriqu\u00e9s en Chine selon des normes ISO rigoureuses.<\/p>\n<p>CARACT\u00c9RISTIQUES DU NOUVEAU CONTENEUR MARITIME DE 40 PIEDS (VERT<\/p>\n<p>(RAL 6007)<\/p>\n<ul>\n<li>Nouveau conteneur de 40 pieds (une fois exp\u00e9di\u00e9)<\/li>\n<li>CSC plaqu\u00e9 (poids brut) max : 30 tonnes<\/li>\n<li>Construction enti\u00e8rement en acier Cor-Ten<\/li>\n<li>Doubles portes battantes ext\u00e9rieures \u00e0 l\u2019extr\u00e9mit\u00e9<\/li>\n<li>4 Vents<\/li>\n<li>Deux barres de verrouillage sur chaque porte<\/li>\n<li>Coffret de s\u00e9curit\u00e9 mont\u00e9 en usine<\/li>\n<li>2 x poches pour chariot \u00e9l\u00e9vateur de chaque c\u00f4t\u00e9<\/li>\n<li>Plancher en contreplaqu\u00e9 marin de 28 mm sur traverses en acier<\/li>\n<\/ul>\n<p>Ce conteneur est disponible \u00e0 l\u2019achat en ligne et peut \u00eatre livr\u00e9 dans tout l&rsquo;Europe.<\/p>\n<p>Si vous avez des questions, veuillez contacter notre sympathique \u00e9quipe de vente de conteneurs.<\/p>\n","protected":false},"featured_media":12243,"comment_status":"closed","ping_status":"closed","template":"","meta":{"inline_featured_image":false},"product_brand":[],"product_cat":[128,117],"product_tag":[],"class_list":{"0":"post-12108","1":"product","2":"type-product","3":"status-publish","4":"has-post-thumbnail","6":"product_cat-container-maritime","7":"product_cat-containers","9":"first","10":"instock","11":"sale","12":"product-type-simple"},"_links":{"self":[{"href":"https:\/\/cms-euro.com\/index.php?rest_route=\/wp\/v2\/product\/12108","targetHints":{"allow":["GET"]}}],"collection":[{"href":"https:\/\/cms-euro.com\/index.php?rest_route=\/wp\/v2\/product"}],"about":[{"href":"https:\/\/cms-euro.com\/index.php?rest_route=\/wp\/v2\/types\/product"}],"replies":[{"embeddable":true,"href":"https:\/\/cms-euro.com\/index.php?rest_route=%2Fwp%2Fv2%2Fcomments&post=12108"}],"version-history":[{"count":1,"href":"https:\/\/cms-euro.com\/index.php?rest_route=\/wp\/v2\/product\/12108\/revisions"}],"predecessor-version":[{"id":12244,"href":"https:\/\/cms-euro.com\/index.php?rest_route=\/wp\/v2\/product\/12108\/revisions\/12244"}],"wp:featuredmedia":[{"embeddable":true,"href":"https:\/\/cms-euro.com\/index.php?rest_route=\/wp\/v2\/media\/12243"}],"wp:attachment":[{"href":"https:\/\/cms-euro.com\/index.php?rest_route=%2Fwp%2Fv2%2Fmedia&parent=12108"}],"wp:term":[{"taxonomy":"product_brand","embeddable":true,"href":"https:\/\/cms-euro.com\/index.php?rest_route=%2Fwp%2Fv2%2Fproduct_brand&post=12108"},{"taxonomy":"product_cat","embeddable":true,"href":"https:\/\/cms-euro.com\/index.php?rest_route=%2Fwp%2Fv2%2Fproduct_cat&post=12108"},{"taxonomy":"product_tag","embeddable":true,"href":"https:\/\/cms-euro.com\/index.php?rest_route=%2Fwp%2Fv2%2Fproduct_tag&post=12108"}],"curies":[{"name":"wp","href":"https:\/\/api.w.org\/{rel}","templated":true}]}}