{"id":12110,"date":"2025-06-16T22:02:50","date_gmt":"2025-06-16T22:02:50","guid":{"rendered":"https:\/\/cms-euro.com\/?post_type=product&#038;p=12110"},"modified":"2025-06-16T22:03:58","modified_gmt":"2025-06-16T22:03:58","slug":"beste-pool-premium-6m","status":"publish","type":"product","link":"https:\/\/cms-euro.com\/?product=beste-pool-premium-6m","title":{"rendered":"Beste Pool Premium 6M"},"content":{"rendered":"<p>Un mod\u00e8le complet qui vous permettra de profiter<br \/>\nde votre piscine avec un maximum d\u2019options<\/p>\n<p>Structure<\/p>\n<p>Acier CORTEN\u00ae \u2013 Acier ultra-re\u0301sistant<br \/>\nColori RAL Blanc<\/p>\n<p>Dimensions*<br \/>\nLongueur : 6,11 m<br \/>\nLargeur : 2,55 m<br \/>\nNiveau d&rsquo;eau : 1,15 m<br \/>\nBassin : 4,30 x 2,30 m<br \/>\nProfondeur \u2013 ligne d\u2019eau : 1,37 m<\/p>\n<p>Machinerie<\/p>\n<p>Machinerie installe\u0301e et teste\u0301e en atelier, elle comprend :<\/p>\n<p>SkimFiltre, filtre \u00e0 cartouche \u00c9cologique, facile \u00e0 entretenir et peu co\u00fbteux<br \/>\nPompe de filtration<br \/>\nBuse de refoulement<br \/>\nTableau \u00e9lectrique<br \/>\nEquipements inclus<\/p>\n<p>Escalier d\u2019acc\u00e8s int\u00e9rieur 3 marches<br \/>\nProjecteur LED blanc<br \/>\nPompe \u00e0 chaleur Nano \u2013 Garantie 3 ans<br \/>\n(en carton non install\u00e9e si enterr\u00e9 \u00e0 + de 80 cm)<br \/>\nRobot de nettoyage<\/p>\n<p>Rev\u00eatement<\/p>\n<p>Membrane arm\u00e9e Alkorplan 2000<br \/>\nou \u00e9quivalent<br \/>\n\u00c9paisseur 150\/100e<\/p>\n<p>Garantie 15 ans<\/p>\n<p>Finitions ext\u00e9rieures<\/p>\n<p>Peinture \u00c9poxy container RAL blanc<br \/>\nPlage et margelles en bois exotique<br \/>\n(selon arrivage)<\/p>\n<p>Options<br \/>\nPeinture au choix selon RAL<\/p>\n<p>Poses possibles<\/p>\n<p>Hors-sol, vous avez acc\u00e8s \u00e0 la machinerie par les portes du container.<\/p>\n<p>Semi-enterr\u00e9e et enterr\u00e9e, l\u2019acc\u00e8s se fera par une trappe qui sera aussi la partie plage de votre piscine. <\/p>\n<p>Garanties<\/p>\n<p>Liners 10 ans<br \/>\nMembrane arm\u00e9e 15 ans<br \/>\nPompe et filtration 5 ans<\/p>\n","protected":false},"excerpt":{"rendered":"<p>CONTAINER Premium 6M est une excellente combinaison de confort, de plaisir et de design unique. Gr\u00e2ce au syst\u00e8me de chauffage de l&rsquo;eau et \u00e0 l&rsquo;\u00e9clairage int\u00e9rieur, vous pourrez profiter de la piscine quelle que soit l&rsquo;heure de la journ\u00e9e. Son confort sera \u00e0 votre port\u00e9e m\u00eame pendant les mois un peu plus froids !<\/p>\n<p>Dimensions*<br \/>\nLongueur : 6,11 m<br \/>\nLargeur : 2,55 m<br \/>\nNiveau d&rsquo;eau : 1,15 m<br \/>\nBassin : 4,30 x 2,30 m<br \/>\nProfondeur \u2013 ligne d\u2019eau : 1,37 m<\/p>\n<p>Syst\u00e8me de filtration<br \/>\nTerrasse en composite WPC<br \/>\nKit de nettoyage inclus<br \/>\nLumi\u00e8res int\u00e9rieures<br \/>\nPompe \u00e0 chaleur<\/p>\n<p>CONTAINER Premium 6M dispose \u00e9galement d&rsquo;un syst\u00e8me d&rsquo;isolation thermique qui r\u00e9duit les pertes de chaleur, ainsi que d&rsquo;un syst\u00e8me de chauffage de l&rsquo;eau et d&rsquo;un \u00e9clairage int\u00e9rieur. Un lit filtrant actif am\u00e9liore la qualit\u00e9 de l&rsquo;eau.<br \/>\nInclus dans le prix<br \/>\nGrue pour soulever la piscine du camion<br \/>\nTransport<br \/>\nFondations<br \/>\nMontage sur site<br \/>\nRaccordement \u00e0 l&rsquo;installation \u00e9lectrique <\/p>\n","protected":false},"featured_media":12247,"comment_status":"closed","ping_status":"closed","template":"","meta":{"inline_featured_image":false},"product_brand":[],"product_cat":[117,131],"product_tag":[],"class_list":{"0":"post-12110","1":"product","2":"type-product","3":"status-publish","4":"has-post-thumbnail","6":"product_cat-containers","7":"product_cat-conteneur-piscine","9":"first","10":"instock","11":"sale","12":"product-type-simple"},"_links":{"self":[{"href":"https:\/\/cms-euro.com\/index.php?rest_route=\/wp\/v2\/product\/12110","targetHints":{"allow":["GET"]}}],"collection":[{"href":"https:\/\/cms-euro.com\/index.php?rest_route=\/wp\/v2\/product"}],"about":[{"href":"https:\/\/cms-euro.com\/index.php?rest_route=\/wp\/v2\/types\/product"}],"replies":[{"embeddable":true,"href":"https:\/\/cms-euro.com\/index.php?rest_route=%2Fwp%2Fv2%2Fcomments&post=12110"}],"version-history":[{"count":1,"href":"https:\/\/cms-euro.com\/index.php?rest_route=\/wp\/v2\/product\/12110\/revisions"}],"predecessor-version":[{"id":12248,"href":"https:\/\/cms-euro.com\/index.php?rest_route=\/wp\/v2\/product\/12110\/revisions\/12248"}],"wp:featuredmedia":[{"embeddable":true,"href":"https:\/\/cms-euro.com\/index.php?rest_route=\/wp\/v2\/media\/12247"}],"wp:attachment":[{"href":"https:\/\/cms-euro.com\/index.php?rest_route=%2Fwp%2Fv2%2Fmedia&parent=12110"}],"wp:term":[{"taxonomy":"product_brand","embeddable":true,"href":"https:\/\/cms-euro.com\/index.php?rest_route=%2Fwp%2Fv2%2Fproduct_brand&post=12110"},{"taxonomy":"product_cat","embeddable":true,"href":"https:\/\/cms-euro.com\/index.php?rest_route=%2Fwp%2Fv2%2Fproduct_cat&post=12110"},{"taxonomy":"product_tag","embeddable":true,"href":"https:\/\/cms-euro.com\/index.php?rest_route=%2Fwp%2Fv2%2Fproduct_tag&post=12110"}],"curies":[{"name":"wp","href":"https:\/\/api.w.org\/{rel}","templated":true}]}}