{"id":12111,"date":"2025-06-16T22:02:50","date_gmt":"2025-06-16T22:02:50","guid":{"rendered":"https:\/\/cms-euro.com\/?post_type=product&#038;p=12111"},"modified":"2025-06-16T22:04:00","modified_gmt":"2025-06-16T22:04:00","slug":"container-bar-pliable-xl-4-x-2-metres-ral-9016","status":"publish","type":"product","link":"https:\/\/cms-euro.com\/?product=container-bar-pliable-xl-4-x-2-metres-ral-9016","title":{"rendered":"Container bar pliable XL 4 x 2 m\u00e8tres RAL 9016"},"content":{"rendered":"","protected":false},"excerpt":{"rendered":"<p>Container bar d\u00e9montable et auto-construit.<br \/>\nDimensions ext\u00e9rieures (LxlxH) : 3882 x 2290 x 2240 mm<br \/>\nDimensions int\u00e9rieures (LxlxH) : 3802 x 2210 x 2100 mm<br \/>\nDimensions de la porte : (LxH) : 1750 x 2050 mm<br \/>\nDisponible dans toutes les couleurs RAL.<br \/>\nLe toit du conteneur est s\u00e9curis\u00e9 par deux serrures \u00e0 cylindre des deux c\u00f4t\u00e9s.<br \/>\nConstruction enti\u00e8rement autoportante, y compris le plancher.<\/p>\n<p>&nbsp;<\/p>\n<p>Container bar \u00e0 vendre con\u00e7u pour de plus grandes ambitions !<\/p>\n<p>Nous avons des conteneurs \u00e0 vendre dans toutes les formes et tailles, y compris des conteneurs extra larges ! Ce conteneur XL poss\u00e8de toutes les caract\u00e9ristiques de son fr\u00e8re (un container bar de 4\u00d72 m\u00e8tres), mais dispose d\u2019un espace suppl\u00e9mentaire en longueur et en largeur pour la commodit\u00e9 du client. Un container bar simple mais solide ! Il poss\u00e8de toutes les caract\u00e9ristiques des autres conteneurs et bien plus encore.<\/p>\n<p><em>\u201cQuelle meilleure fa\u00e7on de passer une soir\u00e9e amusante que dans son propre bar ?\u201d<\/em><\/p>\n<p>Caract\u00e9ristiques du conteneur amovible XL de 4\u00d72 m\u00e8tres :<\/p>\n<p>Le container bar mesure 4 m\u00e8tres et a une hauteur de 2,3 m\u00e8tres. Il est dot\u00e9 d\u2019un auvent pliant et de doubles portes, au choix sur le c\u00f4t\u00e9 long ou court. Les dimensions sont similaires \u00e0 celles du conteneur amovible de 16 pieds, mais la largeur et la longueur sont plus longues d\u2019un demi-m\u00e8tre.<\/p>\n<p>L\u2019auvent de ce conteneur est tr\u00e8s solide et comprend un syst\u00e8me hydraulique. Gr\u00e2ce \u00e0 ce syst\u00e8me, la b\u00e2che peut \u00eatre soulev\u00e9e et ferm\u00e9e en toute s\u00e9curit\u00e9, de sorte que le container bar peut \u00eatre laiss\u00e9 en toute s\u00e9curit\u00e9 avec tous les outils \u00e0 l\u2019int\u00e9rieur.<\/p>\n<p>En outre, les articles volumineux tels que les f\u00fbts de bi\u00e8re, les cong\u00e9lateurs, les tables et autres peuvent \u00eatre plac\u00e9s dans les doubles portes du conteneur. C\u2019est le moyen id\u00e9al pour offrir aux visiteurs ou aux amis des boissons ou des collations.<\/p>\n<p>Avantages d\u2019un container bar pliable<\/p>\n<p>Un container bar vous offrira des avantages tels qu\u2019un endroit id\u00e9al pour vous divertir ou pour d\u00e9velopper votre activit\u00e9. Si des membres de votre famille viennent chez vous, vous pouvez utiliser le conteneur XL pour attirer leur attention et cr\u00e9er un environnement plus confortable et innovant.Les autres avantages de ce produit sont les suivants :<\/p>\n<ul>\n<li>Durabilit\u00e9 : nous avons des conteneurs \u00e0 vendre aux meilleurs prix du march\u00e9 sans faire de compromis sur la qualit\u00e9. Cela rend le conteneur id\u00e9al pour une vari\u00e9t\u00e9 d\u2019utilisations. Nos modules sont fabriqu\u00e9s \u00e0 partir du meilleur acier, qui est tr\u00e8s durable.<\/li>\n<li>Son adaptabilit\u00e9 : notre conteneur XL est con\u00e7u pour \u00eatre facilement d\u00e9mont\u00e9 si vous devez le transporter, ou si vous ne voulez pas le d\u00e9monter, vous pouvez le d\u00e9placer avec un chariot \u00e9l\u00e9vateur. Cela est d\u00fb aux trous pour chariots \u00e9l\u00e9vateurs \u00e0 fourche situ\u00e9s en dessous. Il n\u2019est pas n\u00e9cessaire d\u2019utiliser des grues, le conteneur XL est donc polyvalent.<\/li>\n<\/ul>\n<p>Le conteneur XL peut \u00e9galement \u00eatre combin\u00e9 !<\/p>\n<p>Si vous avez de grands conteneurs \u00e0 vendre, vous devez \u00e9galement leur donner toute la flexibilit\u00e9 et la polyvalence dont disposent les autres conteneurs. Les kits de rayonnage, les kits de connexion et les assurances antivol sont enti\u00e8rement compatibles avec ce produit.<\/p>\n","protected":false},"featured_media":12253,"comment_status":"closed","ping_status":"closed","template":"","meta":{"inline_featured_image":false},"product_brand":[],"product_cat":[129,117],"product_tag":[],"class_list":{"0":"post-12111","1":"product","2":"type-product","3":"status-publish","4":"has-post-thumbnail","6":"product_cat-container-bar","7":"product_cat-containers","9":"first","10":"instock","11":"sale","12":"taxable","13":"shipping-taxable","14":"product-type-simple"},"_links":{"self":[{"href":"https:\/\/cms-euro.com\/index.php?rest_route=\/wp\/v2\/product\/12111","targetHints":{"allow":["GET"]}}],"collection":[{"href":"https:\/\/cms-euro.com\/index.php?rest_route=\/wp\/v2\/product"}],"about":[{"href":"https:\/\/cms-euro.com\/index.php?rest_route=\/wp\/v2\/types\/product"}],"replies":[{"embeddable":true,"href":"https:\/\/cms-euro.com\/index.php?rest_route=%2Fwp%2Fv2%2Fcomments&post=12111"}],"version-history":[{"count":1,"href":"https:\/\/cms-euro.com\/index.php?rest_route=\/wp\/v2\/product\/12111\/revisions"}],"predecessor-version":[{"id":12254,"href":"https:\/\/cms-euro.com\/index.php?rest_route=\/wp\/v2\/product\/12111\/revisions\/12254"}],"wp:featuredmedia":[{"embeddable":true,"href":"https:\/\/cms-euro.com\/index.php?rest_route=\/wp\/v2\/media\/12253"}],"wp:attachment":[{"href":"https:\/\/cms-euro.com\/index.php?rest_route=%2Fwp%2Fv2%2Fmedia&parent=12111"}],"wp:term":[{"taxonomy":"product_brand","embeddable":true,"href":"https:\/\/cms-euro.com\/index.php?rest_route=%2Fwp%2Fv2%2Fproduct_brand&post=12111"},{"taxonomy":"product_cat","embeddable":true,"href":"https:\/\/cms-euro.com\/index.php?rest_route=%2Fwp%2Fv2%2Fproduct_cat&post=12111"},{"taxonomy":"product_tag","embeddable":true,"href":"https:\/\/cms-euro.com\/index.php?rest_route=%2Fwp%2Fv2%2Fproduct_tag&post=12111"}],"curies":[{"name":"wp","href":"https:\/\/api.w.org\/{rel}","templated":true}]}}