{"id":12112,"date":"2025-06-16T22:02:50","date_gmt":"2025-06-16T22:02:50","guid":{"rendered":"https:\/\/cms-euro.com\/?post_type=product&#038;p=12112"},"modified":"2025-06-16T22:04:04","modified_gmt":"2025-06-16T22:04:04","slug":"container-bar-pliable-4-x-2-metres-noir-ral-9005","status":"publish","type":"product","link":"https:\/\/cms-euro.com\/?product=container-bar-pliable-4-x-2-metres-noir-ral-9005","title":{"rendered":"Container bar pliable 4 \u00d7 2 m\u00e8tres noir RAL 9005"},"content":{"rendered":"","protected":false},"excerpt":{"rendered":"<p>Container bar d\u00e9tachable \u00e0 monter soi-m\u00eame.<br \/>\nDimensions ext\u00e9rieures (LxlxH) : 3880 x 2142 x 2088 mm<br \/>\nDimensions int\u00e9rieures (LxlxH) : 3802 x 2062 x 1950 mm<br \/>\nDimensions de la porte : (LxH) : 1750 x 1850 mm<br \/>\nDisponible dans toutes les couleurs RAL.<br \/>\nLe couvercle du conteneur est s\u00e9curis\u00e9 par deux serrures cylindriques des deux c\u00f4t\u00e9s.<br \/>\nConstruction enti\u00e8rement autoportante, y compris le plancher.<\/p>\n<p>&nbsp;<\/p>\n<p>Un container bar peut \u00eatre utilis\u00e9 comme un point de service \u00e0 diverses fins.<\/p>\n<p>Le container bar est un nouveau produit au design innovant qui donnera \u00e0 votre maison ou \u00e0 votre bureau un aspect \u00e9l\u00e9gant que vous pourrez personnaliser et adapter \u00e0 votre go\u00fbt, en fonction de vos besoins. Ce module pr\u00e9fabriqu\u00e9 n\u2019est pas uniquement destin\u00e9 \u00e0 un usage unique, il peut \u00e9galement servir de bar, de caf\u00e9, de restaurant et plus encore. Avec le container bar, vous avez le privil\u00e8ge de transporter votre espace ou votre entreprise o\u00f9 vous le souhaitez. Le grand avantage de ce conteneur est que vous n\u2019avez pas besoin d\u2019utiliser un \u00e9tablissement ou des locaux permanents. Ce module pr\u00e9fabriqu\u00e9 est facile \u00e0 transporter et surtout, vous b\u00e9n\u00e9ficiez de nombreux avantages et plus encore.<\/p>\n<p><em>\u201cNous garantissons que le Container Bar fera en sorte que vos clients se sentent \u00e0 l\u2019aise et d\u00e9tendus.\u201d<\/em><\/p>\n<p>Avantages du Container Bar<\/p>\n<p>Container Bar vous offre des avantages tels qu\u2019un endroit id\u00e9al pour passer du temps ou un endroit pour d\u00e9velopper votre entreprise. Lorsque des proches viennent chez vous, vous pouvez utiliser le module pliable pour attirer leur attention et cr\u00e9er un environnement plus confortable et innovant. Les autres avantages de ce produit sont les suivants :<\/p>\n<ul>\n<li>\n<ul>\n<li>Sa durabilit\u00e9 : le module pliable est l\u2019un des meilleurs prix de tout le march\u00e9 sans pour autant sacrifier la qualit\u00e9. Cela rend le conteneur id\u00e9al pour un large \u00e9ventail d\u2019utilisations. Nos modules sont fabriqu\u00e9s en acier de la plus haute qualit\u00e9, ce qui les rend tr\u00e8s durables gr\u00e2ce \u00e0 leurs panneaux.<\/li>\n<li>Adaptabilit\u00e9. Le module assembl\u00e9 est universel et aucune grue n\u2019est n\u00e9cessaire.<br \/>\nGrande polyvalence dans le choix du module pr\u00e9fabriqu\u00e9.<\/li>\n<\/ul>\n<\/li>\n<\/ul>\n<p>Lorsque vous achetez un module pr\u00e9fabriqu\u00e9, notre soci\u00e9t\u00e9 vous propose un choix de container bar de diff\u00e9rentes tailles et couleurs RAL.<\/p>\n<p>Le container bar vous permet de l\u2019utiliser librement comme un bar ou selon votre imagination. En tant qu\u2019entreprise, nous sommes disponibles du lundi au vendredi pour r\u00e9pondre \u00e0 vos questions sur la fa\u00e7on d\u2019utiliser le conteneur et d\u2019en tirer le meilleur parti.<\/p>\n<p>Combinez les r\u00e9cipients !<\/p>\n<p>Nos conteneurs peuvent \u00eatre utilis\u00e9s non seulement s\u00e9par\u00e9ment, mais aussi ensemble ! Gr\u00e2ce \u00e0 un kit de connexion sp\u00e9cial, vous pouvez combiner plusieurs conteneurs. Les possibilit\u00e9s de connexions longitudinales et transversales sont infinies.<\/p>\n","protected":false},"featured_media":12256,"comment_status":"closed","ping_status":"closed","template":"","meta":{"inline_featured_image":false},"product_brand":[],"product_cat":[129,117],"product_tag":[],"class_list":{"0":"post-12112","1":"product","2":"type-product","3":"status-publish","4":"has-post-thumbnail","6":"product_cat-container-bar","7":"product_cat-containers","9":"first","10":"instock","11":"sale","12":"taxable","13":"shipping-taxable","14":"product-type-simple"},"_links":{"self":[{"href":"https:\/\/cms-euro.com\/index.php?rest_route=\/wp\/v2\/product\/12112","targetHints":{"allow":["GET"]}}],"collection":[{"href":"https:\/\/cms-euro.com\/index.php?rest_route=\/wp\/v2\/product"}],"about":[{"href":"https:\/\/cms-euro.com\/index.php?rest_route=\/wp\/v2\/types\/product"}],"replies":[{"embeddable":true,"href":"https:\/\/cms-euro.com\/index.php?rest_route=%2Fwp%2Fv2%2Fcomments&post=12112"}],"version-history":[{"count":1,"href":"https:\/\/cms-euro.com\/index.php?rest_route=\/wp\/v2\/product\/12112\/revisions"}],"predecessor-version":[{"id":12257,"href":"https:\/\/cms-euro.com\/index.php?rest_route=\/wp\/v2\/product\/12112\/revisions\/12257"}],"wp:featuredmedia":[{"embeddable":true,"href":"https:\/\/cms-euro.com\/index.php?rest_route=\/wp\/v2\/media\/12256"}],"wp:attachment":[{"href":"https:\/\/cms-euro.com\/index.php?rest_route=%2Fwp%2Fv2%2Fmedia&parent=12112"}],"wp:term":[{"taxonomy":"product_brand","embeddable":true,"href":"https:\/\/cms-euro.com\/index.php?rest_route=%2Fwp%2Fv2%2Fproduct_brand&post=12112"},{"taxonomy":"product_cat","embeddable":true,"href":"https:\/\/cms-euro.com\/index.php?rest_route=%2Fwp%2Fv2%2Fproduct_cat&post=12112"},{"taxonomy":"product_tag","embeddable":true,"href":"https:\/\/cms-euro.com\/index.php?rest_route=%2Fwp%2Fv2%2Fproduct_tag&post=12112"}],"curies":[{"name":"wp","href":"https:\/\/api.w.org\/{rel}","templated":true}]}}