{"id":12157,"date":"2025-06-16T22:03:22","date_gmt":"2025-06-16T22:03:22","guid":{"rendered":"https:\/\/cms-euro.com\/?post_type=product&#038;p=12157"},"modified":"2025-06-16T22:04:06","modified_gmt":"2025-06-16T22:04:06","slug":"pool-container-kit-6m","status":"publish","type":"product","link":"https:\/\/cms-euro.com\/?product=pool-container-kit-6m","title":{"rendered":"Pool CONTAINER Kit 6M"},"content":{"rendered":"","protected":false},"excerpt":{"rendered":"<p>Montez vous-m\u00eame la machinerie, les margelles et le liner. Livr\u00e9es en bassin complet, votre espace de nage sera grand<\/p>\n<p>&nbsp;<\/p>\n<p>&nbsp;<\/p>\n<p><strong>Structure<\/strong><\/p>\n<p>Acier CORTEN\u00ae &#8211; Acier ultra-re\u0301sistant<br \/>\nColori RAL Blanc<\/p>\n<p><strong>Dimensions*<\/strong><br \/>\nExt\u00e9rieures : 6,05 x 2,44m<br \/>\nBassin :\u00a0<strong>5.80 x 2,30 m<\/strong><br \/>\nProfondeur &#8211; ligne d&rsquo;eau 1,15 m<\/p>\n<p>&nbsp;<\/p>\n<p><strong>Sp\u00e9cificit\u00e9s<\/strong><\/p>\n<p><strong>\u00c9l\u00e9ments pos\u00e9s, non raccord\u00e9s :\u00a0<\/strong><\/p>\n<ul>\n<li>SkimFiltre, filtre \u00e0 cartouche \u00c9cologique, facile \u00e0 entretenir et peu co\u00fbteux<\/li>\n<li><strong>Pompe de filtration<\/strong><\/li>\n<li><strong>Buse de refoulement<\/strong><\/li>\n<\/ul>\n<p>&nbsp;<\/p>\n<p><strong>\u00c9l\u00e9ment non install\u00e9, fourni :<\/strong><\/p>\n<ul>\n<li>Margelles en bois : type pin classe IV<\/li>\n<\/ul>\n<p>&nbsp;<\/p>\n<p><strong>Fourniture en carton, non install\u00e9e :<\/strong><\/p>\n<ul>\n<li>Plomberie et tuyauterie<\/li>\n<\/ul>\n<p>&nbsp;<\/p>\n<p><strong>Rev\u00eatement<\/strong><\/p>\n<p><strong>Fourniture en carton, non install\u00e9e :<\/strong><\/p>\n<p>Feutrine et Liner 75\/100eme<\/p>\n<p>&nbsp;<\/p>\n<p>&nbsp;<\/p>\n<p><strong>Poses possibles<\/strong><\/p>\n<p><strong>Hors-sol,<\/strong>\u00a0vous avez acc\u00e8s \u00e0 la machinerie par les portes du container.<\/p>\n<p><strong>Semi-enterr\u00e9e et enterr\u00e9e<\/strong>, l\u2019acc\u00e8s se fera par une trappe qui sera aussi la partie plage de votre piscine<\/p>\n","protected":false},"featured_media":12265,"comment_status":"open","ping_status":"closed","template":"","meta":{"inline_featured_image":false},"product_brand":[],"product_cat":[117,131],"product_tag":[],"class_list":{"0":"post-12157","1":"product","2":"type-product","3":"status-publish","4":"has-post-thumbnail","6":"product_cat-containers","7":"product_cat-conteneur-piscine","9":"first","10":"instock","11":"sale","12":"taxable","13":"shipping-taxable","14":"product-type-simple"},"_links":{"self":[{"href":"https:\/\/cms-euro.com\/index.php?rest_route=\/wp\/v2\/product\/12157","targetHints":{"allow":["GET"]}}],"collection":[{"href":"https:\/\/cms-euro.com\/index.php?rest_route=\/wp\/v2\/product"}],"about":[{"href":"https:\/\/cms-euro.com\/index.php?rest_route=\/wp\/v2\/types\/product"}],"replies":[{"embeddable":true,"href":"https:\/\/cms-euro.com\/index.php?rest_route=%2Fwp%2Fv2%2Fcomments&post=12157"}],"version-history":[{"count":1,"href":"https:\/\/cms-euro.com\/index.php?rest_route=\/wp\/v2\/product\/12157\/revisions"}],"predecessor-version":[{"id":12266,"href":"https:\/\/cms-euro.com\/index.php?rest_route=\/wp\/v2\/product\/12157\/revisions\/12266"}],"wp:featuredmedia":[{"embeddable":true,"href":"https:\/\/cms-euro.com\/index.php?rest_route=\/wp\/v2\/media\/12265"}],"wp:attachment":[{"href":"https:\/\/cms-euro.com\/index.php?rest_route=%2Fwp%2Fv2%2Fmedia&parent=12157"}],"wp:term":[{"taxonomy":"product_brand","embeddable":true,"href":"https:\/\/cms-euro.com\/index.php?rest_route=%2Fwp%2Fv2%2Fproduct_brand&post=12157"},{"taxonomy":"product_cat","embeddable":true,"href":"https:\/\/cms-euro.com\/index.php?rest_route=%2Fwp%2Fv2%2Fproduct_cat&post=12157"},{"taxonomy":"product_tag","embeddable":true,"href":"https:\/\/cms-euro.com\/index.php?rest_route=%2Fwp%2Fv2%2Fproduct_tag&post=12157"}],"curies":[{"name":"wp","href":"https:\/\/api.w.org\/{rel}","templated":true}]}}