{"id":12219,"date":"2025-06-16T22:03:48","date_gmt":"2025-06-16T22:03:48","guid":{"rendered":"https:\/\/cms-euro.com\/?post_type=product&#038;p=12219"},"modified":"2025-06-16T22:04:48","modified_gmt":"2025-06-16T22:04:48","slug":"conteneur-de-bureau-neuf-conteneur-de-vie-salon-3x3-metres","status":"publish","type":"product","link":"https:\/\/cms-euro.com\/?product=conteneur-de-bureau-neuf-conteneur-de-vie-salon-3x3-metres","title":{"rendered":"Conteneur de bureau neuf, conteneur de vie, salon 3&#215;3 m\u00e8tres"},"content":{"rendered":"","protected":false},"excerpt":{"rendered":"<p>Disponible imm\u00e9diatement &#8211;<\/p>\n<p>Nouveau conteneur de bureau 3&#215;3 m\u00e8tres, 2,80 m\u00e8tres de haut.<br \/>\n&#8211; Fen\u00eatre oscillo-battante (double vitrage) avec volets roulants<br \/>\n&#8211; Porte ext\u00e9rieure en t\u00f4le d&rsquo;acier H\u00f6rmann<br \/>\n&#8211; Installation \u00e9lectrique compl\u00e8te selon les directives CE<br \/>\n&#8211; Prises 230V, plafonnier, bo\u00eete \u00e0 fusibles<br \/>\n&#8211; Rev\u00eatement de sol en PVC &#8211; robuste et rapide \u00e0 nettoyer<br \/>\n&#8211; Plancher et toiture isol\u00e9s<br \/>\n&#8211; radiateur mural \u00e9lectrique 2000W<br \/>\n&#8211; Construction \u00e0 ossature d&rsquo;acier stable, soud\u00e9e et autoportante, poids 1500 kg<br \/>\nLivraison possible,<br \/>\nVeuillez pr\u00e9voir un \u00e9quipement appropri\u00e9 pour le d\u00e9chargement, par exemple un chariot \u00e9l\u00e9vateur ou une chargeuse sur pneus.<br \/>\nNous pouvons r\u00e9aliser d&rsquo;autres tailles et dans d&rsquo;autres couleurs selon vos sp\u00e9cifications.<\/p>\n","protected":false},"featured_media":12294,"comment_status":"closed","ping_status":"closed","template":"","meta":{"inline_featured_image":false},"product_brand":[],"product_cat":[129,117,118],"product_tag":[],"class_list":{"0":"post-12219","1":"product","2":"type-product","3":"status-publish","4":"has-post-thumbnail","6":"product_cat-container-bar","7":"product_cat-containers","8":"product_cat-conteneur-amenage","10":"first","11":"instock","12":"sale","13":"taxable","14":"shipping-taxable","15":"product-type-simple"},"_links":{"self":[{"href":"https:\/\/cms-euro.com\/index.php?rest_route=\/wp\/v2\/product\/12219","targetHints":{"allow":["GET"]}}],"collection":[{"href":"https:\/\/cms-euro.com\/index.php?rest_route=\/wp\/v2\/product"}],"about":[{"href":"https:\/\/cms-euro.com\/index.php?rest_route=\/wp\/v2\/types\/product"}],"replies":[{"embeddable":true,"href":"https:\/\/cms-euro.com\/index.php?rest_route=%2Fwp%2Fv2%2Fcomments&post=12219"}],"version-history":[{"count":1,"href":"https:\/\/cms-euro.com\/index.php?rest_route=\/wp\/v2\/product\/12219\/revisions"}],"predecessor-version":[{"id":12295,"href":"https:\/\/cms-euro.com\/index.php?rest_route=\/wp\/v2\/product\/12219\/revisions\/12295"}],"wp:featuredmedia":[{"embeddable":true,"href":"https:\/\/cms-euro.com\/index.php?rest_route=\/wp\/v2\/media\/12294"}],"wp:attachment":[{"href":"https:\/\/cms-euro.com\/index.php?rest_route=%2Fwp%2Fv2%2Fmedia&parent=12219"}],"wp:term":[{"taxonomy":"product_brand","embeddable":true,"href":"https:\/\/cms-euro.com\/index.php?rest_route=%2Fwp%2Fv2%2Fproduct_brand&post=12219"},{"taxonomy":"product_cat","embeddable":true,"href":"https:\/\/cms-euro.com\/index.php?rest_route=%2Fwp%2Fv2%2Fproduct_cat&post=12219"},{"taxonomy":"product_tag","embeddable":true,"href":"https:\/\/cms-euro.com\/index.php?rest_route=%2Fwp%2Fv2%2Fproduct_tag&post=12219"}],"curies":[{"name":"wp","href":"https:\/\/api.w.org\/{rel}","templated":true}]}}