{"id":12280,"date":"2025-06-16T22:04:21","date_gmt":"2025-06-16T22:04:21","guid":{"rendered":"https:\/\/cms-euro.com\/?post_type=product&#038;p=12280"},"modified":"2025-06-16T22:04:53","modified_gmt":"2025-06-16T22:04:53","slug":"conteneur-a-double-porte-40-piedshc","status":"publish","type":"product","link":"https:\/\/cms-euro.com\/?product=conteneur-a-double-porte-40-piedshc","title":{"rendered":"Conteneur \u00e0 Double Porte 40 Pieds,HC"},"content":{"rendered":"","protected":false},"excerpt":{"rendered":"<p>Conteneur \u00e0 Double Porte de 40 Pieds de Haute Qualit\u00e9<\/p>\n<p>Il a deux doubles portes, une \u00e0 l&rsquo;arri\u00e8re et une \u00e0 l&rsquo;avant. Les doubles portes peuvent \u00eatre ferm\u00e9es avec des tiges de verrouillage. Les poign\u00e9es sont plac\u00e9es haut pour simplifier les ouvertures et fermetures fr\u00e9quentes. Pour faciliter le transport, le conteneur est \u00e9quip\u00e9 de passages de fourches. D\u00e9tails du produit en imp\u00e9rial<\/p>\n<p>EXT\u00c9RIEUR PI L X LA X H 40 X 8 X 8,5<\/p>\n<p>INT\u00c9RIEUR PI L X LA X H 39,5 X 7,7 X 7,8<\/p>\n<p>PORTE PI L X H 7,7 X 7,4<\/p>\n<p>CAPACIT\u00c9 PI3 2 387<\/p>\n<p>POIDS NET 8 223 LB<\/p>\n<p>CHARGE UTILE 58 974<\/p>\n<p>MGW 67 200<\/p>\n","protected":false},"featured_media":12322,"comment_status":"closed","ping_status":"closed","template":"","meta":{"inline_featured_image":false},"product_brand":[],"product_cat":[131],"product_tag":[],"class_list":{"0":"post-12280","1":"product","2":"type-product","3":"status-publish","4":"has-post-thumbnail","6":"product_cat-conteneur-piscine","8":"first","9":"instock","10":"sale","11":"taxable","12":"shipping-taxable","13":"product-type-simple"},"_links":{"self":[{"href":"https:\/\/cms-euro.com\/index.php?rest_route=\/wp\/v2\/product\/12280","targetHints":{"allow":["GET"]}}],"collection":[{"href":"https:\/\/cms-euro.com\/index.php?rest_route=\/wp\/v2\/product"}],"about":[{"href":"https:\/\/cms-euro.com\/index.php?rest_route=\/wp\/v2\/types\/product"}],"replies":[{"embeddable":true,"href":"https:\/\/cms-euro.com\/index.php?rest_route=%2Fwp%2Fv2%2Fcomments&post=12280"}],"version-history":[{"count":1,"href":"https:\/\/cms-euro.com\/index.php?rest_route=\/wp\/v2\/product\/12280\/revisions"}],"predecessor-version":[{"id":12323,"href":"https:\/\/cms-euro.com\/index.php?rest_route=\/wp\/v2\/product\/12280\/revisions\/12323"}],"wp:featuredmedia":[{"embeddable":true,"href":"https:\/\/cms-euro.com\/index.php?rest_route=\/wp\/v2\/media\/12322"}],"wp:attachment":[{"href":"https:\/\/cms-euro.com\/index.php?rest_route=%2Fwp%2Fv2%2Fmedia&parent=12280"}],"wp:term":[{"taxonomy":"product_brand","embeddable":true,"href":"https:\/\/cms-euro.com\/index.php?rest_route=%2Fwp%2Fv2%2Fproduct_brand&post=12280"},{"taxonomy":"product_cat","embeddable":true,"href":"https:\/\/cms-euro.com\/index.php?rest_route=%2Fwp%2Fv2%2Fproduct_cat&post=12280"},{"taxonomy":"product_tag","embeddable":true,"href":"https:\/\/cms-euro.com\/index.php?rest_route=%2Fwp%2Fv2%2Fproduct_tag&post=12280"}],"curies":[{"name":"wp","href":"https:\/\/api.w.org\/{rel}","templated":true}]}}