{"id":12281,"date":"2025-06-16T22:04:21","date_gmt":"2025-06-16T22:04:21","guid":{"rendered":"https:\/\/cms-euro.com\/?post_type=product&#038;p=12281"},"modified":"2025-06-16T22:04:54","modified_gmt":"2025-06-16T22:04:54","slug":"conteneur-high-cube-40-pieds-4-portes-laterales","status":"publish","type":"product","link":"https:\/\/cms-euro.com\/?product=conteneur-high-cube-40-pieds-4-portes-laterales","title":{"rendered":"Conteneur High Cube 40 Pieds 4 Portes Lat\u00e9rales"},"content":{"rendered":"","protected":false},"excerpt":{"rendered":"<p>Conteneur \u00e0 quatre portes lat\u00e9rales de 40 pieds High Cube.<\/p>\n<p>D\u00e9tails : quatre portes lat\u00e9rales ouvertes, une porte d&rsquo;extr\u00e9mit\u00e9, un coffre-fort, des poches lat\u00e9rales pour chariot \u00e9l\u00e9vateur.<\/p>\n<p>D\u00e9tails du produit en imp\u00e9rial<\/p>\n<p>EXT\u00c9RIEUR PI L X LA X H 40 X 8 X 9,5<\/p>\n<p>INT\u00c9RIEUR PI L X LA X H 39,5 X 7,7 X 8,9<\/p>\n<p>PORTE PI L X H 7,7 X 8,5<\/p>\n<p>CAPACIT\u00c9 PI3 2 684<\/p>\n<p>POIDS NET 8 600 LB<\/p>\n<p>CHARGE UTILE 58 600<\/p>\n<p>MGW 67 200<\/p>\n","protected":false},"featured_media":12327,"comment_status":"closed","ping_status":"closed","template":"","meta":{"inline_featured_image":false},"product_brand":[],"product_cat":[131],"product_tag":[],"class_list":{"0":"post-12281","1":"product","2":"type-product","3":"status-publish","4":"has-post-thumbnail","6":"product_cat-conteneur-piscine","8":"first","9":"instock","10":"sale","11":"taxable","12":"shipping-taxable","13":"product-type-simple"},"_links":{"self":[{"href":"https:\/\/cms-euro.com\/index.php?rest_route=\/wp\/v2\/product\/12281","targetHints":{"allow":["GET"]}}],"collection":[{"href":"https:\/\/cms-euro.com\/index.php?rest_route=\/wp\/v2\/product"}],"about":[{"href":"https:\/\/cms-euro.com\/index.php?rest_route=\/wp\/v2\/types\/product"}],"replies":[{"embeddable":true,"href":"https:\/\/cms-euro.com\/index.php?rest_route=%2Fwp%2Fv2%2Fcomments&post=12281"}],"version-history":[{"count":1,"href":"https:\/\/cms-euro.com\/index.php?rest_route=\/wp\/v2\/product\/12281\/revisions"}],"predecessor-version":[{"id":12328,"href":"https:\/\/cms-euro.com\/index.php?rest_route=\/wp\/v2\/product\/12281\/revisions\/12328"}],"wp:featuredmedia":[{"embeddable":true,"href":"https:\/\/cms-euro.com\/index.php?rest_route=\/wp\/v2\/media\/12327"}],"wp:attachment":[{"href":"https:\/\/cms-euro.com\/index.php?rest_route=%2Fwp%2Fv2%2Fmedia&parent=12281"}],"wp:term":[{"taxonomy":"product_brand","embeddable":true,"href":"https:\/\/cms-euro.com\/index.php?rest_route=%2Fwp%2Fv2%2Fproduct_brand&post=12281"},{"taxonomy":"product_cat","embeddable":true,"href":"https:\/\/cms-euro.com\/index.php?rest_route=%2Fwp%2Fv2%2Fproduct_cat&post=12281"},{"taxonomy":"product_tag","embeddable":true,"href":"https:\/\/cms-euro.com\/index.php?rest_route=%2Fwp%2Fv2%2Fproduct_tag&post=12281"}],"curies":[{"name":"wp","href":"https:\/\/api.w.org\/{rel}","templated":true}]}}