{"id":12334,"date":"2025-06-16T22:04:57","date_gmt":"2025-06-16T22:04:57","guid":{"rendered":"https:\/\/cms-euro.com\/?post_type=product&#038;p=12334"},"modified":"2025-06-16T22:05:05","modified_gmt":"2025-06-16T22:05:05","slug":"6-5mx2-6m-container-piscine-polypropylene","status":"publish","type":"product","link":"https:\/\/cms-euro.com\/?product=6-5mx2-6m-container-piscine-polypropylene","title":{"rendered":"6.5mx2.6m Container Piscine polypropyl\u00e8ne"},"content":{"rendered":"<p>Piscine en polypropyl\u00e8ne Sport &#038; Spa est une piscine hors sol nouvelle g\u00e9n\u00e9ration. Il repose sur un bassin de piscine en polypropyl\u00e8ne et une structure en acier. Gr\u00e2ce \u00e0 cela, il est tr\u00e8s r\u00e9sistant. Gr\u00e2ce \u00e0 un syst\u00e8me \u00e0 d\u00e9bit r\u00e9gul\u00e9, vous disposez d\u2019une piscine sportive \u00e0 contre-courant qui peut se transformer en spa avec hydromassage en quelques secondes.<\/p>\n<p>Syst\u00e8me de filtration<br \/>\nLumi\u00e8res internes<br \/>\nPompe \u00e0 chaleur<br \/>\nBassin de piscine en polypropyl\u00e8ne<br \/>\nIsolation de bassin de piscine<br \/>\nnage en jet<br \/>\nPiscine en polypropyl\u00e8ne Sport&#038;Spa dispose d\u2019un syst\u00e8me de nage \u00e0 jet. Vous pouvez passer au monde de la natation professionnelle en appuyant simplement sur un interrupteur.<\/p>\n<p>Sp\u00e9cification<\/p>\n<p>Longueur: 6.50<br \/>\nLargeur: 2.55<br \/>\nNiveau d\u2019eau: 1.25<br \/>\nHauteur ext\u00e9rieure : 1.38<br \/>\nBas\u00e9 sur une structure en acier et une vasque en polypropyl\u00e8ne<br \/>\nPr\u00eat \u00e0 l\u2019emploi le jour m\u00eame de la livraison<br \/>\nTerrasses et escaliers en polypropyl\u00e8ne antid\u00e9rapant<br \/>\nSyst\u00e8me de filtration<br \/>\nLumi\u00e8res internes<br \/>\nPompe \u00e0 chaleur<br \/>\nPeu de couleurs disponibles<br \/>\n\u2013 nage en jet<br \/>\nInclus dans le prix<br \/>\nPiscine compl\u00e8te et finie<br \/>\nInstallation compl\u00e8te d\u2019\u00e9lectricit\u00e9 et d\u2019eau<br \/>\nAssemblage sur place<\/p>\n<p>Grue pour soulever la piscine du camion<br \/>\nFondations<br \/>\nRaccordement \u00e0 une installation \u00e9lectrique 1 ou 3 phases<br \/>\nTransport<\/p>\n","protected":false},"excerpt":{"rendered":"<p>Elite piscine Sport &#038; Spa est une piscine hors sol de nouvelle g\u00e9n\u00e9ration. Elle est bas\u00e9e sur un bassin en polypropyl\u00e8ne et un cadre en acier. Gr\u00e2ce \u00e0 cela, elle est tr\u00e8s durable. Gr\u00e2ce \u00e0 un syst\u00e8me de d\u00e9bit r\u00e9gul\u00e9, vous obtenez une piscine sportive \u00e0 contre-courant qui peut se transformer en spa avec hydromassage en quelques secondes.<\/p>\n<p>Syst\u00e8me de filtration<br \/>\nLumi\u00e8res int\u00e9rieures<br \/>\nPompe \u00e0 chaleur<br \/>\nBassin de piscine en polypropyl\u00e8ne<br \/>\nIsolation du bassin de piscine<br \/>\nJet-Swim<br \/>\nElite piscine Sport&#038;Spa est \u00e9quip\u00e9 d&rsquo;un syst\u00e8me de nage \u00e0 jet.<br \/>\nVous pouvez acc\u00e9der \u00e0 un monde de natation professionnelle en appuyant sur un bouton.<\/p>\n<p>Accessoires\tSyst\u00e8me de filtration, pompe \u00e0 chaleur, Jet Swim<br \/>\nMontage : 1 jour<\/p>\n","protected":false},"featured_media":12350,"comment_status":"closed","ping_status":"closed","template":"","meta":{"inline_featured_image":false},"product_brand":[],"product_cat":[131],"product_tag":[],"class_list":{"0":"post-12334","1":"product","2":"type-product","3":"status-publish","4":"has-post-thumbnail","6":"product_cat-conteneur-piscine","8":"first","9":"instock","10":"sale","11":"product-type-simple"},"_links":{"self":[{"href":"https:\/\/cms-euro.com\/index.php?rest_route=\/wp\/v2\/product\/12334","targetHints":{"allow":["GET"]}}],"collection":[{"href":"https:\/\/cms-euro.com\/index.php?rest_route=\/wp\/v2\/product"}],"about":[{"href":"https:\/\/cms-euro.com\/index.php?rest_route=\/wp\/v2\/types\/product"}],"replies":[{"embeddable":true,"href":"https:\/\/cms-euro.com\/index.php?rest_route=%2Fwp%2Fv2%2Fcomments&post=12334"}],"version-history":[{"count":1,"href":"https:\/\/cms-euro.com\/index.php?rest_route=\/wp\/v2\/product\/12334\/revisions"}],"predecessor-version":[{"id":12351,"href":"https:\/\/cms-euro.com\/index.php?rest_route=\/wp\/v2\/product\/12334\/revisions\/12351"}],"wp:featuredmedia":[{"embeddable":true,"href":"https:\/\/cms-euro.com\/index.php?rest_route=\/wp\/v2\/media\/12350"}],"wp:attachment":[{"href":"https:\/\/cms-euro.com\/index.php?rest_route=%2Fwp%2Fv2%2Fmedia&parent=12334"}],"wp:term":[{"taxonomy":"product_brand","embeddable":true,"href":"https:\/\/cms-euro.com\/index.php?rest_route=%2Fwp%2Fv2%2Fproduct_brand&post=12334"},{"taxonomy":"product_cat","embeddable":true,"href":"https:\/\/cms-euro.com\/index.php?rest_route=%2Fwp%2Fv2%2Fproduct_cat&post=12334"},{"taxonomy":"product_tag","embeddable":true,"href":"https:\/\/cms-euro.com\/index.php?rest_route=%2Fwp%2Fv2%2Fproduct_tag&post=12334"}],"curies":[{"name":"wp","href":"https:\/\/api.w.org\/{rel}","templated":true}]}}