{"id":12336,"date":"2025-06-16T22:04:57","date_gmt":"2025-06-16T22:04:57","guid":{"rendered":"https:\/\/cms-euro.com\/?post_type=product&#038;p=12336"},"modified":"2025-06-16T22:05:15","modified_gmt":"2025-06-16T22:05:15","slug":"piscine-inox-pool-expert-3x6x134-m","status":"publish","type":"product","link":"https:\/\/cms-euro.com\/?product=piscine-inox-pool-expert-3x6x134-m","title":{"rendered":"Piscine inox Pool Expert 3x6x1,34 m"},"content":{"rendered":"<p>VOS AVANTAGES<br \/>\nPiscine pr\u00e9fabriqu\u00e9e en acier inoxydable de la plus haute qualit\u00e9, fabriqu\u00e9e dans une qualit\u00e9 de fabrication<br \/>\nSoud\u00e9 par robot pour de meilleurs r\u00e9sultats de soudage<br \/>\npas de soudures crois\u00e9es dans la zone jusqu&rsquo;\u00e0 10 m de long<br \/>\navec un cadre solide et nivelable<br \/>\nLa piscine est tach\u00e9e \u00e0 l&rsquo;int\u00e9rieur et \u00e0 l&rsquo;ext\u00e9rieur<br \/>\nCaniveau d&rsquo;arriv\u00e9e au sol et isolation du sol 100 mm<br \/>\nisolation murale mont\u00e9e 50 et 20 mm<br \/>\nLa construction en ossature fix\u00e9e au corps de la piscine en usine permet d&rsquo;adapter le coffrage \u00e0 toutes les classes de sols.<br \/>\nConstruction la plus simple et remplissage avec du b\u00e9ton maigre ou isolant<\/p>\n<p>CONTENU DE LA LIVRAISON<br \/>\nCorps de piscine \u00e0 d\u00e9bordement en t\u00f4le d&rsquo;acier inoxydable 1.4404 (X2CrNiMol 7-1 2-2) AlSl 316L rectifi\u00e9 K400<br \/>\nGrilles de trop-plein exclusives en plastique argent\u00e9 (\u00e9galement en pierre naturelle ou en acier inoxydable moyennant un suppl\u00e9ment)<br \/>\nescaliers d&rsquo;angle droits (autres sur demande)<br \/>\nIsolation du sol 100 mm install\u00e9e \u00e0 c\u00f4t\u00e9 du conduit d&rsquo;arriv\u00e9e Isolation murale 50 \/ 20 mm<br \/>\nCanal d&rsquo;entr\u00e9e<\/p>\n","protected":false},"excerpt":{"rendered":"<p>Piscine inox Pool Expert 3x6x1,34 m<br \/>\nNos piscines \u00e0 d\u00e9bordement en acier inoxydable offrent une exp\u00e9rience de baignade unique avec des effets de lumi\u00e8re enchanteurs et un comportement de r\u00e9flexion unique. Un design puriste, des surfaces exclusives et une sensation unique.<br \/>\n[1] ENTR\u00c9E AVEC REV\u00caTEMENT ANTID\u00c9RAPANT [2] PAROI EN ACIER INOXYDABLE 2,5 MM [3] BORDS POUR UNE R\u00c9SISTANCE MAXIMALE [4] BASE EN ACIER INOXYDABLE 2 MM, CLOUS EN OPTION [5] PI\u00c8CES \u00c0 ENCASTRER EN ACIER INOXYDABLE [6] SOL GOUTTI\u00c8RE POUR UNE CIRCULATION OPTIMALE DE L&rsquo;EAU [7] GRILLE DE GOUTTI\u00c8RE EN INOX ET PIERRE NATURELLE EN OPTION [8] ENTRETOISES EN INOX [+] PROFONDEUR DE PISCINE AU CHOIX 1,34 OU 1,50 M [+] ISOLATION MURS ET SOL INT\u00c9GR\u00c9E [+] VOLET ROULANT INT\u00c9GR\u00c9, FACULTATIF<br \/>\nPiscine inox INOX Expert &#8211; piscine \u00e0 d\u00e9bordement est disponible en 2 profondeurs de piscine.<\/p>\n<p>LONGUEUR DE LA PISCINE EN 6M<br \/>\nLARGEUR DE LA PISCINE EN 3 M<br \/>\nSURFACE D&rsquo;EAU EN 18 M\u00b2<br \/>\nPROFONDEUR DE LA PISCINE EN 1,34 M<br \/>\nPROFONDEUR DE L&rsquo;EAU EN 1,34 M<br \/>\nVOLUME DE LA PISCINE EN 24 M\u00b3<br \/>\nEscaliers et banc<\/p>\n<p>\u2022 finition de haute qualit\u00e9<br \/>\n\u2022 LED puissantes<br \/>\n\u2022 design tr\u00e8s compact<br \/>\n\u2022 \u00e9conomique en consommation d&rsquo;\u00e9nergie<br \/>\n\u2022 Fabriqu\u00e9 en UE<\/p>\n<h3>D\u00e9tails<\/h3>\n<p><strong>Couleur de la lumi\u00e8re RVB\u00a0:<\/strong>\u00a01700 lm, 45 W, d=100 mm, dimmable en<br \/>\n11 couleurs diff\u00e9rentes<\/p>\n<p><strong>Couleur de lumi\u00e8re BLANC :<\/strong>\u00a02350 lm, 30 W, d = 100 mm, dimmable<\/p>\n<h3>Brancher et utiliser<\/h3>\n<p>\u2022 Piscine, pi\u00e8ces encastr\u00e9es et puits technique pr\u00e9-raccord\u00e9s et pr\u00e9par\u00e9s pour le raccordement, y compris \u00e9tiquetage<br \/>\n\u2022 Composants du puits technique partiellement d\u00e9mont\u00e9s, protection de transport<br \/>\n\u2022 y compris plans de travail pour l&rsquo;excavation, plaque de base, tuyauterie et pi\u00e8ces encastr\u00e9es<br \/>\n\u2022 Assistance t\u00e9l\u00e9phonique<\/p>\n<h3>Soutien sur place<\/h3>\n<p>\u2022 Plug and Play + \u00e0 la livraison de la piscine, un employ\u00e9 sur place pour d\u00e9charger et placer la piscine dans la fosse<br \/>\n\u2022 \u200b\u200bInstruction sur les travaux de gros \u0153uvre<\/p>\n","protected":false},"featured_media":12369,"comment_status":"closed","ping_status":"closed","template":"","meta":{"inline_featured_image":false},"product_brand":[],"product_cat":[131],"product_tag":[],"class_list":{"0":"post-12336","1":"product","2":"type-product","3":"status-publish","4":"has-post-thumbnail","6":"product_cat-conteneur-piscine","8":"first","9":"instock","10":"sale","11":"product-type-simple"},"_links":{"self":[{"href":"https:\/\/cms-euro.com\/index.php?rest_route=\/wp\/v2\/product\/12336","targetHints":{"allow":["GET"]}}],"collection":[{"href":"https:\/\/cms-euro.com\/index.php?rest_route=\/wp\/v2\/product"}],"about":[{"href":"https:\/\/cms-euro.com\/index.php?rest_route=\/wp\/v2\/types\/product"}],"replies":[{"embeddable":true,"href":"https:\/\/cms-euro.com\/index.php?rest_route=%2Fwp%2Fv2%2Fcomments&post=12336"}],"version-history":[{"count":1,"href":"https:\/\/cms-euro.com\/index.php?rest_route=\/wp\/v2\/product\/12336\/revisions"}],"predecessor-version":[{"id":12370,"href":"https:\/\/cms-euro.com\/index.php?rest_route=\/wp\/v2\/product\/12336\/revisions\/12370"}],"wp:featuredmedia":[{"embeddable":true,"href":"https:\/\/cms-euro.com\/index.php?rest_route=\/wp\/v2\/media\/12369"}],"wp:attachment":[{"href":"https:\/\/cms-euro.com\/index.php?rest_route=%2Fwp%2Fv2%2Fmedia&parent=12336"}],"wp:term":[{"taxonomy":"product_brand","embeddable":true,"href":"https:\/\/cms-euro.com\/index.php?rest_route=%2Fwp%2Fv2%2Fproduct_brand&post=12336"},{"taxonomy":"product_cat","embeddable":true,"href":"https:\/\/cms-euro.com\/index.php?rest_route=%2Fwp%2Fv2%2Fproduct_cat&post=12336"},{"taxonomy":"product_tag","embeddable":true,"href":"https:\/\/cms-euro.com\/index.php?rest_route=%2Fwp%2Fv2%2Fproduct_tag&post=12336"}],"curies":[{"name":"wp","href":"https:\/\/api.w.org\/{rel}","templated":true}]}}