{"id":12339,"date":"2025-06-16T22:04:57","date_gmt":"2025-06-16T22:04:57","guid":{"rendered":"https:\/\/cms-euro.com\/?post_type=product&#038;p=12339"},"modified":"2025-06-16T22:05:24","modified_gmt":"2025-06-16T22:05:24","slug":"piscine-en-conteneur","status":"publish","type":"product","link":"https:\/\/cms-euro.com\/?product=piscine-en-conteneur","title":{"rendered":"Piscine en Conteneur"},"content":{"rendered":"","protected":false},"excerpt":{"rendered":"<p>DESCRIPTION<br \/>\nGarantie:<br \/>\n1 an<br \/>\nService apr\u00e8s-vente:<br \/>\nSupport technique en ligne, installation sur site<br \/>\nApplication:<br \/>\nH\u00f4tel, piscine<br \/>\nMarque:<br \/>\nMaison magique<br \/>\nUtiliser:<br \/>\nAbri d\u2019auto, h\u00f4tel, maison, kiosque, stand, bureau, gu\u00e9rite, poste de garde, magasin, toilettes, villa, entrep\u00f4t, atelier, plante, sites pittoresques<br \/>\nType de produit:<br \/>\nStructure d\u2019acier<br \/>\nStyle de conception :<br \/>\nIndustriel<br \/>\nTaper:<br \/>\nPersonnalisable<br \/>\nStyle:<br \/>\nStyle minimaliste moderne, style europ\u00e9en, style antique.<br \/>\nPoids:<br \/>\n1500kg-3500kg<br \/>\nTaille:<br \/>\n11800*2200*1800\/5800*2200*1800<br \/>\ncouleur:<br \/>\nbleu, chair ou couleur personnalis\u00e9e<br \/>\nAttestation :<br \/>\nISO 9001<br \/>\nNom du produit :<br \/>\nconteneur d\u2019exp\u00e9dition piscine natation<br \/>\nNom:<br \/>\npiscine en conteneur<br \/>\nMot-cl\u00e9:<\/p>\n","protected":false},"featured_media":12399,"comment_status":"closed","ping_status":"closed","template":"","meta":{"inline_featured_image":false},"product_brand":[],"product_cat":[131],"product_tag":[],"class_list":{"0":"post-12339","1":"product","2":"type-product","3":"status-publish","4":"has-post-thumbnail","6":"product_cat-conteneur-piscine","8":"first","9":"instock","10":"sale","11":"product-type-simple"},"_links":{"self":[{"href":"https:\/\/cms-euro.com\/index.php?rest_route=\/wp\/v2\/product\/12339","targetHints":{"allow":["GET"]}}],"collection":[{"href":"https:\/\/cms-euro.com\/index.php?rest_route=\/wp\/v2\/product"}],"about":[{"href":"https:\/\/cms-euro.com\/index.php?rest_route=\/wp\/v2\/types\/product"}],"replies":[{"embeddable":true,"href":"https:\/\/cms-euro.com\/index.php?rest_route=%2Fwp%2Fv2%2Fcomments&post=12339"}],"version-history":[{"count":1,"href":"https:\/\/cms-euro.com\/index.php?rest_route=\/wp\/v2\/product\/12339\/revisions"}],"predecessor-version":[{"id":12400,"href":"https:\/\/cms-euro.com\/index.php?rest_route=\/wp\/v2\/product\/12339\/revisions\/12400"}],"wp:featuredmedia":[{"embeddable":true,"href":"https:\/\/cms-euro.com\/index.php?rest_route=\/wp\/v2\/media\/12399"}],"wp:attachment":[{"href":"https:\/\/cms-euro.com\/index.php?rest_route=%2Fwp%2Fv2%2Fmedia&parent=12339"}],"wp:term":[{"taxonomy":"product_brand","embeddable":true,"href":"https:\/\/cms-euro.com\/index.php?rest_route=%2Fwp%2Fv2%2Fproduct_brand&post=12339"},{"taxonomy":"product_cat","embeddable":true,"href":"https:\/\/cms-euro.com\/index.php?rest_route=%2Fwp%2Fv2%2Fproduct_cat&post=12339"},{"taxonomy":"product_tag","embeddable":true,"href":"https:\/\/cms-euro.com\/index.php?rest_route=%2Fwp%2Fv2%2Fproduct_tag&post=12339"}],"curies":[{"name":"wp","href":"https:\/\/api.w.org\/{rel}","templated":true}]}}