{"id":12340,"date":"2025-06-16T22:04:57","date_gmt":"2025-06-16T22:04:57","guid":{"rendered":"https:\/\/cms-euro.com\/?post_type=product&#038;p=12340"},"modified":"2025-06-16T22:05:29","modified_gmt":"2025-06-16T22:05:29","slug":"tiny-house-pour-vacances-1000-x-300-m","status":"publish","type":"product","link":"https:\/\/cms-euro.com\/?product=tiny-house-pour-vacances-1000-x-300-m","title":{"rendered":"Tiny house Pour vacances 10,00 x 3,00 m"},"content":{"rendered":"<p>Nous vous proposons une tiny house cl\u00e9 en main et de qualit\u00e9 avec des dimensions ext\u00e9rieures de 10,00 x 3,00 m. Nous serions heureux de vous convaincre de notre produit.<\/p>\n","protected":false},"excerpt":{"rendered":"<p>DESCRIPTION<br \/>\nNous vous proposons une Tiny house cl\u00e9 en main et de qualit\u00e9 avec des dimensions ext\u00e9rieures de 10,00 x 3,00 m. Nous serions heureux de vous convaincre de notre produit.<\/p>\n<p>Nous accompagnons votre projet du premier contact jusqu\u2019\u00e0 l\u2019organisation et effectuons le transport.<\/p>\n<p>Inclus dans le prix:<\/p>\n<p>\u2013 Murs ext\u00e9rieurs : panneaux sandwich 150 mm en polystyr\u00e8ne (gypse \u00e0 l\u2019int\u00e9rieur, rev\u00eatement en t\u00f4le \u00e0 l\u2019ext\u00e9rieur)<br \/>\n\u2013 Toiture en appentis : panneaux sandwich 150 mm en polystyr\u00e8ne ( gypse \u00e0 l\u2019int\u00e9rieur, rev\u00eatement en t\u00f4le \u00e0 l\u2019ext\u00e9rieur)<br \/>\n\u2013 Parois int\u00e9rieures : panneaux sandwich 80 mm en polystyr\u00e8ne Polystyr\u00e8ne avec mur en plaques de pl\u00e2tre, carrelage dans la salle de bain)<br \/>\n\u2013 Construction en acier avec couches de protection contre la corrosion<br \/>\n\u2013 Porte simple en aluminium, enti\u00e8rement vitr\u00e9e 1,10 x 2,10 m \u2013 1 pi\u00e8ce (teint\u00e9e)<\/p>\n<p>\u2013 Fen\u00eatre PVC fixe inclin\u00e9e 1,5m x 2,1m \u2013 1 pi\u00e8ce (teint\u00e9e)<\/p>\n<p>\u2013 Fen\u00eatre PVC fixe 1,30 x 2,10 m \u2013 2 pi\u00e8ces (teint\u00e9e)<\/p>\n<p>\u2013 Fen\u00eatre PVC fixe 2,50 x 0,5 m \u2013 1 pi\u00e8ce (teint\u00e9e)<\/p>\n<p>\u2013 Fen\u00eatre PVC D\/K 0,8 x 2,10 m \u2013 1 pi\u00e8ce (teint\u00e9e)<\/p>\n<p>\u2013 Fen\u00eatre PVC D\/K 1,00 x 0,6 m \u2013 1 pi\u00e8ce (teint\u00e9e)<\/p>\n<p>\u2013 Fen\u00eatre PVC D\/K 0,6 x 0,6 m \u2013 1 pi\u00e8ce.<\/p>\n<p>\u2013 Am\u00e9nagement int\u00e9rieur selon plan d\u2019\u00e9tage<\/p>\n<p>\u2013 Installation \u00e9lectrique : 4 lampes, 8 prises individuelles (230V), 2 radiateurs \u00e9lectriques, interrupteurs, bo\u00eete \u00e0 fusibles \u2013<br \/>\nInstallation sanitaire : WC, \u00e9vier avec meuble bas, douche, ballon d\u2019eau chaude<br \/>\n\u2013 Cuisine : \u00e9vier, ballon d\u2019eau chaude, placards<br \/>\n\u2013 Plancher isol\u00e9 en panneaux sandwich de 100 mm en polystyr\u00e8ne ; int\u00e9rieur OSB 22 mm, rev\u00eatement de sol stratifi\u00e9<br \/>\n\u2013 t\u00f4lerie<br \/>\n\u2013 assemblage<br \/>\n\u2013 documentation technique<\/p>\n<p>Non inclus dans le prix :<br \/>\n\u2013 Transport<br \/>\n\u2013 d\u00e9chargement par grue<\/p>\n","protected":false},"featured_media":12401,"comment_status":"closed","ping_status":"closed","template":"","meta":{"inline_featured_image":false},"product_brand":[],"product_cat":[117,118],"product_tag":[],"class_list":{"0":"post-12340","1":"product","2":"type-product","3":"status-publish","4":"has-post-thumbnail","6":"product_cat-containers","7":"product_cat-conteneur-amenage","9":"first","10":"instock","11":"sale","12":"product-type-simple"},"_links":{"self":[{"href":"https:\/\/cms-euro.com\/index.php?rest_route=\/wp\/v2\/product\/12340","targetHints":{"allow":["GET"]}}],"collection":[{"href":"https:\/\/cms-euro.com\/index.php?rest_route=\/wp\/v2\/product"}],"about":[{"href":"https:\/\/cms-euro.com\/index.php?rest_route=\/wp\/v2\/types\/product"}],"replies":[{"embeddable":true,"href":"https:\/\/cms-euro.com\/index.php?rest_route=%2Fwp%2Fv2%2Fcomments&post=12340"}],"version-history":[{"count":1,"href":"https:\/\/cms-euro.com\/index.php?rest_route=\/wp\/v2\/product\/12340\/revisions"}],"predecessor-version":[{"id":12402,"href":"https:\/\/cms-euro.com\/index.php?rest_route=\/wp\/v2\/product\/12340\/revisions\/12402"}],"wp:featuredmedia":[{"embeddable":true,"href":"https:\/\/cms-euro.com\/index.php?rest_route=\/wp\/v2\/media\/12401"}],"wp:attachment":[{"href":"https:\/\/cms-euro.com\/index.php?rest_route=%2Fwp%2Fv2%2Fmedia&parent=12340"}],"wp:term":[{"taxonomy":"product_brand","embeddable":true,"href":"https:\/\/cms-euro.com\/index.php?rest_route=%2Fwp%2Fv2%2Fproduct_brand&post=12340"},{"taxonomy":"product_cat","embeddable":true,"href":"https:\/\/cms-euro.com\/index.php?rest_route=%2Fwp%2Fv2%2Fproduct_cat&post=12340"},{"taxonomy":"product_tag","embeddable":true,"href":"https:\/\/cms-euro.com\/index.php?rest_route=%2Fwp%2Fv2%2Fproduct_tag&post=12340"}],"curies":[{"name":"wp","href":"https:\/\/api.w.org\/{rel}","templated":true}]}}