{"id":12341,"date":"2025-06-16T22:04:57","date_gmt":"2025-06-16T22:04:57","guid":{"rendered":"https:\/\/cms-euro.com\/?post_type=product&#038;p=12341"},"modified":"2025-06-16T22:05:34","modified_gmt":"2025-06-16T22:05:34","slug":"conteneur-toilettes-divise-de-40-pieds","status":"publish","type":"product","link":"https:\/\/cms-euro.com\/?product=conteneur-toilettes-divise-de-40-pieds","title":{"rendered":"conteneur Toilettes divis\u00e9 de 40 pieds"},"content":{"rendered":"<p>CHARPENTE ET MURS<br \/>\nCloisons int\u00e9rieures \u00e0 isoler et \u00e0 rocher avec FRP 1\/8\u2033<br \/>\nMurs ext\u00e9rieurs \u00e0 encadrer avec des montants en bois** de 3 5\/8\u2033 (calibre 25) avec FRP de 5\/8\u2033<br \/>\nPlafond int\u00e9rieur \u00e0 \u00e9tanch\u00e9ifier avec de la mousse de pri\u00e8re \u00e0 cellules ferm\u00e9es**, isolation R-30, cadre avec montants en bois** de 6\u2033 (calibre 20) et plaques de pl\u00e2tre de 5\/8\u2033** avec FRP de 1\/8\u2033<br \/>\nMontants en bois*<br \/>\nIsolation en mousse pulv\u00e9ris\u00e9e \u00e0 cellules ferm\u00e9es*<\/p>\n<p>ISOLATION<br \/>\nMousse pulv\u00e9ris\u00e9e \u00e0 cellules ferm\u00e9es<br \/>\nPlafond \u2013 3 en R21<br \/>\nMurs \u2013 2 en R13<br \/>\n\u00c9tage \u2013 1 en R7<br \/>\nCeux-ci peuvent \u00eatre modifi\u00e9s en fonction de votre climat ou de vos besoins<\/p>\n<p>\u00c9LECTRICIT\u00c9 ET LUMI\u00c8RES<br \/>\nQt\u00e9 1 &#8211; Qt\u00e9 1 \u2013 Bo\u00eete de disjoncteur de panneau \u00e0 12 emplacements de 200 A<br \/>\nQt\u00e9 6 \u2013 Lumi\u00e8re ext\u00e9rieure d\u2019ext\u00e9rieur grise<br \/>\nQt\u00e9 3- Sortie ext\u00e9rieure<br \/>\nQt\u00e9 3- Prises int\u00e9rieures (d\u00e9barras)<br \/>\nQuantit\u00e9 1- Bande lumineuse LED 1 \u00d7 4 (salle de stockage)<br \/>\nPRISES USB*<br \/>\nQt\u00e9 7 &#8211; Lumi\u00e8res LED mont\u00e9es en surface avec ventilateur<br \/>\nQt\u00e91 &#8211; Bo\u00eete de conduits<\/p>\n<p>SOL<br \/>\nSol \u00e9poxy pour un nettoyage facile et une durabilit\u00e9<\/p>\n<p>FEN\u00caTRES ET PORTES<br \/>\nQuantit\u00e9 6 portes de 2 pieds-6 pouces x 7 pieds. Porte m\u00e9tallique creuse simple 1 3\/4\u2033, ext\u00e9rieure.<br \/>\nQt\u00e9 1- Porte de 3 pi x 7 pi, porte m\u00e9tallique creuse simple de 1 3\/4\u2033, ext\u00e9rieure<br \/>\nQt\u00e9 7 &#8211; Ventilateurs d&rsquo;extraction muraux<br \/>\n**Les portes des unit\u00e9s de salle de bain doivent avoir des bouches d&rsquo;a\u00e9ration, les portes ont des bouches d&rsquo;a\u00e9ration**<\/p>\n<p>UNIT\u00c9 ADA<br \/>\nQt\u00e9 1 &#8211; D\u00e9crochage ADA, 5 pi-4 po (L) x 8 pi (L) x 8 pi 10 po (H)<br \/>\nQt\u00e9 1 &#8211; station \u00e0 langer<br \/>\nQt\u00e9 2- Mains courantes<br \/>\nQuantit\u00e9 1 &#8211; Ventilateur d&rsquo;extraction mural<br \/>\nQt\u00e9 1- Porte de 3 pi x 7 pi, porte m\u00e9tallique creuse simple de 1 3\/4\u2033, ext\u00e9rieure<br \/>\nQt\u00e9 1- Toilettes de qualit\u00e9 commerciale<\/p>\n<p>SALLE DE BAINS STANDARD<br \/>\nQt\u00e9 6 &#8211; Stand standard, 3 pi (L) x 8 pi (L) x 8 pi 10 po (H)<br \/>\nQt\u00e9 2- Mains courantes<br \/>\nQt\u00e9 1 ventilateur d&rsquo;extraction mural<br \/>\nQuantit\u00e9 1 porte de 2 pieds-6 pouces x 7 pieds. Porte m\u00e9tallique creuse simple 1 3\/4\u2033, ext\u00e9rieure.<br \/>\nQt\u00e9 1- Toilettes de qualit\u00e9 commerciale<\/p>\n<p>UNIT\u00c9 DE STOCKAGE<br \/>\nChauffe-eau sans r\u00e9servoir am\u00e9lior\u00e9<br \/>\nQt\u00e9 1 chauffe-eau \u00e9lectrique sans r\u00e9servoir automodulant de 7,03 GPM \u00e0 performance de 36 kW<br \/>\nSol et murs de conteneurs nus<br \/>\nD\u00e9put\u00e9 europ\u00e9en<br \/>\nToutes les toilettes\/urinoirs sont \u00e0 d\u00e9charge murale. Chemin de plomberie horizontal Furrout pour la plomberie et les \u00e9vents \u00e0 l&rsquo;arri\u00e8re du conteneur. \u00e9vents \u00e0 connecter avec une colonne montante.<br \/>\nQt\u00e9 3 \u2013 Jeux de raccords pour eau froide et chaude sortant du conteneur<\/p>\n<p>EXT\u00c9RIEUR<br \/>\nPeinture \u00e9mail \u00e0 base d&rsquo;huile<br \/>\nCouleur personnalis\u00e9e, choisissez votre couleur<\/p>\n<p>AGENCEMENTS<br \/>\nQuantit\u00e9 7-ventilateur d&rsquo;extraction<br \/>\nVentilateur d&rsquo;extraction utilitaire traversant le mur de 200 CFM pour garage, cuisine, buanderie et salles de jeux<br \/>\nQt\u00e9 7- Toilettes<br \/>\nSyst\u00e8me de toilettes manuel Zurn One Z.WC4.M avec toilettes au sol et robinet de chasse d&rsquo;eau<br \/>\nHAUT-PARLEURS<br \/>\nHaut-parleurs de terrasse Bluetooth BT Blast 5.25 r\u00e9sistants aux intemp\u00e9ries pour int\u00e9rieur\/ext\u00e9rieur (noir \u2013 paire)<br \/>\nPrises pour haut-parleurs<\/p>\n","protected":false},"excerpt":{"rendered":"<p>DIMENSIONS ET D\u00c9TAILS<br \/>\nExt\u00e9rieur \u2013 40 pi (L) x 8 pi (L) x 9 pi 6 po (H) NOUVEAU conteneur HIGH CUBE<br \/>\nQt\u00e9 6 \u2013 Stand standard, 3 pi (L) x 8 pi (L) x 8 pi 10 po (H)<br \/>\nQt\u00e9 1 \u2013 D\u00e9crochage ADA, 5 pi-4 po (L) x 8 pi (L) x 8 pi 10 po (H)<br \/>\nQt\u00e9 1 \u2013 Espace de stockage, 12 pieds-9 pouces (L), 8 pieds (L), 8 pieds-10 pouces (H)<\/p>\n","protected":false},"featured_media":12409,"comment_status":"closed","ping_status":"closed","template":"","meta":{"inline_featured_image":false},"product_brand":[],"product_cat":[117,120],"product_tag":[],"class_list":{"0":"post-12341","1":"product","2":"type-product","3":"status-publish","4":"has-post-thumbnail","6":"product_cat-containers","7":"product_cat-conteneurs-sanitaire","9":"first","10":"instock","11":"sale","12":"taxable","13":"shipping-taxable","14":"product-type-simple"},"_links":{"self":[{"href":"https:\/\/cms-euro.com\/index.php?rest_route=\/wp\/v2\/product\/12341","targetHints":{"allow":["GET"]}}],"collection":[{"href":"https:\/\/cms-euro.com\/index.php?rest_route=\/wp\/v2\/product"}],"about":[{"href":"https:\/\/cms-euro.com\/index.php?rest_route=\/wp\/v2\/types\/product"}],"replies":[{"embeddable":true,"href":"https:\/\/cms-euro.com\/index.php?rest_route=%2Fwp%2Fv2%2Fcomments&post=12341"}],"version-history":[{"count":1,"href":"https:\/\/cms-euro.com\/index.php?rest_route=\/wp\/v2\/product\/12341\/revisions"}],"predecessor-version":[{"id":12410,"href":"https:\/\/cms-euro.com\/index.php?rest_route=\/wp\/v2\/product\/12341\/revisions\/12410"}],"wp:featuredmedia":[{"embeddable":true,"href":"https:\/\/cms-euro.com\/index.php?rest_route=\/wp\/v2\/media\/12409"}],"wp:attachment":[{"href":"https:\/\/cms-euro.com\/index.php?rest_route=%2Fwp%2Fv2%2Fmedia&parent=12341"}],"wp:term":[{"taxonomy":"product_brand","embeddable":true,"href":"https:\/\/cms-euro.com\/index.php?rest_route=%2Fwp%2Fv2%2Fproduct_brand&post=12341"},{"taxonomy":"product_cat","embeddable":true,"href":"https:\/\/cms-euro.com\/index.php?rest_route=%2Fwp%2Fv2%2Fproduct_cat&post=12341"},{"taxonomy":"product_tag","embeddable":true,"href":"https:\/\/cms-euro.com\/index.php?rest_route=%2Fwp%2Fv2%2Fproduct_tag&post=12341"}],"curies":[{"name":"wp","href":"https:\/\/api.w.org\/{rel}","templated":true}]}}