{"id":12391,"date":"2025-06-16T22:05:22","date_gmt":"2025-06-16T22:05:22","guid":{"rendered":"https:\/\/cms-euro.com\/?post_type=product&#038;p=12391"},"modified":"2025-06-16T22:05:47","modified_gmt":"2025-06-16T22:05:47","slug":"set-de-mini-conteneurs-de-piscine-5m25x2m55x1m26","status":"publish","type":"product","link":"https:\/\/cms-euro.com\/?product=set-de-mini-conteneurs-de-piscine-5m25x2m55x1m26","title":{"rendered":"Set de mini-conteneurs de piscine 5M25x2M55x1M26"},"content":{"rendered":"","protected":false},"excerpt":{"rendered":"<p>Set de mini-conteneurs de piscine avec local technique int\u00e9gr\u00e9<br \/>\n5M25x2M55x1M26, structure en acier, pont et margelle.<br \/>\nDalle en b\u00e9ton de 15 cm d\u2019\u00e9paisseur avec un renfort au centre de 6 x 3 m ou 7 x 3 m si vous souhaitez placer une pompe \u00e0 chaleur \u00e0 proximit\u00e9 du local technique.<br \/>\nConteneur de piscine transportable SANS LICENCE 5M25x2M55x1M26, dimensions int\u00e9rieures 4M15 x 2M25 (version hors sol). Poids de la piscine vide : 1150 kg. Piscine sans installation, \u00e9quip\u00e9e d\u2019un syst\u00e8me de filtration (1 skimmer, 2 buses de refoulement et d\u2019\u00e9vacuation, 1 projecteur LED blanc avec t\u00e9l\u00e9commande, 1 filtre \u00e0 sable \u00d8 400 mm \u2013 6,5 m\u00b3). \/h offre une finesse de filtration de 40 \u00e0 50 microns avec vanne 6 voies (sable fourni), motopompe 0,5 CV, 1 coffret \u00e9lectrique). Toutes les machines sont plac\u00e9es dans le local technique. Le rev\u00eatement est commercialis\u00e9 (gris clair 75\/100) et se compose d\u2019une membrane haute performance, peinte c\u00f4t\u00e9 eau, qui offre une r\u00e9sistance et une protection contre le vieillissement d\u00fb aux rayons ultraviolets, contre l\u2019abrasion et les rayures et contre les taches. contre les micro-organismes, contre les attaques et les salissures c\u00f4t\u00e9 eau.<\/p>\n","protected":false},"featured_media":12459,"comment_status":"closed","ping_status":"closed","template":"","meta":{"inline_featured_image":false},"product_brand":[],"product_cat":[131],"product_tag":[],"class_list":{"0":"post-12391","1":"product","2":"type-product","3":"status-publish","4":"has-post-thumbnail","6":"product_cat-conteneur-piscine","8":"first","9":"instock","10":"product-type-simple"},"_links":{"self":[{"href":"https:\/\/cms-euro.com\/index.php?rest_route=\/wp\/v2\/product\/12391","targetHints":{"allow":["GET"]}}],"collection":[{"href":"https:\/\/cms-euro.com\/index.php?rest_route=\/wp\/v2\/product"}],"about":[{"href":"https:\/\/cms-euro.com\/index.php?rest_route=\/wp\/v2\/types\/product"}],"replies":[{"embeddable":true,"href":"https:\/\/cms-euro.com\/index.php?rest_route=%2Fwp%2Fv2%2Fcomments&post=12391"}],"version-history":[{"count":1,"href":"https:\/\/cms-euro.com\/index.php?rest_route=\/wp\/v2\/product\/12391\/revisions"}],"predecessor-version":[{"id":12460,"href":"https:\/\/cms-euro.com\/index.php?rest_route=\/wp\/v2\/product\/12391\/revisions\/12460"}],"wp:featuredmedia":[{"embeddable":true,"href":"https:\/\/cms-euro.com\/index.php?rest_route=\/wp\/v2\/media\/12459"}],"wp:attachment":[{"href":"https:\/\/cms-euro.com\/index.php?rest_route=%2Fwp%2Fv2%2Fmedia&parent=12391"}],"wp:term":[{"taxonomy":"product_brand","embeddable":true,"href":"https:\/\/cms-euro.com\/index.php?rest_route=%2Fwp%2Fv2%2Fproduct_brand&post=12391"},{"taxonomy":"product_cat","embeddable":true,"href":"https:\/\/cms-euro.com\/index.php?rest_route=%2Fwp%2Fv2%2Fproduct_cat&post=12391"},{"taxonomy":"product_tag","embeddable":true,"href":"https:\/\/cms-euro.com\/index.php?rest_route=%2Fwp%2Fv2%2Fproduct_tag&post=12391"}],"curies":[{"name":"wp","href":"https:\/\/api.w.org\/{rel}","templated":true}]}}