{"id":12392,"date":"2025-06-16T22:05:22","date_gmt":"2025-06-16T22:05:22","guid":{"rendered":"https:\/\/cms-euro.com\/?post_type=product&#038;p=12392"},"modified":"2025-06-16T22:05:48","modified_gmt":"2025-06-16T22:05:48","slug":"conteneur-piscine-avec-toit-pack-premium-62mx-25m","status":"publish","type":"product","link":"https:\/\/cms-euro.com\/?product=conteneur-piscine-avec-toit-pack-premium-62mx-25m","title":{"rendered":"Conteneur Piscine avec Toit Pack Premium 6,2mx 2,5m"},"content":{"rendered":"<p>sp\u00e9cification<\/p>\n<p>Longueur : 6,2 m<br \/>\nLargeur : 2,55 m<br \/>\nNiveau d\u2019eau : 1,15 m<br \/>\nHauteur ext\u00e9rieure : 1,37 m<br \/>\nBas\u00e9 sur un conteneur maritime de 20 pieds<br \/>\nPr\u00eat \u00e0 l\u2019emploi le jour m\u00eame de la livraison<br \/>\nTerrasse et escaliers en bois composite (WPC)<br \/>\nSyst\u00e8me de filtration<br \/>\nPlatelage composite WPC<br \/>\nTrousse de nettoyage<br \/>\nLumi\u00e8res internes<br \/>\nPompe \u00e0 chaleur<br \/>\nPeu de couleurs disponibles<br \/>\nToit de piscine coulissant en plexiglas<br \/>\nD\u00e9tails<br \/>\nInclus dans le prix<\/p>\n<p>Piscine compl\u00e8te et finie<br \/>\nInstallation compl\u00e8te d\u2019\u00e9lectricit\u00e9 et d\u2019eau<\/p>\n<p>Non inclus dans le prix<\/p>\n<p>Grue pour soulever la piscine du camion<br \/>\nTransport<br \/>\nFondations<br \/>\nAssemblage sur place<br \/>\nRaccordement \u00e0 une installation \u00e9lectrique 1 ou 3 phases<\/p>\n","protected":false},"excerpt":{"rendered":"<p>Piscine conteneur Premium est une excellente combinaison de confort, de plaisir et de design unique. Gr\u00e2ce au syst\u00e8me de chauffage de l\u2019eau et \u00e0 l\u2019\u00e9clairage int\u00e9rieur, vous pourrez profiter de la piscine quelle que soit l\u2019heure de la journ\u00e9e. Son confort sera \u00e0 votre port\u00e9e m\u00eame pendant les mois un peu plus froids !<\/p>\n<p>Syst\u00e8me de filtration<br \/>\nPlatelage composite WPC<br \/>\nKit de nettoyage inclus<br \/>\nLumi\u00e8res internes<br \/>\nPompe \u00e0 chaleur<br \/>\nToit de piscine coulissant en plexiglas<br \/>\nPiscine conteneur Premium dispose \u00e9galement d\u2019un syst\u00e8me d\u2019isolation thermique qui r\u00e9duit les pertes de chaleur, en plus d\u2019un syst\u00e8me de chauffage de l\u2019eau et d\u2019un \u00e9clairage interne. Un lit filtrant actif am\u00e9liore la qualit\u00e9 de l\u2019eau.<\/p>\n","protected":false},"featured_media":12472,"comment_status":"closed","ping_status":"closed","template":"","meta":{"inline_featured_image":false},"product_brand":[],"product_cat":[117,131],"product_tag":[],"class_list":{"0":"post-12392","1":"product","2":"type-product","3":"status-publish","4":"has-post-thumbnail","6":"product_cat-containers","7":"product_cat-conteneur-piscine","9":"first","10":"instock","11":"sale","12":"taxable","13":"shipping-taxable","14":"product-type-simple"},"_links":{"self":[{"href":"https:\/\/cms-euro.com\/index.php?rest_route=\/wp\/v2\/product\/12392","targetHints":{"allow":["GET"]}}],"collection":[{"href":"https:\/\/cms-euro.com\/index.php?rest_route=\/wp\/v2\/product"}],"about":[{"href":"https:\/\/cms-euro.com\/index.php?rest_route=\/wp\/v2\/types\/product"}],"replies":[{"embeddable":true,"href":"https:\/\/cms-euro.com\/index.php?rest_route=%2Fwp%2Fv2%2Fcomments&post=12392"}],"version-history":[{"count":1,"href":"https:\/\/cms-euro.com\/index.php?rest_route=\/wp\/v2\/product\/12392\/revisions"}],"predecessor-version":[{"id":12473,"href":"https:\/\/cms-euro.com\/index.php?rest_route=\/wp\/v2\/product\/12392\/revisions\/12473"}],"wp:featuredmedia":[{"embeddable":true,"href":"https:\/\/cms-euro.com\/index.php?rest_route=\/wp\/v2\/media\/12472"}],"wp:attachment":[{"href":"https:\/\/cms-euro.com\/index.php?rest_route=%2Fwp%2Fv2%2Fmedia&parent=12392"}],"wp:term":[{"taxonomy":"product_brand","embeddable":true,"href":"https:\/\/cms-euro.com\/index.php?rest_route=%2Fwp%2Fv2%2Fproduct_brand&post=12392"},{"taxonomy":"product_cat","embeddable":true,"href":"https:\/\/cms-euro.com\/index.php?rest_route=%2Fwp%2Fv2%2Fproduct_cat&post=12392"},{"taxonomy":"product_tag","embeddable":true,"href":"https:\/\/cms-euro.com\/index.php?rest_route=%2Fwp%2Fv2%2Fproduct_tag&post=12392"}],"curies":[{"name":"wp","href":"https:\/\/api.w.org\/{rel}","templated":true}]}}