{"id":12393,"date":"2025-06-16T22:05:22","date_gmt":"2025-06-16T22:05:22","guid":{"rendered":"https:\/\/cms-euro.com\/?post_type=product&#038;p=12393"},"modified":"2025-06-16T22:05:50","modified_gmt":"2025-06-16T22:05:50","slug":"12-pieds-avec-poches-pour-fourches-et-porte-a-enroulement","status":"publish","type":"product","link":"https:\/\/cms-euro.com\/?product=12-pieds-avec-poches-pour-fourches-et-porte-a-enroulement","title":{"rendered":"12 pieds avec Poches pour Fourches et Porte \u00e0 Enroulement"},"content":{"rendered":"","protected":false},"excerpt":{"rendered":"<p>Conteneur de stockage 12 pieds neuf en vente, con\u00e7u pour r\u00e9pondre \u00e0 tous vos besoins de stockage sur site, en entrep\u00f4t ou en chantier. Compact, robuste et pratique, il est id\u00e9al pour stocker du mat\u00e9riel, des outils ou des \u00e9quipements en toute s\u00e9curit\u00e9.<\/p>\n<p>Ce mod\u00e8le est \u00e9quip\u00e9 de poches pour fourches, facilitant son d\u00e9placement avec un chariot \u00e9l\u00e9vateur, ainsi que d\u2019une porte \u00e0 enroulement pour un acc\u00e8s facile et optimis\u00e9 dans les espaces restreints. Sa construction en acier de haute qualit\u00e9 et sa conception adapt\u00e9e aux environnements ext\u00e9rieurs en font une solution fiable pour s\u00e9curiser vos biens contre le vol et les intemp\u00e9ries.<\/p>\n<p>Caract\u00e9ristiques principales :<\/p>\n<p>Type : Conteneur de stockage 12 pieds<br \/>\n\u00c9tat : Neuf<br \/>\nUsage : Stockage d\u2019outils, d\u2019\u00e9quipements ou de mat\u00e9riel divers<br \/>\nMat\u00e9riau : Acier robuste avec protection contre la corrosion<br \/>\nOuverture : Porte \u00e0 enroulement pratique, id\u00e9ale pour les acc\u00e8s limit\u00e9s<br \/>\nPoches pour fourches : Facilitent le transport avec un chariot \u00e9l\u00e9vateur<\/p>\n<p>Dimensions :<\/p>\n<p>Dimensions ext\u00e9rieures :<\/p>\n<p>Longueur : 3,66 m\u00e8tres (12 pieds)<br \/>\nLargeur : 2,44 m\u00e8tres (8 pieds)<br \/>\nHauteur : 2,59 m\u00e8tres (8,6 pieds)<br \/>\nDimensions int\u00e9rieures :<\/p>\n<p>Longueur : 3,50 m\u00e8tres<br \/>\nLargeur : 2,29 m\u00e8tres<br \/>\nHauteur : 2,39 m\u00e8tres<br \/>\nCapacit\u00e9 volumique : 19 m\u00b3<\/p>\n<p>Avantages :<\/p>\n<p>Poches pour fourches int\u00e9gr\u00e9es, facilitant le transport sur site avec un chariot \u00e9l\u00e9vateur.<br \/>\nPorte \u00e0 enroulement permettant un acc\u00e8s fluide, m\u00eame dans des espaces confin\u00e9s ou encombr\u00e9s.<br \/>\nId\u00e9al pour des chantiers, des entrep\u00f4ts ou des espaces de travail n\u00e9cessitant un stockage s\u00e9curis\u00e9 de mat\u00e9riel ou d&rsquo;outillage.<\/p>\n<p>Ce conteneur de stockage de 12 pieds neuf offre une solution efficace, robuste et flexible pour s\u00e9curiser et organiser vos espaces de stockage. Gr\u00e2ce \u00e0 ses poches pour fourches et \u00e0 sa porte \u00e0 enroulement, il est particuli\u00e8rement facile \u00e0 d\u00e9placer et \u00e0 utiliser, m\u00eame dans les zones \u00e0 acc\u00e8s limit\u00e9.<\/p>\n","protected":false},"featured_media":12481,"comment_status":"closed","ping_status":"closed","template":"","meta":{"inline_featured_image":false},"product_brand":[],"product_cat":[128,117],"product_tag":[],"class_list":{"0":"post-12393","1":"product","2":"type-product","3":"status-publish","4":"has-post-thumbnail","6":"product_cat-container-maritime","7":"product_cat-containers","9":"first","10":"instock","11":"sale","12":"product-type-simple"},"_links":{"self":[{"href":"https:\/\/cms-euro.com\/index.php?rest_route=\/wp\/v2\/product\/12393","targetHints":{"allow":["GET"]}}],"collection":[{"href":"https:\/\/cms-euro.com\/index.php?rest_route=\/wp\/v2\/product"}],"about":[{"href":"https:\/\/cms-euro.com\/index.php?rest_route=\/wp\/v2\/types\/product"}],"replies":[{"embeddable":true,"href":"https:\/\/cms-euro.com\/index.php?rest_route=%2Fwp%2Fv2%2Fcomments&post=12393"}],"version-history":[{"count":1,"href":"https:\/\/cms-euro.com\/index.php?rest_route=\/wp\/v2\/product\/12393\/revisions"}],"predecessor-version":[{"id":12482,"href":"https:\/\/cms-euro.com\/index.php?rest_route=\/wp\/v2\/product\/12393\/revisions\/12482"}],"wp:featuredmedia":[{"embeddable":true,"href":"https:\/\/cms-euro.com\/index.php?rest_route=\/wp\/v2\/media\/12481"}],"wp:attachment":[{"href":"https:\/\/cms-euro.com\/index.php?rest_route=%2Fwp%2Fv2%2Fmedia&parent=12393"}],"wp:term":[{"taxonomy":"product_brand","embeddable":true,"href":"https:\/\/cms-euro.com\/index.php?rest_route=%2Fwp%2Fv2%2Fproduct_brand&post=12393"},{"taxonomy":"product_cat","embeddable":true,"href":"https:\/\/cms-euro.com\/index.php?rest_route=%2Fwp%2Fv2%2Fproduct_cat&post=12393"},{"taxonomy":"product_tag","embeddable":true,"href":"https:\/\/cms-euro.com\/index.php?rest_route=%2Fwp%2Fv2%2Fproduct_tag&post=12393"}],"curies":[{"name":"wp","href":"https:\/\/api.w.org\/{rel}","templated":true}]}}