{"id":12458,"date":"2025-06-16T22:05:44","date_gmt":"2025-06-16T22:05:44","guid":{"rendered":"https:\/\/cms-euro.com\/?post_type=product&#038;p=12458"},"modified":"2025-06-16T22:06:17","modified_gmt":"2025-06-16T22:06:17","slug":"conteneur-2x40-hc-one-way-storage-hall-60m%c2%b2","status":"publish","type":"product","link":"https:\/\/cms-euro.com\/?product=conteneur-2x40-hc-one-way-storage-hall-60m%c2%b2","title":{"rendered":"Conteneur 2\u00d740 HC ONE WAY STORAGE HALL (60m\u00b2)"},"content":{"rendered":"","protected":false},"excerpt":{"rendered":"<p>D\u00e9tails et caract\u00e9ristiques du conteneur 2\u00d740 HC ONE WAY STORAGE HALL (60m\u00b2)<\/p>\n<p>Description g\u00e9n\u00e9rale :<\/p>\n<p>Le conteneur que vous proposez est un mod\u00e8le 2\u00d740 HC (High Cube), c&rsquo;est-\u00e0-dire deux conteneurs de 40 pieds sur\u00e9lev\u00e9s, utilis\u00e9s une seule fois pour un voyage en mer. Ce type de conteneur est appr\u00e9ci\u00e9 pour ses dimensions et son volume, offrant une large surface de stockage, id\u00e9ale pour la cr\u00e9ation de halls de stockage ou des entrep\u00f4ts modulaires.<\/p>\n<p>Caract\u00e9ristiques techniques :<\/p>\n<p>Dimensions du conteneur :<\/p>\n<p>Largeur : 4,88 m\u00e8tres<br \/>\nLongueur : 12,19 m\u00e8tres<br \/>\nHauteur : 2,90 m\u00e8tres<br \/>\nSuperficie totale : 59,49 m\u00b2 (soit pr\u00e8s de 60m\u00b2 de surface utilisable)<\/p>\n<p>Type : Conteneur High Cube (HC), ce qui signifie qu&rsquo;il est plus haut que les conteneurs standard, offrant plus de volume int\u00e9rieur pour le stockage.<\/p>\n<p>Utilisation : Stockage apr\u00e8s un seul voyage maritime, ce qui garantit un excellent \u00e9tat structurel et une usure minimale.<\/p>\n<p>Qualit\u00e9 du conteneur :<\/p>\n<p>\u00c9tanch\u00e9it\u00e9 : Le conteneur est enti\u00e8rement sec et \u00e9tanche, ce qui en fait un espace de stockage s\u00fbr pour tout type de mat\u00e9riel.<br \/>\nSolide et propre : Le sol est en bon \u00e9tat, souvent constitu\u00e9 de bois marin trait\u00e9 ou de planches m\u00e9talliques.<br \/>\nMurs et structure : En tr\u00e8s bon \u00e9tat, sans traces de corrosion importante ni de bosses majeures, garantissant la durabilit\u00e9 du conteneur.<br \/>\nPortes : Les portes d&rsquo;origine maritimes, en acier robuste, sont souples et faciles \u00e0 man\u0153uvrer, avec des joints d&rsquo;\u00e9tanch\u00e9it\u00e9 en bon \u00e9tat.<\/p>\n<p>Modifications possibles :<\/p>\n<p>Ce mod\u00e8le peut etre modifi\u00e9 pour convenir \u00e0 des utilisations sp\u00e9cifiques, comme :<\/p>\n<p>Isolation thermique pour maintenir une temp\u00e9rature constante \u00e0 l&rsquo;int\u00e9rieur.<br \/>\n\u00c9lectricit\u00e9 (\u00e9clairage, prises).<br \/>\nPortes suppl\u00e9mentaires ou acc\u00e8s modifi\u00e9.<br \/>\nAjout de ventilation pour le stockage de produits n\u00e9cessitant de l&rsquo;air frais.<\/p>\n<p>Utilisations possibles :<\/p>\n<p>Ce type de conteneur est souvent utilis\u00e9 pour :<\/p>\n<p>Halls de stockage temporaire ou permanent.<br \/>\nAteliers mobiles.<br \/>\nEspaces de production ou d&rsquo;entreposage pour des entreprises ayant besoin de solutions flexibles.<br \/>\nBureaux modulaires.<br \/>\nHalls pour abriter du mat\u00e9riel agricole, industriel ou des v\u00e9hicules.<\/p>\n","protected":false},"featured_media":12529,"comment_status":"closed","ping_status":"closed","template":"","meta":{"inline_featured_image":false},"product_brand":[],"product_cat":[117],"product_tag":[],"class_list":{"0":"post-12458","1":"product","2":"type-product","3":"status-publish","4":"has-post-thumbnail","6":"product_cat-containers","8":"first","9":"instock","10":"sale","11":"product-type-simple"},"_links":{"self":[{"href":"https:\/\/cms-euro.com\/index.php?rest_route=\/wp\/v2\/product\/12458","targetHints":{"allow":["GET"]}}],"collection":[{"href":"https:\/\/cms-euro.com\/index.php?rest_route=\/wp\/v2\/product"}],"about":[{"href":"https:\/\/cms-euro.com\/index.php?rest_route=\/wp\/v2\/types\/product"}],"replies":[{"embeddable":true,"href":"https:\/\/cms-euro.com\/index.php?rest_route=%2Fwp%2Fv2%2Fcomments&post=12458"}],"version-history":[{"count":1,"href":"https:\/\/cms-euro.com\/index.php?rest_route=\/wp\/v2\/product\/12458\/revisions"}],"predecessor-version":[{"id":12530,"href":"https:\/\/cms-euro.com\/index.php?rest_route=\/wp\/v2\/product\/12458\/revisions\/12530"}],"wp:featuredmedia":[{"embeddable":true,"href":"https:\/\/cms-euro.com\/index.php?rest_route=\/wp\/v2\/media\/12529"}],"wp:attachment":[{"href":"https:\/\/cms-euro.com\/index.php?rest_route=%2Fwp%2Fv2%2Fmedia&parent=12458"}],"wp:term":[{"taxonomy":"product_brand","embeddable":true,"href":"https:\/\/cms-euro.com\/index.php?rest_route=%2Fwp%2Fv2%2Fproduct_brand&post=12458"},{"taxonomy":"product_cat","embeddable":true,"href":"https:\/\/cms-euro.com\/index.php?rest_route=%2Fwp%2Fv2%2Fproduct_cat&post=12458"},{"taxonomy":"product_tag","embeddable":true,"href":"https:\/\/cms-euro.com\/index.php?rest_route=%2Fwp%2Fv2%2Fproduct_tag&post=12458"}],"curies":[{"name":"wp","href":"https:\/\/api.w.org\/{rel}","templated":true}]}}