{"id":12546,"date":"2025-06-16T22:06:19","date_gmt":"2025-06-16T22:06:19","guid":{"rendered":"https:\/\/cms-euro.com\/?post_type=product&#038;p=12546"},"modified":"2025-06-16T22:06:24","modified_gmt":"2025-06-16T22:06:24","slug":"remorque-sanitaire-double-autonome","status":"publish","type":"product","link":"https:\/\/cms-euro.com\/?product=remorque-sanitaire-double-autonome","title":{"rendered":"Remorque sanitaire double autonome"},"content":{"rendered":"","protected":false},"excerpt":{"rendered":"<p>Remorque sanitaire neuve autonome avec double toilette\/douche 3,50 x 2,00 m\u00e8tres.<br \/>\n2x toilettes<br \/>\n2x \u00e9vier avec meuble bas<br \/>\n1x r\u00e9servoir d\u2019eau douce 200L<br \/>\n1x r\u00e9servoir d\u2019eaux us\u00e9es 200L<br \/>\n\u2013 Batterie<br \/>\n\u2013 Convertisseur de tension 12V\/230V<br \/>\n\u2013 Installation \u00e9lectrique  230V et  plafonniers<br \/>\n\u2013 Sol PVC \u2013 robuste et rapide \u00e0 nettoyer<\/p>\n<p>Structure : structure sandwich 40 mm avec t\u00f4le d\u2019acier et mousse PUR, sol isolant, couleur : blanc ext\u00e9rieur, blanc int\u00e9rieur.<\/p>\n<p>Structure en deux cabines \u00e9gales (hommes\/femmes). Les deux zones se composent d\u2019une porte d\u2019entr\u00e9e avec serrure personnelle, de 2x escaliers galvanis\u00e9s.<\/p>\n<p>Premi\u00e8re inscription \u2013 sans.<br \/>\nHU \u2013 Nouveaux<br \/>\nessieux \u2013 1, frein\u00e9<\/p>\n<p>Pneus 195\/55 R10C<\/p>\n<p>Timon en V galvanis\u00e9 \u00e0 chaud, ch\u00e2ssis galvanis\u00e9, \u00e0 un essieu<\/p>\n<p>\u2013 En option, grands autocollants, urinoirs et r\u00e9servoirs plus grands possibles<br \/>\nPoids total autoris\u00e9 \u2013 1300 kg<br \/>\nEssieux \u2013 1<br \/>\nHauteur \u2013 2800 mm<br \/>\nLongueur de l\u2019espace de chargement \u2013 3500 mm<br \/>\nLargeur de l\u2019espace de chargement \u2013 2 050 mm<\/p>\n","protected":false},"featured_media":12552,"comment_status":"closed","ping_status":"closed","template":"","meta":{"inline_featured_image":false},"product_brand":[],"product_cat":[118],"product_tag":[],"class_list":{"0":"post-12546","1":"product","2":"type-product","3":"status-publish","4":"has-post-thumbnail","6":"product_cat-conteneur-amenage","8":"first","9":"instock","10":"sale","11":"product-type-simple"},"_links":{"self":[{"href":"https:\/\/cms-euro.com\/index.php?rest_route=\/wp\/v2\/product\/12546","targetHints":{"allow":["GET"]}}],"collection":[{"href":"https:\/\/cms-euro.com\/index.php?rest_route=\/wp\/v2\/product"}],"about":[{"href":"https:\/\/cms-euro.com\/index.php?rest_route=\/wp\/v2\/types\/product"}],"replies":[{"embeddable":true,"href":"https:\/\/cms-euro.com\/index.php?rest_route=%2Fwp%2Fv2%2Fcomments&post=12546"}],"version-history":[{"count":1,"href":"https:\/\/cms-euro.com\/index.php?rest_route=\/wp\/v2\/product\/12546\/revisions"}],"predecessor-version":[{"id":12553,"href":"https:\/\/cms-euro.com\/index.php?rest_route=\/wp\/v2\/product\/12546\/revisions\/12553"}],"wp:featuredmedia":[{"embeddable":true,"href":"https:\/\/cms-euro.com\/index.php?rest_route=\/wp\/v2\/media\/12552"}],"wp:attachment":[{"href":"https:\/\/cms-euro.com\/index.php?rest_route=%2Fwp%2Fv2%2Fmedia&parent=12546"}],"wp:term":[{"taxonomy":"product_brand","embeddable":true,"href":"https:\/\/cms-euro.com\/index.php?rest_route=%2Fwp%2Fv2%2Fproduct_brand&post=12546"},{"taxonomy":"product_cat","embeddable":true,"href":"https:\/\/cms-euro.com\/index.php?rest_route=%2Fwp%2Fv2%2Fproduct_cat&post=12546"},{"taxonomy":"product_tag","embeddable":true,"href":"https:\/\/cms-euro.com\/index.php?rest_route=%2Fwp%2Fv2%2Fproduct_tag&post=12546"}],"curies":[{"name":"wp","href":"https:\/\/api.w.org\/{rel}","templated":true}]}}