{"id":12606,"date":"2025-06-16T22:06:40","date_gmt":"2025-06-16T22:06:40","guid":{"rendered":"https:\/\/cms-euro.com\/?post_type=product&#038;p=12606"},"modified":"2025-06-16T22:07:10","modified_gmt":"2025-06-16T22:07:10","slug":"remorque-sanitaire-avec-toilette-double-350x2m-750kg","status":"publish","type":"product","link":"https:\/\/cms-euro.com\/?product=remorque-sanitaire-avec-toilette-double-350x2m-750kg","title":{"rendered":"Remorque Sanitaire avec toilette double 3,50x2M 750KG"},"content":{"rendered":"","protected":false},"excerpt":{"rendered":"<p>Remorque Sanitaire  avec toilette double 3,50 x 2,00 GG 750 KG<\/p>\n<p>2 x WC<br \/>\n1 x urinoir<br \/>\n2 x lavabo<\/p>\n<p>\u2013 2 x chauffe-eau \u00e9lectrique instantan\u00e9 230V<br \/>\n\u2013 Profil\u00e9 sandwich isol\u00e9 thermiquement pour une faible perte d\u2019\u00e9nergie<br \/>\n\u2013 Installation \u00e9lectrique compl\u00e8te avec  prises 230V et  plafonniers<br \/>\n\u2013 Sol PVC \u2013 robuste et facile \u00e0 nettoyer<\/p>\n<p>Structure : structure sandwich 40 mm avec t\u00f4le d\u2019acier et mousse PUR, sol isolant, couleur : blanc ext\u00e9rieur, blanc int\u00e9rieur.<\/p>\n<p>Structure en deux cabines \u00e9gales (hommes\/femmes). Les deux zones se composent d\u2019une porte d\u2019entr\u00e9e avec serrure personnelle, de 2x escaliers galvanis\u00e9s.<\/p>\n<p>Remorque de voiture neuve<br \/>\nPoids total autoris\u00e9 \u2013 750 kg<br \/>\nHU \u2013 Nouveaux<br \/>\nessieux \u2013 1<br \/>\nCharge utile \u2013 200 kg<br \/>\nLargeur \u2013 2100 mm<br \/>\nHauteur \u2013 2800 mm<br \/>\nLongueur de l\u2019espace de chargement \u2013 3500 mm<br \/>\nLargeur de l\u2019espace de chargement \u2013 2 050 mm<\/p>\n<p>Timon en V galvanis\u00e9 \u00e0 chaud, ch\u00e2ssis galvanis\u00e9, \u00e0 un essieu<\/p>\n","protected":false},"featured_media":12672,"comment_status":"closed","ping_status":"closed","template":"","meta":{"inline_featured_image":false},"product_brand":[],"product_cat":[117,120],"product_tag":[],"class_list":{"0":"post-12606","1":"product","2":"type-product","3":"status-publish","4":"has-post-thumbnail","6":"product_cat-containers","7":"product_cat-conteneurs-sanitaire","9":"first","10":"instock","11":"sale","12":"product-type-simple"},"_links":{"self":[{"href":"https:\/\/cms-euro.com\/index.php?rest_route=\/wp\/v2\/product\/12606","targetHints":{"allow":["GET"]}}],"collection":[{"href":"https:\/\/cms-euro.com\/index.php?rest_route=\/wp\/v2\/product"}],"about":[{"href":"https:\/\/cms-euro.com\/index.php?rest_route=\/wp\/v2\/types\/product"}],"replies":[{"embeddable":true,"href":"https:\/\/cms-euro.com\/index.php?rest_route=%2Fwp%2Fv2%2Fcomments&post=12606"}],"version-history":[{"count":1,"href":"https:\/\/cms-euro.com\/index.php?rest_route=\/wp\/v2\/product\/12606\/revisions"}],"predecessor-version":[{"id":12673,"href":"https:\/\/cms-euro.com\/index.php?rest_route=\/wp\/v2\/product\/12606\/revisions\/12673"}],"wp:featuredmedia":[{"embeddable":true,"href":"https:\/\/cms-euro.com\/index.php?rest_route=\/wp\/v2\/media\/12672"}],"wp:attachment":[{"href":"https:\/\/cms-euro.com\/index.php?rest_route=%2Fwp%2Fv2%2Fmedia&parent=12606"}],"wp:term":[{"taxonomy":"product_brand","embeddable":true,"href":"https:\/\/cms-euro.com\/index.php?rest_route=%2Fwp%2Fv2%2Fproduct_brand&post=12606"},{"taxonomy":"product_cat","embeddable":true,"href":"https:\/\/cms-euro.com\/index.php?rest_route=%2Fwp%2Fv2%2Fproduct_cat&post=12606"},{"taxonomy":"product_tag","embeddable":true,"href":"https:\/\/cms-euro.com\/index.php?rest_route=%2Fwp%2Fv2%2Fproduct_tag&post=12606"}],"curies":[{"name":"wp","href":"https:\/\/api.w.org\/{rel}","templated":true}]}}