{"id":12667,"date":"2025-06-16T22:07:04","date_gmt":"2025-06-16T22:07:04","guid":{"rendered":"https:\/\/cms-euro.com\/?post_type=product&#038;p=12667"},"modified":"2025-06-16T22:07:14","modified_gmt":"2025-06-16T22:07:14","slug":"remorque-sanitaire-double-5-wc-3-urinoirs-6x240-metres","status":"publish","type":"product","link":"https:\/\/cms-euro.com\/?product=remorque-sanitaire-double-5-wc-3-urinoirs-6x240-metres","title":{"rendered":"Remorque Sanitaire double 5 WC 3 Urinoirs 6\u00d72,40 m\u00e8tres"},"content":{"rendered":"","protected":false},"excerpt":{"rendered":"<p>Remorque neuve<br \/>\ncharge utile : 200 kg<br \/>\nLargeur : 2 400 mm<br \/>\nHauteur : 2 800 mm<br \/>\nLongueur de l\u2019espace de chargement : 6 000 mm<br \/>\nLargeur de l\u2019espace de chargement : 2 400 mm<br \/>\ndescription du v\u00e9hicule<br \/>\n\u2013 GG 2700KG avec cadre galvanis\u00e9<br \/>\n\u2013 dimensions du caisson 6000\u00d72400<br \/>\n\u2013 \u00e9l\u00e9ments sandwich murs et toit isolation 4 cm<br \/>\n\u2013 installation \u00e9lectrique compl\u00e8te syst\u00e8me 230V<br \/>\n\u2013 installation \u00e9lectrique compl\u00e8te avec prises et plafonniers<br \/>\n\u2013 2 escaliers<br \/>\n\u2013 pneus 10 pouces \/ essieux Alko et frein \u00e0 inertie Alko<br \/>\n\u2013 femme compartiment \u2013 3x WC, lavabo avec meuble bas, chauffe-eau instantan\u00e9<br \/>\n\u2013 compartiment hommes \u2013 2x WC, lavabo avec meuble bas, chauffe-eau instantan\u00e9,<br \/>\n\u2013 urinoirs<br \/>\n\u2013 rev\u00eatement de sol en PVC \u2013 robuste et rapide \u00e0 nettoyer<\/p>\n","protected":false},"featured_media":12685,"comment_status":"closed","ping_status":"closed","template":"","meta":{"inline_featured_image":false},"product_brand":[],"product_cat":[117,120],"product_tag":[],"class_list":{"0":"post-12667","1":"product","2":"type-product","3":"status-publish","4":"has-post-thumbnail","6":"product_cat-containers","7":"product_cat-conteneurs-sanitaire","9":"first","10":"instock","11":"sale","12":"taxable","13":"shipping-taxable","14":"product-type-simple"},"_links":{"self":[{"href":"https:\/\/cms-euro.com\/index.php?rest_route=\/wp\/v2\/product\/12667","targetHints":{"allow":["GET"]}}],"collection":[{"href":"https:\/\/cms-euro.com\/index.php?rest_route=\/wp\/v2\/product"}],"about":[{"href":"https:\/\/cms-euro.com\/index.php?rest_route=\/wp\/v2\/types\/product"}],"replies":[{"embeddable":true,"href":"https:\/\/cms-euro.com\/index.php?rest_route=%2Fwp%2Fv2%2Fcomments&post=12667"}],"version-history":[{"count":1,"href":"https:\/\/cms-euro.com\/index.php?rest_route=\/wp\/v2\/product\/12667\/revisions"}],"predecessor-version":[{"id":12686,"href":"https:\/\/cms-euro.com\/index.php?rest_route=\/wp\/v2\/product\/12667\/revisions\/12686"}],"wp:featuredmedia":[{"embeddable":true,"href":"https:\/\/cms-euro.com\/index.php?rest_route=\/wp\/v2\/media\/12685"}],"wp:attachment":[{"href":"https:\/\/cms-euro.com\/index.php?rest_route=%2Fwp%2Fv2%2Fmedia&parent=12667"}],"wp:term":[{"taxonomy":"product_brand","embeddable":true,"href":"https:\/\/cms-euro.com\/index.php?rest_route=%2Fwp%2Fv2%2Fproduct_brand&post=12667"},{"taxonomy":"product_cat","embeddable":true,"href":"https:\/\/cms-euro.com\/index.php?rest_route=%2Fwp%2Fv2%2Fproduct_cat&post=12667"},{"taxonomy":"product_tag","embeddable":true,"href":"https:\/\/cms-euro.com\/index.php?rest_route=%2Fwp%2Fv2%2Fproduct_tag&post=12667"}],"curies":[{"name":"wp","href":"https:\/\/api.w.org\/{rel}","templated":true}]}}