{"id":12731,"date":"2025-06-16T22:07:24","date_gmt":"2025-06-16T22:07:24","guid":{"rendered":"https:\/\/cms-euro.com\/?post_type=product&#038;p=12731"},"modified":"2025-06-16T22:07:32","modified_gmt":"2025-06-16T22:07:32","slug":"conteneur-sanitaire-s1-neuf-avec-wc-et-lave-mains","status":"publish","type":"product","link":"https:\/\/cms-euro.com\/?product=conteneur-sanitaire-s1-neuf-avec-wc-et-lave-mains","title":{"rendered":"Conteneur sanitaire S1 Neuf avec WC et Lave-mains"},"content":{"rendered":"","protected":false},"excerpt":{"rendered":"<p>Bloc Sanitaire S1 Standard Neuf<\/p>\n<p>Nos blocs sanitaires permettent de r\u00e9pondre aux besoins de mise en place de sanitaires sur les chantiers, dans les entrep\u00f4ts, dans les restaurants, dans les campings ou dans les espaces publics. Ils s\u2019adressent \u00e0 tous les types d\u2019entit\u00e9s qui ont besoin de mettre en place rapidement des sanitaires sur leur site : collectivit\u00e9s, entreprises, associations. Le bloc sanitaire modulaire permet de disposer de sanitaires dans un d\u00e9lai tr\u00e8s rapide, pour un prix tr\u00e8s comp\u00e9titif, par rapport \u00e0 une solution de construction classique.<\/p>\n<p>Notre bloc sanitaire S1 est un module sanitaire disposant d\u2019un WC avec lave-mains, avec un vasistas entreb\u00e2illant sur la porte. Il est \u00e9quip\u00e9 de quatre pieds de 16cm au soubassement.<\/p>\n<p>Le d\u00e9lai de livraison est de 3 semaines maximum \u00e0 date de commande pour ce module, car il est tenu en stock.<\/p>\n<p>Ce module n\u2019est pas modifiable, mais il existe aussi en configuration avec deux WC : Bloc sanitaire SS1, ou avec un WC et une douche: bloc sanitaire SD1.<\/p>\n<p>Notre s\u00e9rie standard correspond \u00e0 notre premier niveau de finition : structure standard et isolation standard.<\/p>\n<p>Il est possible, si besoin, de r\u00e9aliser ce module dans nos s\u00e9ries \u00ab\u00a0Renforc\u00e9\u00a0\u00bb ou \u00ab\u00a0Isoplus\u00a0\u00bb. Dans ce cas, l\u2019isolation thermique et phonique sera plus performante, mais le d\u00e9lai de livraison sera plus long.<\/p>\n<p>Nos sanitaires sont assembl\u00e9s en France.<\/p>\n<p>Descriptif Bloc Sanitaire neuf S1<\/p>\n<p>Le bloc sanitaire S1 est constitu\u00e9 d&rsquo;une ossature en acier galvanis\u00e9 et laqu\u00e9 couleur gris clair RAL 9002.<\/p>\n<p>Le profil du toit est en acier galvanis\u00e9 laqu\u00e9 gris clair RAL 9002, \u00e9paisseur 1,5 mm &#8211; hauteur 154 mm, avec 4 points d&rsquo;\u00e9lingage pour d\u00e9placement \u00e0 la grue.<\/p>\n<p>Les profils du soubassement sont en acier galvanis\u00e9 laqu\u00e9 couleur gris clair RAL 9002, \u00e9paisseur 1,5 mm &#8211; hauteur 80 mm, avec 4 pieds de 16 cm au soubassement.<\/p>\n<p>La toiture est en panneaux sandwich \u00e0 mousse rigide de polyur\u00e9thane, \u00e9paisseur 30 mm, Euroclasse Cs3d0. La couverture de toiture est en acier galvanis\u00e9 ondul\u00e9, avec \u00e9vacuation des eaux pluviales sur l&rsquo;arri\u00e8re.<\/p>\n<p>Les parois sont en panneaux sandwich \u00e0 mousse rigide de polyur\u00e9thane, \u00e9paisseur 40 mm (couleur gris clair RAL 9002), Euroclasse Cs3d0.<\/p>\n<p>Le plancher est en bois agglom\u00e9r\u00e9 hydrofuge \u00e9paisseur 18 mm, recouvert d\u2019un rev\u00eatement PVC.<\/p>\n<p>Menuiseries en aluminium laqu\u00e9 blanc RAL 9010<\/p>\n<p>Le sanitaire S1 est \u00e9quip\u00e9 d\u2019une porte dimensions 78 x 220 cm (64 cm de passage) avec un vasistas dimensions 58 x 58 cm, simple vitrage moul\u00e9.<\/p>\n<p>Equipement sanitaire raccordable<\/p>\n<p>Ce bloc sanitaire S1 dispose d\u2019un WC \u00e0 l&rsquo;anglaise en c\u00e9ramique, \u00e9quip\u00e9 d&rsquo;un r\u00e9servoir PVC et d\u2019un porte-papier, ainsi que d\u2019un lave-mains en PVC dimension 36 cm, avec robinet et miroir.<\/p>\n<p>L\u2019arriv\u00e9e d\u2019eau (A) et l\u2019\u00e9vacuation (E) sont en parois.<\/p>\n<p>Installation \u00e9lectrique en 220 V<\/p>\n<p>Le bloc sanitaire S1 comprend un interrupteur, un plafonnier LED, un tableau \u00e9lectrique incluant inter-diff\u00e9rentiel et disjoncteurs (6 KW maximum) et une bo\u00eete ext\u00e9rieure de raccordement.<\/p>\n<p>Caract\u00e9ristiques techniques<\/p>\n<p>DIMENSIONS<\/p>\n<p>Hauteur ext\u00e9rieure : 256 cm<br \/>\nHauteur int\u00e9rieure : 220 cm<br \/>\nLargeur : 118 cm<br \/>\nProfondeur : 118 cm<br \/>\nOSSATURE<\/p>\n<p>Mati\u00e8re : Acier galvanis\u00e9 et laqu\u00e9<br \/>\nCouleur : Gris clair RAL 9002<br \/>\n\u00c9paisseur : 1,5 mm<br \/>\nSoubassement : hauteur 80 mm<br \/>\nToiture : hauteur 154 mm<br \/>\nManutention : 4 prises sur la toiture pour crochets de levage. Utilisation d\u2019un chariot \u00e9l\u00e9vateur possible gr\u00e2ce aux 4 pieds sur\u00e9levant le soubassement, en faisant attention \u00e0 la tuyauterie et \u00e0 l&rsquo;\u00e9quilibre du module (en r\u00e9glant l\u2019\u00e9cartement de vos fourches).<\/p>\n<p>MENUISERIES<\/p>\n<p>Mati\u00e8re : Aluminium laqu\u00e9 blanc RAL 9010<br \/>\nPorte(s) : 1 porte pleine dim. 78 x 220 cm (64 cm de passage)<br \/>\nFen\u00eatre(s) : 1 vasistas dim. 58 x 58 cm, simple vitrage moul\u00e9 sur la porte<\/p>\n<p>PAROIS, CLOISONS ET TOITURE<\/p>\n<p>Mati\u00e8re : Panneaux sandwich<br \/>\nIsolation : Mousse rigide de polyur\u00e9thane<br \/>\n\u00c9paisseur Parois : 40 mm<br \/>\n\u00c9paisseur Toiture : 30 mm<br \/>\nCouverture Toiture : T\u00f4le d\u2019acier galvanis\u00e9 Ondes grecques<br \/>\nCouleur parois : Gris clair RAL 9002<\/p>\n<p>PLANCHER<\/p>\n<p>Structure : bois agglom\u00e9r\u00e9 hydrofuge<br \/>\n\u00c9paisseur : 18 mm<br \/>\nRev\u00eatement : PVC<\/p>\n<p>INSTALLATION SANITAIRE<\/p>\n<p>1 lave-mains en PVC dim. 36 cm avec robinet eau froide et miroir<br \/>\n1 WC \u00e0 l&rsquo;anglaise en c\u00e9ramique \u00e9quip\u00e9 d&rsquo;un r\u00e9servoir PVC et d&rsquo;un porte-papier<br \/>\nArriv\u00e9e et \u00e9vacuation d&rsquo;eau en paroi (A) et (E)<\/p>\n<p>\u00c9LECTRICIT\u00c9<\/p>\n<p>\u00c9clairage : 1 interrupteur + 1 plafonnier LED 7.5 w<br \/>\nTableau : 1 tableau \u00e9lectrique incluant inter-diff\u00e9rentiel et disjoncteurs<br \/>\nRaccordement : 1 bo\u00eete ext\u00e9rieure de raccordement<\/p>\n<p>Options possibles<\/p>\n<p>Eau chaude au lavabo<br \/>\nConvecteur \u00e9lectrique soufflant<br \/>\nPlancher en panneaux de bois-ciment \u00e9paisseur 16 mm avec rev\u00eatement PVC<br \/>\nDouble vitrage<br \/>\nRev\u00eatement de sol en PVC passage intensif \u00e0 la place du standard, PVC imitation parquet ou sol en carrelage<br \/>\nPanneaux lisses, panneaux alimentaires, panneaux coupe-feu ou panneaux laine de roche<br \/>\nPrises de courant<br \/>\nExtracteur d&rsquo;air 90m3\/h avec interrupteur<br \/>\nSoubassement renforc\u00e9 (hauteur 160mm) avec passage de fourches (entraxe 90cm) pour d\u00e9placement avec chariot \u00e9l\u00e9vateur sans risque pour la tuyauterie<br \/>\nSoubassement sur skids (2 poutrelles IPE 16 cm)<\/p>\n","protected":false},"featured_media":12761,"comment_status":"closed","ping_status":"closed","template":"","meta":{"inline_featured_image":false},"product_brand":[],"product_cat":[117,120],"product_tag":[],"class_list":{"0":"post-12731","1":"product","2":"type-product","3":"status-publish","4":"has-post-thumbnail","6":"product_cat-containers","7":"product_cat-conteneurs-sanitaire","9":"first","10":"instock","11":"product-type-simple"},"_links":{"self":[{"href":"https:\/\/cms-euro.com\/index.php?rest_route=\/wp\/v2\/product\/12731","targetHints":{"allow":["GET"]}}],"collection":[{"href":"https:\/\/cms-euro.com\/index.php?rest_route=\/wp\/v2\/product"}],"about":[{"href":"https:\/\/cms-euro.com\/index.php?rest_route=\/wp\/v2\/types\/product"}],"replies":[{"embeddable":true,"href":"https:\/\/cms-euro.com\/index.php?rest_route=%2Fwp%2Fv2%2Fcomments&post=12731"}],"version-history":[{"count":1,"href":"https:\/\/cms-euro.com\/index.php?rest_route=\/wp\/v2\/product\/12731\/revisions"}],"predecessor-version":[{"id":12762,"href":"https:\/\/cms-euro.com\/index.php?rest_route=\/wp\/v2\/product\/12731\/revisions\/12762"}],"wp:featuredmedia":[{"embeddable":true,"href":"https:\/\/cms-euro.com\/index.php?rest_route=\/wp\/v2\/media\/12761"}],"wp:attachment":[{"href":"https:\/\/cms-euro.com\/index.php?rest_route=%2Fwp%2Fv2%2Fmedia&parent=12731"}],"wp:term":[{"taxonomy":"product_brand","embeddable":true,"href":"https:\/\/cms-euro.com\/index.php?rest_route=%2Fwp%2Fv2%2Fproduct_brand&post=12731"},{"taxonomy":"product_cat","embeddable":true,"href":"https:\/\/cms-euro.com\/index.php?rest_route=%2Fwp%2Fv2%2Fproduct_cat&post=12731"},{"taxonomy":"product_tag","embeddable":true,"href":"https:\/\/cms-euro.com\/index.php?rest_route=%2Fwp%2Fv2%2Fproduct_tag&post=12731"}],"curies":[{"name":"wp","href":"https:\/\/api.w.org\/{rel}","templated":true}]}}