{"id":12809,"date":"2025-06-16T22:07:42","date_gmt":"2025-06-16T22:07:42","guid":{"rendered":"https:\/\/cms-euro.com\/?post_type=product&#038;p=12809"},"modified":"2025-07-16T23:21:08","modified_gmt":"2025-07-16T23:21:08","slug":"conteneur-sanitaire-wc-box-avec-cabine-double","status":"publish","type":"product","link":"https:\/\/cms-euro.com\/?product=conteneur-sanitaire-wc-box-avec-cabine-double","title":{"rendered":"Conteneur Sanitaire WC Box avec Cabine Double"},"content":{"rendered":"","protected":false},"excerpt":{"rendered":"<p>Caract\u00e9ristiques Principales :<\/p>\n<p>Type : Conteneur sanitaire WC Box, mod\u00e8le KWCT2X2<br \/>\nConfiguration : Cabine double de 2 x 2 m\u00e8tres avec possibilit\u00e9 d&rsquo;\u00e9quipement en WC avec r\u00e9servoir de r\u00e9tention ou en douche, selon vos besoins.<br \/>\nUtilisation : Connectez-vous simplement pour une utilisation imm\u00e9diate, pr\u00eat \u00e0 l\u2019emploi.<\/p>\n<p>Sp\u00e9cifications Techniques :<\/p>\n<p>Dimensions :<br \/>\nLargeur : 2 m\u00e8tres<br \/>\nLongueur : 2 m\u00e8tres<br \/>\nIsolation : Profil sandwich isol\u00e9 thermiquement de 80 mm, offrant une excellente isolation thermique et r\u00e9duisant les pertes d\u2019\u00e9nergie.<br \/>\nInstallation \u00c9lectrique : Compl\u00e8tement install\u00e9e selon les directives CE, comprenant des prises 230V, un plafonnier et un radiateur mural \u00e9lectrique pour un confort optimal.<br \/>\n\u00c9quipements Inclus :<br \/>\nR\u00e9servoir de r\u00e9tention pour une gestion simplifi\u00e9e des eaux us\u00e9es.<br \/>\nUrinoir pour une utilisation pratique.<br \/>\nFen\u00eatre pour l\u2019a\u00e9ration et la luminosit\u00e9.<br \/>\nRev\u00eatement de sol en PVC, robuste et facile \u00e0 nettoyer.<\/p>\n<p>Avantages :<\/p>\n<p>Pr\u00eat \u00e0 l&#8217;emploi : Facile \u00e0 connecter pour une utilisation imm\u00e9diate.<br \/>\nIsolation Thermique : Gr\u00e2ce au profil sandwich de 80 mm, ce conteneur offre une faible perte d\u2019\u00e9nergie, ce qui le rend adapt\u00e9 \u00e0 diff\u00e9rentes conditions climatiques.<br \/>\nConfort et Praticit\u00e9 : L&rsquo;\u00e9quipement complet, y compris le radiateur mural et le rev\u00eatement de sol en PVC, garantit un environnement agr\u00e9able et facile d\u2019entretien.<\/p>\n<p>Applications : Parfait pour des \u00e9v\u00e9nements, des chantiers, des sites temporaires ou toute autre situation n\u00e9cessitant des installations sanitaires mobiles. Son design compact et fonctionnel permet une installation rapide et une utilisation simple et efficace.<\/p>\n","protected":false},"featured_media":12813,"comment_status":"closed","ping_status":"closed","template":"","meta":{"inline_featured_image":false},"product_brand":[],"product_cat":[117,120],"product_tag":[],"class_list":{"0":"post-12809","1":"product","2":"type-product","3":"status-publish","4":"has-post-thumbnail","6":"product_cat-containers","7":"product_cat-conteneurs-sanitaire","9":"first","10":"instock","11":"taxable","12":"shipping-taxable","13":"product-type-simple"},"_links":{"self":[{"href":"https:\/\/cms-euro.com\/index.php?rest_route=\/wp\/v2\/product\/12809","targetHints":{"allow":["GET"]}}],"collection":[{"href":"https:\/\/cms-euro.com\/index.php?rest_route=\/wp\/v2\/product"}],"about":[{"href":"https:\/\/cms-euro.com\/index.php?rest_route=\/wp\/v2\/types\/product"}],"replies":[{"embeddable":true,"href":"https:\/\/cms-euro.com\/index.php?rest_route=%2Fwp%2Fv2%2Fcomments&post=12809"}],"version-history":[{"count":1,"href":"https:\/\/cms-euro.com\/index.php?rest_route=\/wp\/v2\/product\/12809\/revisions"}],"predecessor-version":[{"id":12814,"href":"https:\/\/cms-euro.com\/index.php?rest_route=\/wp\/v2\/product\/12809\/revisions\/12814"}],"wp:featuredmedia":[{"embeddable":true,"href":"https:\/\/cms-euro.com\/index.php?rest_route=\/wp\/v2\/media\/12813"}],"wp:attachment":[{"href":"https:\/\/cms-euro.com\/index.php?rest_route=%2Fwp%2Fv2%2Fmedia&parent=12809"}],"wp:term":[{"taxonomy":"product_brand","embeddable":true,"href":"https:\/\/cms-euro.com\/index.php?rest_route=%2Fwp%2Fv2%2Fproduct_brand&post=12809"},{"taxonomy":"product_cat","embeddable":true,"href":"https:\/\/cms-euro.com\/index.php?rest_route=%2Fwp%2Fv2%2Fproduct_cat&post=12809"},{"taxonomy":"product_tag","embeddable":true,"href":"https:\/\/cms-euro.com\/index.php?rest_route=%2Fwp%2Fv2%2Fproduct_tag&post=12809"}],"curies":[{"name":"wp","href":"https:\/\/api.w.org\/{rel}","templated":true}]}}