{"id":12911,"date":"2025-07-28T10:32:12","date_gmt":"2025-07-28T10:32:12","guid":{"rendered":"https:\/\/cms-euro.com\/?post_type=product&#038;p=12911"},"modified":"2025-07-28T10:32:12","modified_gmt":"2025-07-28T10:32:12","slug":"wohncontainer-glascontainer-20-fus","status":"publish","type":"product","link":"https:\/\/cms-euro.com\/?product=wohncontainer-glascontainer-20-fus","title":{"rendered":"Wohncontainer Glascontainer 20 Fu\u00df"},"content":{"rendered":"","protected":false},"excerpt":{"rendered":"<p>Ce module habitable comprend une\u00a0<strong>grande pi\u00e8ce ouverte<\/strong>, id\u00e9ale pour un am\u00e9nagement personnalis\u00e9. Il est \u00e9quip\u00e9 d\u2019une\u00a0<strong>porte d\u2019entr\u00e9e vitr\u00e9e<\/strong>, d\u2019une\u00a0<strong>porte d\u2019entr\u00e9e standard<\/strong>, de\u00a0<strong>5 baies vitr\u00e9es<\/strong>\u00a0pour une belle luminosit\u00e9 naturelle, d\u2019une\u00a0<strong>salle de bain avec toilettes et lavabos<\/strong>, ainsi que d\u2019une\u00a0<strong>cuisine fonctionnelle<\/strong>.<\/p>\n<p>&nbsp;<\/p>\n<p><strong>Caract\u00e9ristiques g\u00e9n\u00e9rales<\/strong><\/p>\n<p><strong>Dimensions<\/strong>\u00a0:<br \/>\nLargeur : 2,40 m<br \/>\nLongueur : 6,00 m<br \/>\nHauteur : 2,50 m<br \/>\nSurface habitable : 14,40 m\u00b2<\/p>\n<p>&nbsp;<\/p>\n<p><strong>\u00c9quipements<\/strong>\u00a0:<br \/>\n1 grande pi\u00e8ce, 1 porte vitr\u00e9e, 1 porte standard, 5 baies vitr\u00e9es, 1 toilette avec lavabos, 1 cuisine<\/p>\n<p><strong>Isolation<\/strong>\u00a0:<br \/>\n50 mm dans les murs et 80 mm au plafond pour un bon confort thermique<\/p>\n<p>&nbsp;<\/p>\n<p><strong>Rev\u00eatement de sol<\/strong>\u00a0:<br \/>\nVinyle r\u00e9sistant de 2 \u00e0 3 mm d\u2019\u00e9paisseur<\/p>\n<p>&nbsp;<\/p>\n<p><strong>Manipulation et transport<\/strong>\u00a0:<br \/>\n\u00c9quip\u00e9 d\u2019<strong>\u0153illets de levage<\/strong>\u00a0pour un d\u00e9chargement facile par grue<\/p>\n<p><strong>Personnalisation<\/strong>\u00a0:<br \/>\nLa conception int\u00e9rieure est\u00a0<strong>enti\u00e8rement adaptable<\/strong>\u00a0selon vos besoins<\/p>\n","protected":false},"featured_media":12919,"comment_status":"open","ping_status":"closed","template":"","meta":{"inline_featured_image":false},"product_brand":[],"product_cat":[117,119],"product_tag":[],"class_list":{"0":"post-12911","1":"product","2":"type-product","3":"status-publish","4":"has-post-thumbnail","6":"product_cat-containers","7":"product_cat-conteneurs-neufs-et-occasions","9":"first","10":"instock","11":"taxable","12":"shipping-taxable","13":"product-type-simple"},"_links":{"self":[{"href":"https:\/\/cms-euro.com\/index.php?rest_route=\/wp\/v2\/product\/12911","targetHints":{"allow":["GET"]}}],"collection":[{"href":"https:\/\/cms-euro.com\/index.php?rest_route=\/wp\/v2\/product"}],"about":[{"href":"https:\/\/cms-euro.com\/index.php?rest_route=\/wp\/v2\/types\/product"}],"replies":[{"embeddable":true,"href":"https:\/\/cms-euro.com\/index.php?rest_route=%2Fwp%2Fv2%2Fcomments&post=12911"}],"version-history":[{"count":1,"href":"https:\/\/cms-euro.com\/index.php?rest_route=\/wp\/v2\/product\/12911\/revisions"}],"predecessor-version":[{"id":12920,"href":"https:\/\/cms-euro.com\/index.php?rest_route=\/wp\/v2\/product\/12911\/revisions\/12920"}],"wp:featuredmedia":[{"embeddable":true,"href":"https:\/\/cms-euro.com\/index.php?rest_route=\/wp\/v2\/media\/12919"}],"wp:attachment":[{"href":"https:\/\/cms-euro.com\/index.php?rest_route=%2Fwp%2Fv2%2Fmedia&parent=12911"}],"wp:term":[{"taxonomy":"product_brand","embeddable":true,"href":"https:\/\/cms-euro.com\/index.php?rest_route=%2Fwp%2Fv2%2Fproduct_brand&post=12911"},{"taxonomy":"product_cat","embeddable":true,"href":"https:\/\/cms-euro.com\/index.php?rest_route=%2Fwp%2Fv2%2Fproduct_cat&post=12911"},{"taxonomy":"product_tag","embeddable":true,"href":"https:\/\/cms-euro.com\/index.php?rest_route=%2Fwp%2Fv2%2Fproduct_tag&post=12911"}],"curies":[{"name":"wp","href":"https:\/\/api.w.org\/{rel}","templated":true}]}}