{"id":12975,"date":"2025-07-28T11:09:13","date_gmt":"2025-07-28T11:09:13","guid":{"rendered":"https:\/\/cms-euro.com\/?post_type=product&#038;p=12975"},"modified":"2025-07-28T11:09:13","modified_gmt":"2025-07-28T11:09:13","slug":"remorque-a-betail-2025-essieu-simple-longueur-38-pi","status":"publish","type":"product","link":"https:\/\/cms-euro.com\/?product=remorque-a-betail-2025-essieu-simple-longueur-38-pi","title":{"rendered":"Remorque \u00e0 b\u00e9tail 2025 essieu simple longueur 38 pi"},"content":{"rendered":"","protected":false},"excerpt":{"rendered":"<p>Remorque \u00e0 b\u00e9tail 2025 Neuf GLF0R38-1A10226<br \/>\nRemorque \u00e0 b\u00e9tail 2025 38\u2019x102\u2033 \u00e0 chargement au sol, pr\u00eate \u00e0 travailler pour vous ! Peut contenir 800 livres par pied (38 \u00e0 800 lb pour les yearlings \/ 30 \u00e0 1000 lb pour les vaches), pont sup\u00e9rieur de 10\u2032, pont principal de 22\u2032, bo\u00eete arri\u00e8re de 6\u2032 avec rampe pleine largeur, porte de chargement arri\u00e8re coulissante (capacit\u00e9 \u00e0 s\u2019ouvrir compl\u00e8tement), (4) feux int\u00e9rieurs et (2) feux de recul arri\u00e8re, (2) compartiments de 11\u2033, (3) barri\u00e8res de s\u00e9paration, application Gator-Hyde \u00e0 l\u2019int\u00e9rieur, plancher en caoutchouc \u00e0 crampons avec nettoyages, suspension pneumatique avec soupape de d\u00e9charge manuelle, 40 trous ovales perfor\u00e9s, pneus 255\/70R22.5, roues en acier, 50 000 pnb, toit de remorque blanc, fond de remorque noir, barri\u00e8res \u00e0 loquet automatiques, palier \u00e0 2 vitesses, Largeur int\u00e9rieure de 97 po, nettoyages de plancher, application Coreshield \u00e0 l\u2019int\u00e9rieur, d\u00e9flecteurs de nervures<br \/>\nComposition : Acier<br \/>\nStyle de porte : Battante<br \/>\nMat\u00e9riau du plancher : Crampons.<br \/>\nCat\u00e9gorie: Pour B\u00e9tail<br \/>\nLongueur: 38\u2032<br \/>\nLargeur: 102\u2033<br \/>\nEssieu: Fixe (essieux simples)<br \/>\nSuspension: Suspension pneumatique<br \/>\nPoids nominal : 50000 kg<br \/>\nNIV: 1N9LT3816SK175248<br \/>\nRoues: Acier<br \/>\nPneus: 255\/70R22.5 Neuf<br \/>\nFreins : Air Nouveau%<br \/>\nType de broche \/ r\u00e9glage : 28\u2033<br \/>\nPorte arri\u00e8re : Balan\u00e7oire<\/p>\n","protected":false},"featured_media":12984,"comment_status":"open","ping_status":"closed","template":"","meta":{"inline_featured_image":false},"product_brand":[],"product_cat":[117,119],"product_tag":[],"class_list":{"0":"post-12975","1":"product","2":"type-product","3":"status-publish","4":"has-post-thumbnail","6":"product_cat-containers","7":"product_cat-conteneurs-neufs-et-occasions","9":"first","10":"instock","11":"sale","12":"taxable","13":"shipping-taxable","14":"product-type-simple"},"_links":{"self":[{"href":"https:\/\/cms-euro.com\/index.php?rest_route=\/wp\/v2\/product\/12975","targetHints":{"allow":["GET"]}}],"collection":[{"href":"https:\/\/cms-euro.com\/index.php?rest_route=\/wp\/v2\/product"}],"about":[{"href":"https:\/\/cms-euro.com\/index.php?rest_route=\/wp\/v2\/types\/product"}],"replies":[{"embeddable":true,"href":"https:\/\/cms-euro.com\/index.php?rest_route=%2Fwp%2Fv2%2Fcomments&post=12975"}],"version-history":[{"count":1,"href":"https:\/\/cms-euro.com\/index.php?rest_route=\/wp\/v2\/product\/12975\/revisions"}],"predecessor-version":[{"id":12985,"href":"https:\/\/cms-euro.com\/index.php?rest_route=\/wp\/v2\/product\/12975\/revisions\/12985"}],"wp:featuredmedia":[{"embeddable":true,"href":"https:\/\/cms-euro.com\/index.php?rest_route=\/wp\/v2\/media\/12984"}],"wp:attachment":[{"href":"https:\/\/cms-euro.com\/index.php?rest_route=%2Fwp%2Fv2%2Fmedia&parent=12975"}],"wp:term":[{"taxonomy":"product_brand","embeddable":true,"href":"https:\/\/cms-euro.com\/index.php?rest_route=%2Fwp%2Fv2%2Fproduct_brand&post=12975"},{"taxonomy":"product_cat","embeddable":true,"href":"https:\/\/cms-euro.com\/index.php?rest_route=%2Fwp%2Fv2%2Fproduct_cat&post=12975"},{"taxonomy":"product_tag","embeddable":true,"href":"https:\/\/cms-euro.com\/index.php?rest_route=%2Fwp%2Fv2%2Fproduct_tag&post=12975"}],"curies":[{"name":"wp","href":"https:\/\/api.w.org\/{rel}","templated":true}]}}