{"id":13020,"date":"2025-07-28T13:52:54","date_gmt":"2025-07-28T13:52:54","guid":{"rendered":"https:\/\/cms-euro.com\/?post_type=product&#038;p=13020"},"modified":"2025-07-28T13:52:54","modified_gmt":"2025-07-28T13:52:54","slug":"container-6x3-metres-avec-paroi-vitree-ral-7016","status":"publish","type":"product","link":"https:\/\/cms-euro.com\/?product=container-6x3-metres-avec-paroi-vitree-ral-7016","title":{"rendered":"Container 6\u00d73 m\u00e8tres avec paroi vitr\u00e9e Ral 7016"},"content":{"rendered":"","protected":false},"excerpt":{"rendered":"<p><strong>Caract\u00e9ristiques g\u00e9n\u00e9rales<\/strong><\/p>\n<p>Ext\u00e9rieur en\u00a0<strong>anthracite RAL 7016<\/strong><br \/>\nInt\u00e9rieur en\u00a0<strong>blanc pur RAL 9010<\/strong><\/p>\n<p><strong>Dimensions ext\u00e9rieures :<\/strong>\u00a0606 \u00d7 299 \u00d7 280 cm<br \/>\nStructure\u00a0<strong>compl\u00e8tement isol\u00e9e<\/strong><br \/>\n<strong>Ch\u00e2ssis int\u00e9gral en acier<\/strong><br \/>\n\u00c9quipement inclus :\u00a0<strong>\u00e9lectricit\u00e9, \u00e9clairage, chauffage<\/strong><br \/>\nFacile \u00e0\u00a0<strong>livrer<\/strong>\u00a0et \u00e0\u00a0<strong>installer<\/strong><br \/>\nConfiguration\u00a0<strong>modulable<\/strong>\u00a0selon vos besoins<\/p>\n<p><strong>Isolation<\/strong><\/p>\n<p><strong>Murs :<\/strong>\u00a0laine min\u00e9rale 60 mm<br \/>\n<strong>Toit :<\/strong>\u00a0laine min\u00e9rale 100 mm<br \/>\n<strong>Sol :<\/strong>\u00a0laine min\u00e9rale 100 mm<\/p>\n<p><strong>\u00c9lectricit\u00e9<\/strong><\/p>\n<p>Alimentation :\u00a0<strong>400 V \/ 32 A \/ 5 broches<\/strong><\/p>\n<p>&nbsp;<\/p>\n<p><strong>Structure plancher et toiture<\/strong><\/p>\n<p><strong>Conception :<\/strong><br \/>\nCadres robustes en acier profil\u00e9<br \/>\nConstruction extensible de mani\u00e8re modulaire<br \/>\nIsolation thermique et phonique performante<br \/>\nConforme aux normes\u00a0<strong>PN EN ISO 3834-2<\/strong>\u00a0et\u00a0<strong>certifi\u00e9e CE<\/strong><\/p>\n<p>&nbsp;<\/p>\n<p><strong>D\u00e9tails du plancher :<\/strong><br \/>\nPanneau de particules\u00a0<strong>P5 \u2013 22 mm<\/strong><br \/>\nRev\u00eatement de sol en\u00a0<strong>PVC 2 mm<\/strong>\u00a0(gris)<br \/>\nCapacit\u00e9 de charge :\u00a0<strong>200 kg\/m\u00b2<\/strong><\/p>\n<p>&nbsp;<\/p>\n<p><strong>Menuiseries<\/strong><\/p>\n<p><strong>Fen\u00eatres :<\/strong><br \/>\n2 unit\u00e9s en\u00a0<strong>PVC avec vitrage fixe<\/strong>, double vitrage de s\u00e9curit\u00e9, chambre unique, finition ext\u00e9rieure\u00a0<strong>RAL 7016<\/strong><\/p>\n<p>&nbsp;<\/p>\n<p><strong>Porte :<\/strong><br \/>\n1 unit\u00e9 en\u00a0<strong>PVC avec vitrage fixe<\/strong>, double vitrage de s\u00e9curit\u00e9, chambre unique, finition ext\u00e9rieure\u00a0<strong>RAL 7016<\/strong><br \/>\n\u00c9quip\u00e9e d\u2019un\u00a0<strong>ferme-porte<\/strong><\/p>\n","protected":false},"featured_media":13029,"comment_status":"open","ping_status":"closed","template":"","meta":{"inline_featured_image":false},"product_brand":[],"product_cat":[129,117,119],"product_tag":[],"class_list":{"0":"post-13020","1":"product","2":"type-product","3":"status-publish","4":"has-post-thumbnail","6":"product_cat-container-bar","7":"product_cat-containers","8":"product_cat-conteneurs-neufs-et-occasions","10":"first","11":"instock","12":"sale","13":"taxable","14":"shipping-taxable","15":"product-type-simple"},"_links":{"self":[{"href":"https:\/\/cms-euro.com\/index.php?rest_route=\/wp\/v2\/product\/13020","targetHints":{"allow":["GET"]}}],"collection":[{"href":"https:\/\/cms-euro.com\/index.php?rest_route=\/wp\/v2\/product"}],"about":[{"href":"https:\/\/cms-euro.com\/index.php?rest_route=\/wp\/v2\/types\/product"}],"replies":[{"embeddable":true,"href":"https:\/\/cms-euro.com\/index.php?rest_route=%2Fwp%2Fv2%2Fcomments&post=13020"}],"version-history":[{"count":1,"href":"https:\/\/cms-euro.com\/index.php?rest_route=\/wp\/v2\/product\/13020\/revisions"}],"predecessor-version":[{"id":13030,"href":"https:\/\/cms-euro.com\/index.php?rest_route=\/wp\/v2\/product\/13020\/revisions\/13030"}],"wp:featuredmedia":[{"embeddable":true,"href":"https:\/\/cms-euro.com\/index.php?rest_route=\/wp\/v2\/media\/13029"}],"wp:attachment":[{"href":"https:\/\/cms-euro.com\/index.php?rest_route=%2Fwp%2Fv2%2Fmedia&parent=13020"}],"wp:term":[{"taxonomy":"product_brand","embeddable":true,"href":"https:\/\/cms-euro.com\/index.php?rest_route=%2Fwp%2Fv2%2Fproduct_brand&post=13020"},{"taxonomy":"product_cat","embeddable":true,"href":"https:\/\/cms-euro.com\/index.php?rest_route=%2Fwp%2Fv2%2Fproduct_cat&post=13020"},{"taxonomy":"product_tag","embeddable":true,"href":"https:\/\/cms-euro.com\/index.php?rest_route=%2Fwp%2Fv2%2Fproduct_tag&post=13020"}],"curies":[{"name":"wp","href":"https:\/\/api.w.org\/{rel}","templated":true}]}}