{"id":13031,"date":"2025-07-28T13:58:53","date_gmt":"2025-07-28T13:58:53","guid":{"rendered":"https:\/\/cms-euro.com\/?post_type=product&#038;p=13031"},"modified":"2025-07-28T13:58:53","modified_gmt":"2025-07-28T13:58:53","slug":"remorque-porte-touret-neuf-2025-3-500-kg","status":"publish","type":"product","link":"https:\/\/cms-euro.com\/?product=remorque-porte-touret-neuf-2025-3-500-kg","title":{"rendered":"Remorque porte-touret neuf 2025 3 500 kg"},"content":{"rendered":"","protected":false},"excerpt":{"rendered":"<ul>\n<li data-start=\"109\" data-end=\"145\"><strong data-start=\"111\" data-end=\"121\">Type :<\/strong>\u00a0Remorque porte-touret<\/li>\n<li data-start=\"146\" data-end=\"181\"><strong data-start=\"148\" data-end=\"174\">Ann\u00e9e de fabrication :<\/strong>\u00a02025<\/li>\n<li data-start=\"182\" data-end=\"229\"><strong data-start=\"184\" data-end=\"218\">Poids total en charge (PTAC) :<\/strong>\u00a03 500 kg<\/li>\n<li data-start=\"230\" data-end=\"273\"><strong data-start=\"232\" data-end=\"262\">Capacit\u00e9 de charge utile :<\/strong>\u00a02 450 kg<\/li>\n<li data-start=\"274\" data-end=\"354\"><strong data-start=\"276\" data-end=\"291\">Structure :<\/strong>\u00a0Acier galvanis\u00e9 pour une meilleure r\u00e9sistance \u00e0 la corrosion<\/li>\n<li data-start=\"355\" data-end=\"420\"><strong data-start=\"357\" data-end=\"370\">Essieux :<\/strong>\u00a0Double essieu robuste avec suspension renforc\u00e9e<\/li>\n<li data-start=\"421\" data-end=\"491\"><strong data-start=\"423\" data-end=\"437\">Freinage :<\/strong>\u00a0Syst\u00e8me de frein \u00e0 inertie + frein de stationnement<\/li>\n<li data-start=\"492\" data-end=\"575\"><strong data-start=\"494\" data-end=\"518\">Syst\u00e8me d\u2019arrimage :<\/strong>\u00a0Supports r\u00e9glables pour tourets de diff\u00e9rentes tailles<\/li>\n<li data-start=\"576\" data-end=\"630\"><strong data-start=\"578\" data-end=\"592\">Attelage :<\/strong>\u00a0Anneau ou boule selon configuration<\/li>\n<\/ul>\n<h3 data-start=\"637\" data-end=\"680\"><strong data-start=\"641\" data-end=\"678\">Caract\u00e9ristiques et avantages :<\/strong><\/h3>\n<p data-start=\"681\" data-end=\"1215\">\u2714\u00a0<strong data-start=\"683\" data-end=\"705\">Capacit\u00e9 optimis\u00e9e<\/strong>\u00a0: Charge utile de\u00a0<strong data-start=\"724\" data-end=\"736\">2 450 kg<\/strong>, id\u00e9ale pour le transport de c\u00e2bles ou flexibles industriels.<br data-start=\"798\" data-end=\"801\" \/>\u2714\u00a0<strong data-start=\"803\" data-end=\"823\">Ch\u00e2ssis renforc\u00e9<\/strong>\u00a0: Conception robuste garantissant une longue dur\u00e9e de vie m\u00eame en conditions difficiles.<br data-start=\"912\" data-end=\"915\" \/>\u2714\u00a0<strong data-start=\"917\" data-end=\"943\">Facilit\u00e9 d\u2019utilisation<\/strong>\u00a0: Syst\u00e8me d\u2019arrimage adaptable pour s\u00e9curiser les tourets de diff\u00e9rentes tailles.<br data-start=\"1025\" data-end=\"1028\" \/>\u2714\u00a0<strong data-start=\"1030\" data-end=\"1052\">S\u00e9curit\u00e9 am\u00e9lior\u00e9e<\/strong>\u00a0: Freinage performant et stabilit\u00e9 accrue gr\u00e2ce aux\u00a0<strong data-start=\"1105\" data-end=\"1121\">deux essieux<\/strong>.<br data-start=\"1122\" data-end=\"1125\" \/>\u2714\u00a0<strong data-start=\"1127\" data-end=\"1155\">Conformit\u00e9 r\u00e9glementaire<\/strong>\u00a0: Homologu\u00e9 pour un usage routier en\u00a0<strong data-start=\"1193\" data-end=\"1212\">3,5 tonnes PTAC<\/strong>.<\/p>\n","protected":false},"featured_media":13038,"comment_status":"open","ping_status":"closed","template":"","meta":{"inline_featured_image":false},"product_brand":[],"product_cat":[117,126,105,112],"product_tag":[],"class_list":{"0":"post-13031","1":"product","2":"type-product","3":"status-publish","4":"has-post-thumbnail","6":"product_cat-containers","7":"product_cat-conteneurs-neufs-et-occasions-containers","8":"product_cat-remorques","9":"product_cat-remorques-containers-remorques","11":"first","12":"instock","13":"sale","14":"taxable","15":"shipping-taxable","16":"product-type-simple"},"_links":{"self":[{"href":"https:\/\/cms-euro.com\/index.php?rest_route=\/wp\/v2\/product\/13031","targetHints":{"allow":["GET"]}}],"collection":[{"href":"https:\/\/cms-euro.com\/index.php?rest_route=\/wp\/v2\/product"}],"about":[{"href":"https:\/\/cms-euro.com\/index.php?rest_route=\/wp\/v2\/types\/product"}],"replies":[{"embeddable":true,"href":"https:\/\/cms-euro.com\/index.php?rest_route=%2Fwp%2Fv2%2Fcomments&post=13031"}],"version-history":[{"count":1,"href":"https:\/\/cms-euro.com\/index.php?rest_route=\/wp\/v2\/product\/13031\/revisions"}],"predecessor-version":[{"id":13041,"href":"https:\/\/cms-euro.com\/index.php?rest_route=\/wp\/v2\/product\/13031\/revisions\/13041"}],"wp:featuredmedia":[{"embeddable":true,"href":"https:\/\/cms-euro.com\/index.php?rest_route=\/wp\/v2\/media\/13038"}],"wp:attachment":[{"href":"https:\/\/cms-euro.com\/index.php?rest_route=%2Fwp%2Fv2%2Fmedia&parent=13031"}],"wp:term":[{"taxonomy":"product_brand","embeddable":true,"href":"https:\/\/cms-euro.com\/index.php?rest_route=%2Fwp%2Fv2%2Fproduct_brand&post=13031"},{"taxonomy":"product_cat","embeddable":true,"href":"https:\/\/cms-euro.com\/index.php?rest_route=%2Fwp%2Fv2%2Fproduct_cat&post=13031"},{"taxonomy":"product_tag","embeddable":true,"href":"https:\/\/cms-euro.com\/index.php?rest_route=%2Fwp%2Fv2%2Fproduct_tag&post=13031"}],"curies":[{"name":"wp","href":"https:\/\/api.w.org\/{rel}","templated":true}]}}