{"id":13072,"date":"2025-07-29T00:45:05","date_gmt":"2025-07-29T00:45:05","guid":{"rendered":"https:\/\/cms-euro.com\/?post_type=product&#038;p=13072"},"modified":"2025-07-29T00:45:36","modified_gmt":"2025-07-29T00:45:36","slug":"remorque-ifor-williams-ct-167-3t5","status":"publish","type":"product","link":"https:\/\/cms-euro.com\/?product=remorque-ifor-williams-ct-167-3t5","title":{"rendered":"Remorque ifor williams ct 167 3t5"},"content":{"rendered":"","protected":false},"excerpt":{"rendered":"<p>Type : Remorque<br \/>\nMarque : Ifor Williams<br \/>\nMod\u00e8le : CT 167<br \/>\nAnn\u00e9e : 2023<br \/>\n\u00c9tat : Neuf<\/p>\n<p><strong>Description<\/strong><\/p>\n<p>\u00c9galement disponible en location longue dur\u00e9e sur 3 ans*<br \/>\nDisponible en diff\u00e9rentes tailles, contactez-nous<\/p>\n<p>Dimensions utiles : 4,77 m x 2,25 m<br \/>\nPoids total : 3500 kg<br \/>\nCharge utile : 2515 kg<br \/>\nPneus : 195\/60R12C<\/p>\n<p><strong>Remorque \u00e0 double essieu, \u00e9quip\u00e9e de :+<\/strong><br \/>\n\u2013 Plancher en r\u00e9sine marine,<br \/>\n\u2013 Ch\u00e2ssis et timon en acier galvanis\u00e9,<br \/>\n\u2013 Essieux \u00e0 poutre,<br \/>\n\u2013 Suspensions \u00e0 ressorts \u00e0 lames,<br \/>\n\u2013 Timon en V boulonn\u00e9,<br \/>\n\u2013 Pompe hydraulique,<br \/>\n\u2013 Angle d\u2019inclinaison de 12\u00b0<\/p>\n<p><strong>Options disponibles :<\/strong><br \/>\n\u2013 Parois lat\u00e9rales avant, arri\u00e8re et lat\u00e9rales,<br \/>\n\u2013 Rampe arri\u00e8re rabattable 90 cm<br \/>\n\u2013 Buffet avant,<br \/>\n\u2013 Roue de secours,<br \/>\n\u2013 Cadre \u00e9chelle<\/p>\n<p>Livr\u00e9 avec :<br \/>\n\u2013 Ses papiers allemands d\u2019origine<br \/>\n\u2013 La facture d\u2019achat originale \u00e0 votre nom<\/p>\n","protected":false},"featured_media":13075,"comment_status":"open","ping_status":"closed","template":"","meta":{"inline_featured_image":false},"product_brand":[],"product_cat":[130,105,112],"product_tag":[],"class_list":{"0":"post-13072","1":"product","2":"type-product","3":"status-publish","4":"has-post-thumbnail","6":"product_cat-remorque-voiture","7":"product_cat-remorques","8":"product_cat-remorques-containers-remorques","10":"first","11":"instock","12":"sale","13":"taxable","14":"shipping-taxable","15":"product-type-simple"},"_links":{"self":[{"href":"https:\/\/cms-euro.com\/index.php?rest_route=\/wp\/v2\/product\/13072","targetHints":{"allow":["GET"]}}],"collection":[{"href":"https:\/\/cms-euro.com\/index.php?rest_route=\/wp\/v2\/product"}],"about":[{"href":"https:\/\/cms-euro.com\/index.php?rest_route=\/wp\/v2\/types\/product"}],"replies":[{"embeddable":true,"href":"https:\/\/cms-euro.com\/index.php?rest_route=%2Fwp%2Fv2%2Fcomments&post=13072"}],"version-history":[{"count":1,"href":"https:\/\/cms-euro.com\/index.php?rest_route=\/wp\/v2\/product\/13072\/revisions"}],"predecessor-version":[{"id":13077,"href":"https:\/\/cms-euro.com\/index.php?rest_route=\/wp\/v2\/product\/13072\/revisions\/13077"}],"wp:featuredmedia":[{"embeddable":true,"href":"https:\/\/cms-euro.com\/index.php?rest_route=\/wp\/v2\/media\/13075"}],"wp:attachment":[{"href":"https:\/\/cms-euro.com\/index.php?rest_route=%2Fwp%2Fv2%2Fmedia&parent=13072"}],"wp:term":[{"taxonomy":"product_brand","embeddable":true,"href":"https:\/\/cms-euro.com\/index.php?rest_route=%2Fwp%2Fv2%2Fproduct_brand&post=13072"},{"taxonomy":"product_cat","embeddable":true,"href":"https:\/\/cms-euro.com\/index.php?rest_route=%2Fwp%2Fv2%2Fproduct_cat&post=13072"},{"taxonomy":"product_tag","embeddable":true,"href":"https:\/\/cms-euro.com\/index.php?rest_route=%2Fwp%2Fv2%2Fproduct_tag&post=13072"}],"curies":[{"name":"wp","href":"https:\/\/api.w.org\/{rel}","templated":true}]}}