{"id":9849,"date":"2025-05-07T18:34:58","date_gmt":"2025-05-07T18:34:58","guid":{"rendered":"https:\/\/cftmaritime.com\/fr\/?post_type=product&#038;p=9849"},"modified":"2025-05-07T18:35:11","modified_gmt":"2025-05-07T18:35:11","slug":"conteneur-maritime-de-40-pieds-double-door-dd","status":"publish","type":"product","link":"https:\/\/cms-euro.com\/?product=conteneur-maritime-de-40-pieds-double-door-dd","title":{"rendered":"Conteneur Maritime de 40 Pieds Double Door (DD)"},"content":{"rendered":"<ul class=\"YInLPU\" data-hook=\"collapse-info-section\">\n<li class=\"KHWbzo undefined\" data-hook=\"collapse-info-item\">\n<h2 class=\"siY6cjJ o__7LzZUg---typography-11-runningText o__7LzZUg---priority-7-primary _HOcyB x4nptw sxbtulv\" aria-hidden=\"false\" data-hook=\"info-section-title\">Informations sur le produit<\/h2>\n<div class=\"aecizt QfrfFD cell\"><\/div>\n<div class=\"rah-static rah-static--height-auto\" aria-hidden=\"false\">\n<div>\n<div class=\"ulKuLk QfrfFD cell\">\n<div class=\"zp8uy2\" data-hook=\"info-section-description\">\n<p><strong>Caract\u00e9ristiques G\u00e9n\u00e9rales<\/strong><\/p>\n<ul>\n<li><strong>Type<\/strong>\u00a0: Conteneur maritime dry (sec) avec double porte<\/li>\n<li><strong>Norme<\/strong>\u00a0: ISO et IICL (qualit\u00e9 et durabilit\u00e9 maximales)<\/li>\n<li><strong>Mat\u00e9riau<\/strong>\u00a0: Acier corten robuste, con\u00e7u pour\u00a0<strong>r\u00e9sister aux conditions extr\u00eames et aux charges lourdes<\/strong><\/li>\n<li><strong>Structure<\/strong>\u00a0:\n<ul>\n<li><strong>Parois ondul\u00e9es renforc\u00e9es<\/strong>\u00a0pour une solidit\u00e9 accrue<\/li>\n<li><strong>Anneaux d\u2019arrimage int\u00e9rieurs et ext\u00e9rieurs<\/strong>\u00a0pour s\u00e9curiser la cargaison<\/li>\n<\/ul>\n<\/li>\n<li><strong>Plancher<\/strong>\u00a0: Contreplaqu\u00e9 marin antid\u00e9rapant, con\u00e7u pour supporter de lourdes charges<\/li>\n<li><strong>Portes<\/strong>\u00a0:\n<ul>\n<li><strong>Double porte \u00e0 chaque extr\u00e9mit\u00e9<\/strong>, facilitant\u00a0<strong>l\u2019acc\u00e8s aux marchandises des deux c\u00f4t\u00e9s<\/strong><\/li>\n<li><strong>Syst\u00e8me de fermeture s\u00e9curis\u00e9<\/strong>\u00a0avec barres de verrouillage robustes<\/li>\n<\/ul>\n<\/li>\n<li><strong>\u00c9tanch\u00e9it\u00e9<\/strong>\u00a0: 100 % herm\u00e9tique, prot\u00e9g\u00e9 contre\u00a0<strong>l\u2019humidit\u00e9 et la corrosion<\/strong><\/li>\n<\/ul>\n<p><strong>Dimensions Ext\u00e9rieures<\/strong><\/p>\n<ul>\n<li><strong>Longueur<\/strong>\u00a0: 12,19 m (40&rsquo;0&Prime;)<\/li>\n<li><strong>Largeur<\/strong>\u00a0: 2,44 m (8&rsquo;0&Prime;)<\/li>\n<li><strong>Hauteur<\/strong>\u00a0: 2,59 m (8&rsquo;6&Prime;)<\/li>\n<\/ul>\n<p><strong>Dimensions Int\u00e9rieures<\/strong><\/p>\n<ul>\n<li><strong>Longueur<\/strong>\u00a0: 12,00 m (39&rsquo;4&Prime;)<\/li>\n<li><strong>Largeur<\/strong>\u00a0: 2,35 m (7&rsquo;9&Prime;)<\/li>\n<li><strong>Hauteur<\/strong>\u00a0: 2,39 m (7&rsquo;10\u00a0\u00bb)<\/li>\n<\/ul>\n<p><strong>Capacit\u00e9 et Charge Maximale<\/strong><\/p>\n<ul>\n<li><strong>Volume int\u00e9rieur<\/strong>\u00a0: Environ 67,7 m\u00b3<\/li>\n<li><strong>Poids \u00e0 vide<\/strong>\u00a0: 3 500 \u2013 3 900 kg (selon le mod\u00e8le)<\/li>\n<li><strong>Charge utile maximale<\/strong>\u00a0: 28 000 kg<\/li>\n<\/ul>\n<p><strong>Usages et Applications<\/strong><\/p>\n<ul>\n<li>Transport de marchandises volumineuses : acc\u00e8s facilit\u00e9 gr\u00e2ce aux deux jeux de portes situ\u00e9s aux extr\u00e9mit\u00e9s<\/li>\n<li>Stockage optimis\u00e9 : id\u00e9al pour entreposer des \u00e9quipements industriels, mat\u00e9riaux de construction et marchandises n\u00e9cessitant un acc\u00e8s rapide des deux c\u00f4t\u00e9s<\/li>\n<li>Logistique et entrep\u00f4t mobile : am\u00e9liore l\u2019efficacit\u00e9 du chargement et du d\u00e9chargement pour les entreprises du secteur logistique et industriel<\/li>\n<li>Solutions modulaires : peut \u00eatre transform\u00e9 en atelier, bureau, kiosque, local technique ou espace de travail mobile<\/li>\n<\/ul>\n<p><strong>Avantages<\/strong><\/p>\n<ul>\n<li>Double acc\u00e8s permettant un chargement et un d\u00e9chargement rapides<\/li>\n<li>Grande capacit\u00e9 de stockage, id\u00e9al pour les marchandises en vrac ou les \u00e9quipements volumineux<\/li>\n<li>Norme IICL &amp; ISO assurant une haute qualit\u00e9 et une longue dur\u00e9e de vie<\/li>\n<li>S\u00e9curit\u00e9 renforc\u00e9e avec un syst\u00e8me de verrouillage robuste pour une protection optimale contre le vol<\/li>\n<li>\u00c9tanch\u00e9it\u00e9 et robustesse garantissant une protection contre l\u2019humidit\u00e9, la corrosion et les conditions climatiques extr\u00eames<\/li>\n<li>Facilit\u00e9 de manutention, compatible avec grue, chariot \u00e9l\u00e9vateur et transpalette<\/li>\n<\/ul>\n<p><strong>Conclusion<\/strong><\/p>\n<p>Le\u00a0<strong>conteneur maritime de 40 pieds Double Door (DD)<\/strong>\u00a0est une solution performante et polyvalente, con\u00e7ue pour\u00a0<strong>faciliter l\u2019acc\u00e8s aux marchandises et optimiser les flux logistiques<\/strong>. Son\u00a0<strong>double acc\u00e8s, sa robustesse et sa capacit\u00e9 de stockage importante<\/strong>\u00a0en font un\u00a0<strong>investissement strat\u00e9gique pour les secteurs logistique, industriel et du BTP<\/strong>\u00a0n\u00e9cessitant une\u00a0<strong>manutention rapide et efficace<\/strong>.<\/p>\n<\/div>\n<\/div>\n<\/div>\n<\/div>\n<\/li>\n<li class=\"KHWbzo undefined\" data-hook=\"collapse-info-item\">\n<h2 class=\"siY6cjJ o__7LzZUg---typography-11-runningText o__7LzZUg---priority-7-primary _HOcyB x4nptw sxbtulv\" aria-hidden=\"false\" data-hook=\"info-section-title\">Politique d&rsquo;exp\u00e9dition et de retour<\/h2>\n<div class=\"aecizt QfrfFD cell\"><\/div>\n<div class=\"rah-static rah-static--height-auto\" aria-hidden=\"false\">\n<div>\n<div class=\"ulKuLk QfrfFD cell\">\n<div class=\"zp8uy2\" data-hook=\"info-section-description\">\n<ul>\n<li>Livraison gratuite en France<\/li>\n<li>Paiement s\u00e9curis\u00e9<\/li>\n<li>Politique de retour de 30 jours<\/li>\n<\/ul>\n<\/div>\n<\/div>\n<\/div>\n<\/div>\n<\/li>\n<\/ul>\n","protected":false},"excerpt":{"rendered":"<p>Le\u00a0<strong>conteneur maritime de 40 pieds Double Door (DD)<\/strong>\u00a0est con\u00e7u pour offrir un\u00a0<strong>acc\u00e8s optimis\u00e9 aux marchandises gr\u00e2ce \u00e0 ses portes situ\u00e9es aux deux extr\u00e9mit\u00e9s<\/strong>. Cette configuration facilite le\u00a0<strong>chargement et le d\u00e9chargement<\/strong>, permettant d\u2019acc\u00e9der rapidement aux marchandises sans avoir \u00e0 d\u00e9placer tout le contenu. Fabriqu\u00e9 en\u00a0<strong>acier corten haute r\u00e9sistance<\/strong>, ce conteneur garantit une\u00a0<strong>durabilit\u00e9 optimale, une protection contre la corrosion et une grande robustesse<\/strong>. Sa\u00a0<strong>grande capacit\u00e9 de stockage<\/strong>\u00a0en fait une solution id\u00e9ale pour\u00a0<strong>le transport de marchandises en grande quantit\u00e9, le stockage s\u00e9curis\u00e9 et les am\u00e9nagements modulaires<\/strong>.<\/p>\n","protected":false},"featured_media":9884,"comment_status":"open","ping_status":"closed","template":"","meta":{"inline_featured_image":false},"product_brand":[],"product_cat":[103],"product_tag":[],"class_list":{"0":"post-9849","1":"product","2":"type-product","3":"status-publish","4":"has-post-thumbnail","6":"product_cat-conteneur-neuf-et-occasions","8":"first","9":"instock","10":"taxable","11":"shipping-taxable","12":"product-type-simple"},"_links":{"self":[{"href":"https:\/\/cms-euro.com\/index.php?rest_route=\/wp\/v2\/product\/9849","targetHints":{"allow":["GET"]}}],"collection":[{"href":"https:\/\/cms-euro.com\/index.php?rest_route=\/wp\/v2\/product"}],"about":[{"href":"https:\/\/cms-euro.com\/index.php?rest_route=\/wp\/v2\/types\/product"}],"replies":[{"embeddable":true,"href":"https:\/\/cms-euro.com\/index.php?rest_route=%2Fwp%2Fv2%2Fcomments&post=9849"}],"version-history":[{"count":0,"href":"https:\/\/cms-euro.com\/index.php?rest_route=\/wp\/v2\/product\/9849\/revisions"}],"wp:featuredmedia":[{"embeddable":true,"href":"https:\/\/cms-euro.com\/index.php?rest_route=\/wp\/v2\/media\/9884"}],"wp:attachment":[{"href":"https:\/\/cms-euro.com\/index.php?rest_route=%2Fwp%2Fv2%2Fmedia&parent=9849"}],"wp:term":[{"taxonomy":"product_brand","embeddable":true,"href":"https:\/\/cms-euro.com\/index.php?rest_route=%2Fwp%2Fv2%2Fproduct_brand&post=9849"},{"taxonomy":"product_cat","embeddable":true,"href":"https:\/\/cms-euro.com\/index.php?rest_route=%2Fwp%2Fv2%2Fproduct_cat&post=9849"},{"taxonomy":"product_tag","embeddable":true,"href":"https:\/\/cms-euro.com\/index.php?rest_route=%2Fwp%2Fv2%2Fproduct_tag&post=9849"}],"curies":[{"name":"wp","href":"https:\/\/api.w.org\/{rel}","templated":true}]}}