{"id":9854,"date":"2025-05-07T18:34:58","date_gmt":"2025-05-07T18:34:58","guid":{"rendered":"https:\/\/cftmaritime.com\/fr\/?post_type=product&#038;p=9854"},"modified":"2025-05-07T18:35:29","modified_gmt":"2025-05-07T18:35:29","slug":"bergline-lodge-1100-2","status":"publish","type":"product","link":"https:\/\/cms-euro.com\/?product=bergline-lodge-1100-2","title":{"rendered":"Bergline Lodge 1100\/2"},"content":{"rendered":"<ul>\n<li>\n<ul>\n<li>Options de base<\/li>\n<li>\u00a0Hotte aspirante<\/li>\n<li>\u00a0Lampe d\u2019ext\u00e9rieur<\/li>\n<li>\u00a0Chauffage central<\/li>\n<li>\u00a0Plancher de vinyle complet<\/li>\n<li>\u00a0Double vitrage<\/li>\n<li>\u00a0Rideaux<\/li>\n<li>\u00a0Grande cabine de douche<\/li>\n<li>\u00a0R\u00e9frig\u00e9rateur int\u00e9gr\u00e9 88 cm avec compartiment cong\u00e9lateur<\/li>\n<li>\u00a0Encadrements de fen\u00eatres en PVC<\/li>\n<li>\u00a0Fa\u00e7ade ext\u00e9rieure en PVC<\/li>\n<li>\u00a0Goutti\u00e8res en PVC avec tuyaux d\u2019\u00e9vacuation<\/li>\n<li>\u00a0PVC Trappes<\/li>\n<li>\u00a0Tables de chevet<\/li>\n<li>\u00a0Toit en tuiles d\u2019acier<\/li>\n<li>\u00a0Plaque de cuisson 4 feux<\/li>\n<li>\u00a0Porte(s) patio<\/li>\n<li>\u00a0Connexion TV<\/li>\n<li>\u00a0Plafond pointu<\/li>\n<li>\u00a0D\u00e9tecteur de fum\u00e9e<\/li>\n<\/ul>\n<\/li>\n<\/ul>\n<p>&nbsp;<\/p>\n<ul>\n<li>\n<ul>\n<li>Options possibles<\/li>\n<li>\u00a0R\u00e9frig\u00e9rateur int\u00e9gr\u00e9 122 cm avec compartiment cong\u00e9lateur<\/li>\n<li>\u00a0Combinaison r\u00e9frig\u00e9rateur\/cong\u00e9lateur int\u00e9gr\u00e9e 70\/30<\/li>\n<li>\u00a0Cuisini\u00e8re de luxe avec four \/ gril inclus<\/li>\n<li>\u00a0Moustiquaire<\/li>\n<li>\u00a0Lave-vaisselle<\/li>\n<li>\u00a0Raccordement machine \u00e0 laver<\/li>\n<\/ul>\n<\/li>\n<\/ul>\n","protected":false},"excerpt":{"rendered":"<p>Le Bergline Lodge a \u00e9t\u00e9 soigneusement s\u00e9lectionn\u00e9 et est extr\u00eamement populaire en raison de son excellent rapport qualit\u00e9\/prix ! Les grandes portes de terrasse et les grandes fen\u00eatres devant le mobil-home cr\u00e9ent beaucoup de lumi\u00e8re. Le Bergline Lodge se caract\u00e9rise par les trappes modernes \u00e0 l\u2019avant du mobil-home !<\/p>\n<p>Ce mobil-home est tr\u00e8s populaire aupr\u00e8s des familles et offre encore plus de possibilit\u00e9s en plus des nombreuses options standard. Int\u00e9ress\u00e9 est le Bergline Lodge ? N\u2019h\u00e9sitez pas \u00e0 nous contacter pour plus d\u2019informations !<\/p>\n","protected":false},"featured_media":9944,"comment_status":"open","ping_status":"closed","template":"","meta":{"inline_featured_image":false},"product_brand":[],"product_cat":[104],"product_tag":[],"class_list":{"0":"post-9854","1":"product","2":"type-product","3":"status-publish","4":"has-post-thumbnail","6":"product_cat-mobile-home","8":"first","9":"instock","10":"sale","11":"taxable","12":"shipping-taxable","13":"product-type-simple"},"_links":{"self":[{"href":"https:\/\/cms-euro.com\/index.php?rest_route=\/wp\/v2\/product\/9854","targetHints":{"allow":["GET"]}}],"collection":[{"href":"https:\/\/cms-euro.com\/index.php?rest_route=\/wp\/v2\/product"}],"about":[{"href":"https:\/\/cms-euro.com\/index.php?rest_route=\/wp\/v2\/types\/product"}],"replies":[{"embeddable":true,"href":"https:\/\/cms-euro.com\/index.php?rest_route=%2Fwp%2Fv2%2Fcomments&post=9854"}],"version-history":[{"count":0,"href":"https:\/\/cms-euro.com\/index.php?rest_route=\/wp\/v2\/product\/9854\/revisions"}],"wp:featuredmedia":[{"embeddable":true,"href":"https:\/\/cms-euro.com\/index.php?rest_route=\/wp\/v2\/media\/9944"}],"wp:attachment":[{"href":"https:\/\/cms-euro.com\/index.php?rest_route=%2Fwp%2Fv2%2Fmedia&parent=9854"}],"wp:term":[{"taxonomy":"product_brand","embeddable":true,"href":"https:\/\/cms-euro.com\/index.php?rest_route=%2Fwp%2Fv2%2Fproduct_brand&post=9854"},{"taxonomy":"product_cat","embeddable":true,"href":"https:\/\/cms-euro.com\/index.php?rest_route=%2Fwp%2Fv2%2Fproduct_cat&post=9854"},{"taxonomy":"product_tag","embeddable":true,"href":"https:\/\/cms-euro.com\/index.php?rest_route=%2Fwp%2Fv2%2Fproduct_tag&post=9854"}],"curies":[{"name":"wp","href":"https:\/\/api.w.org\/{rel}","templated":true}]}}